{"id":2157,"date":"2022-03-08T09:20:10","date_gmt":"2022-03-08T09:20:10","guid":{"rendered":"https:\/\/agritek.co.nz\/spanish\/?post_type=product&#038;p=2157"},"modified":"2022-11-18T04:19:04","modified_gmt":"2022-11-18T04:19:04","slug":"bio-sustain","status":"publish","type":"product","link":"http:\/\/agritek.co.nz\/spanish\/product\/bio-sustain\/","title":{"rendered":"Bio-Sustain"},"content":{"rendered":"<p>Bio-sustain es un biofertilizante microbiano l\u00edquido, alimento vegetal y enmienda del suelo en un producto f\u00e1cil de usar<\/p>\n","protected":false},"excerpt":{"rendered":"<p>Un biofertilizante microbiano l\u00edquido, alimento vegetal y enmienda del suelo en un producto f\u00e1cil de usar<\/p>\n","protected":false},"featured_media":2183,"comment_status":"closed","ping_status":"closed","template":"","meta":{"_acf_changed":false},"product_brand":[],"product_cat":[25,32],"product_tag":[],"class_list":{"0":"post-2157","1":"product","2":"type-product","3":"status-publish","4":"has-post-thumbnail","6":"product_cat-all","7":"product_cat-bio-fertilizante","9":"first","10":"instock","11":"taxable","12":"shipping-taxable","13":"purchasable","14":"product-type-variable"},"acf":[],"yoast_head":"<!-- This site is optimized with the Yoast SEO plugin v27.2 - https:\/\/yoast.com\/product\/yoast-seo-wordpress\/ -->\n<title>Bio-Sustain - Agritek Sustainable Solutions<\/title>\n<meta name=\"description\" content=\"Bio-Sustain es un biofertilizante microbiano l\u00edquido, alimento vegetal y enmienda del suelo en un producto f\u00e1cil de usar. Compra ahora desde aqu\u00ed.\" \/>\n<meta name=\"robots\" content=\"index, follow, max-snippet:-1, max-image-preview:large, max-video-preview:-1\" \/>\n<link rel=\"canonical\" href=\"https:\/\/agritek.co.nz\/spanish\/product\/bio-sustain\/\" \/>\n<meta property=\"og:locale\" content=\"en_US\" \/>\n<meta property=\"og:type\" content=\"article\" \/>\n<meta property=\"og:title\" content=\"Bio-Sustain - Agritek Sustainable Solutions\" \/>\n<meta property=\"og:description\" content=\"Bio-Sustain es un biofertilizante microbiano l\u00edquido, alimento vegetal y enmienda del suelo en un producto f\u00e1cil de usar. Compra ahora desde aqu\u00ed.\" \/>\n<meta property=\"og:url\" content=\"https:\/\/agritek.co.nz\/spanish\/product\/bio-sustain\/\" \/>\n<meta property=\"og:site_name\" content=\"Agritek\" \/>\n<meta property=\"article:publisher\" content=\"https:\/\/www.facebook.com\/agriteknz\/\" \/>\n<meta property=\"article:modified_time\" content=\"2022-11-18T04:19:04+00:00\" \/>\n<meta property=\"og:image\" content=\"https:\/\/agritek.co.nz\/spanish\/wp-content\/uploads\/2022\/03\/Bio-Sustain-1-e1601518517348.png\" \/>\n\t<meta property=\"og:image:width\" content=\"1024\" \/>\n\t<meta property=\"og:image:height\" content=\"910\" \/>\n\t<meta property=\"og:image:type\" content=\"image\/png\" \/>\n<meta name=\"twitter:card\" content=\"summary_large_image\" \/>\n<meta name=\"twitter:label1\" content=\"Est. reading time\" \/>\n\t<meta name=\"twitter:data1\" content=\"1 minute\" \/>\n<script type=\"application\/ld+json\" class=\"yoast-schema-graph\">{\"@context\":\"https:\/\/schema.org\",\"@graph\":[{\"@type\":\"WebPage\",\"@id\":\"https:\/\/agritek.co.nz\/spanish\/product\/bio-sustain\/\",\"url\":\"https:\/\/agritek.co.nz\/spanish\/product\/bio-sustain\/\",\"name\":\"Bio-Sustain - Agritek Sustainable Solutions\",\"isPartOf\":{\"@id\":\"https:\/\/agritek.co.nz\/spanish\/#website\"},\"primaryImageOfPage\":{\"@id\":\"https:\/\/agritek.co.nz\/spanish\/product\/bio-sustain\/#primaryimage\"},\"image\":{\"@id\":\"https:\/\/agritek.co.nz\/spanish\/product\/bio-sustain\/#primaryimage\"},\"thumbnailUrl\":\"http:\/\/agritek.co.nz\/spanish\/wp-content\/uploads\/2022\/03\/Bio-Sustain-1-e1601518517348.png\",\"datePublished\":\"2022-03-08T09:20:10+00:00\",\"dateModified\":\"2022-11-18T04:19:04+00:00\",\"description\":\"Bio-Sustain es un biofertilizante microbiano l\u00edquido, alimento vegetal y enmienda del suelo en un producto f\u00e1cil de usar. Compra ahora desde aqu\u00ed.\",\"breadcrumb\":{\"@id\":\"https:\/\/agritek.co.nz\/spanish\/product\/bio-sustain\/#breadcrumb\"},\"inLanguage\":\"en-US\",\"potentialAction\":[{\"@type\":\"ReadAction\",\"target\":[\"https:\/\/agritek.co.nz\/spanish\/product\/bio-sustain\/\"]}]},{\"@type\":\"ImageObject\",\"inLanguage\":\"en-US\",\"@id\":\"https:\/\/agritek.co.nz\/spanish\/product\/bio-sustain\/#primaryimage\",\"url\":\"http:\/\/agritek.co.nz\/spanish\/wp-content\/uploads\/2022\/03\/Bio-Sustain-1-e1601518517348.png\",\"contentUrl\":\"http:\/\/agritek.co.nz\/spanish\/wp-content\/uploads\/2022\/03\/Bio-Sustain-1-e1601518517348.png\",\"width\":1024,\"height\":910,\"caption\":\"Bio-Sustain\"},{\"@type\":\"BreadcrumbList\",\"@id\":\"https:\/\/agritek.co.nz\/spanish\/product\/bio-sustain\/#breadcrumb\",\"itemListElement\":[{\"@type\":\"ListItem\",\"position\":1,\"name\":\"Home\",\"item\":\"https:\/\/agritek.co.nz\/spanish\/\"},{\"@type\":\"ListItem\",\"position\":2,\"name\":\"shop\",\"item\":\"https:\/\/agritek.co.nz\/spanish\/shop\/\"},{\"@type\":\"ListItem\",\"position\":3,\"name\":\"Bio-Sustain\"}]},{\"@type\":\"WebSite\",\"@id\":\"https:\/\/agritek.co.nz\/spanish\/#website\",\"url\":\"https:\/\/agritek.co.nz\/spanish\/\",\"name\":\"Agritek\",\"description\":\"Soluciones Sostenibles\",\"publisher\":{\"@id\":\"https:\/\/agritek.co.nz\/spanish\/#organization\"},\"potentialAction\":[{\"@type\":\"SearchAction\",\"target\":{\"@type\":\"EntryPoint\",\"urlTemplate\":\"https:\/\/agritek.co.nz\/spanish\/?s={search_term_string}\"},\"query-input\":{\"@type\":\"PropertyValueSpecification\",\"valueRequired\":true,\"valueName\":\"search_term_string\"}}],\"inLanguage\":\"en-US\"},{\"@type\":\"Organization\",\"@id\":\"https:\/\/agritek.co.nz\/spanish\/#organization\",\"name\":\"Agritek\",\"url\":\"https:\/\/agritek.co.nz\/spanish\/\",\"logo\":{\"@type\":\"ImageObject\",\"inLanguage\":\"en-US\",\"@id\":\"https:\/\/agritek.co.nz\/spanish\/#\/schema\/logo\/image\/\",\"url\":\"https:\/\/agritek.co.nz\/spanish\/wp-content\/uploads\/2017\/12\/logo-1.png\",\"contentUrl\":\"https:\/\/agritek.co.nz\/spanish\/wp-content\/uploads\/2017\/12\/logo-1.png\",\"width\":317,\"height\":115,\"caption\":\"Agritek\"},\"image\":{\"@id\":\"https:\/\/agritek.co.nz\/spanish\/#\/schema\/logo\/image\/\"},\"sameAs\":[\"https:\/\/www.facebook.com\/agriteknz\/\"]}]}<\/script>\n<!-- \/ Yoast SEO plugin. -->","yoast_head_json":{"title":"Bio-Sustain - Agritek Sustainable Solutions","description":"Bio-Sustain es un biofertilizante microbiano l\u00edquido, alimento vegetal y enmienda del suelo en un producto f\u00e1cil de usar. Compra ahora desde aqu\u00ed.","robots":{"index":"index","follow":"follow","max-snippet":"max-snippet:-1","max-image-preview":"max-image-preview:large","max-video-preview":"max-video-preview:-1"},"canonical":"https:\/\/agritek.co.nz\/spanish\/product\/bio-sustain\/","og_locale":"en_US","og_type":"article","og_title":"Bio-Sustain - Agritek Sustainable Solutions","og_description":"Bio-Sustain es un biofertilizante microbiano l\u00edquido, alimento vegetal y enmienda del suelo en un producto f\u00e1cil de usar. Compra ahora desde aqu\u00ed.","og_url":"https:\/\/agritek.co.nz\/spanish\/product\/bio-sustain\/","og_site_name":"Agritek","article_publisher":"https:\/\/www.facebook.com\/agriteknz\/","article_modified_time":"2022-11-18T04:19:04+00:00","og_image":[{"width":1024,"height":910,"url":"https:\/\/agritek.co.nz\/spanish\/wp-content\/uploads\/2022\/03\/Bio-Sustain-1-e1601518517348.png","type":"image\/png"}],"twitter_card":"summary_large_image","twitter_misc":{"Est. reading time":"1 minute"},"schema":{"@context":"https:\/\/schema.org","@graph":[{"@type":"WebPage","@id":"https:\/\/agritek.co.nz\/spanish\/product\/bio-sustain\/","url":"https:\/\/agritek.co.nz\/spanish\/product\/bio-sustain\/","name":"Bio-Sustain - Agritek Sustainable Solutions","isPartOf":{"@id":"https:\/\/agritek.co.nz\/spanish\/#website"},"primaryImageOfPage":{"@id":"https:\/\/agritek.co.nz\/spanish\/product\/bio-sustain\/#primaryimage"},"image":{"@id":"https:\/\/agritek.co.nz\/spanish\/product\/bio-sustain\/#primaryimage"},"thumbnailUrl":"http:\/\/agritek.co.nz\/spanish\/wp-content\/uploads\/2022\/03\/Bio-Sustain-1-e1601518517348.png","datePublished":"2022-03-08T09:20:10+00:00","dateModified":"2022-11-18T04:19:04+00:00","description":"Bio-Sustain es un biofertilizante microbiano l\u00edquido, alimento vegetal y enmienda del suelo en un producto f\u00e1cil de usar. Compra ahora desde aqu\u00ed.","breadcrumb":{"@id":"https:\/\/agritek.co.nz\/spanish\/product\/bio-sustain\/#breadcrumb"},"inLanguage":"en-US","potentialAction":[{"@type":"ReadAction","target":["https:\/\/agritek.co.nz\/spanish\/product\/bio-sustain\/"]}]},{"@type":"ImageObject","inLanguage":"en-US","@id":"https:\/\/agritek.co.nz\/spanish\/product\/bio-sustain\/#primaryimage","url":"http:\/\/agritek.co.nz\/spanish\/wp-content\/uploads\/2022\/03\/Bio-Sustain-1-e1601518517348.png","contentUrl":"http:\/\/agritek.co.nz\/spanish\/wp-content\/uploads\/2022\/03\/Bio-Sustain-1-e1601518517348.png","width":1024,"height":910,"caption":"Bio-Sustain"},{"@type":"BreadcrumbList","@id":"https:\/\/agritek.co.nz\/spanish\/product\/bio-sustain\/#breadcrumb","itemListElement":[{"@type":"ListItem","position":1,"name":"Home","item":"https:\/\/agritek.co.nz\/spanish\/"},{"@type":"ListItem","position":2,"name":"shop","item":"https:\/\/agritek.co.nz\/spanish\/shop\/"},{"@type":"ListItem","position":3,"name":"Bio-Sustain"}]},{"@type":"WebSite","@id":"https:\/\/agritek.co.nz\/spanish\/#website","url":"https:\/\/agritek.co.nz\/spanish\/","name":"Agritek","description":"Soluciones Sostenibles","publisher":{"@id":"https:\/\/agritek.co.nz\/spanish\/#organization"},"potentialAction":[{"@type":"SearchAction","target":{"@type":"EntryPoint","urlTemplate":"https:\/\/agritek.co.nz\/spanish\/?s={search_term_string}"},"query-input":{"@type":"PropertyValueSpecification","valueRequired":true,"valueName":"search_term_string"}}],"inLanguage":"en-US"},{"@type":"Organization","@id":"https:\/\/agritek.co.nz\/spanish\/#organization","name":"Agritek","url":"https:\/\/agritek.co.nz\/spanish\/","logo":{"@type":"ImageObject","inLanguage":"en-US","@id":"https:\/\/agritek.co.nz\/spanish\/#\/schema\/logo\/image\/","url":"https:\/\/agritek.co.nz\/spanish\/wp-content\/uploads\/2017\/12\/logo-1.png","contentUrl":"https:\/\/agritek.co.nz\/spanish\/wp-content\/uploads\/2017\/12\/logo-1.png","width":317,"height":115,"caption":"Agritek"},"image":{"@id":"https:\/\/agritek.co.nz\/spanish\/#\/schema\/logo\/image\/"},"sameAs":["https:\/\/www.facebook.com\/agriteknz\/"]}]}},"_links":{"self":[{"href":"http:\/\/agritek.co.nz\/spanish\/wp-json\/wp\/v2\/product\/2157","targetHints":{"allow":["GET"]}}],"collection":[{"href":"http:\/\/agritek.co.nz\/spanish\/wp-json\/wp\/v2\/product"}],"about":[{"href":"http:\/\/agritek.co.nz\/spanish\/wp-json\/wp\/v2\/types\/product"}],"replies":[{"embeddable":true,"href":"http:\/\/agritek.co.nz\/spanish\/wp-json\/wp\/v2\/comments?post=2157"}],"wp:featuredmedia":[{"embeddable":true,"href":"http:\/\/agritek.co.nz\/spanish\/wp-json\/wp\/v2\/media\/2183"}],"wp:attachment":[{"href":"http:\/\/agritek.co.nz\/spanish\/wp-json\/wp\/v2\/media?parent=2157"}],"wp:term":[{"taxonomy":"product_brand","embeddable":true,"href":"http:\/\/agritek.co.nz\/spanish\/wp-json\/wp\/v2\/product_brand?post=2157"},{"taxonomy":"product_cat","embeddable":true,"href":"http:\/\/agritek.co.nz\/spanish\/wp-json\/wp\/v2\/product_cat?post=2157"},{"taxonomy":"product_tag","embeddable":true,"href":"http:\/\/agritek.co.nz\/spanish\/wp-json\/wp\/v2\/product_tag?post=2157"}],"curies":[{"name":"wp","href":"https:\/\/api.w.org\/{rel}","templated":true}]}}