{"id":827,"date":"2016-10-14T07:15:21","date_gmt":"2016-10-14T07:15:21","guid":{"rendered":"http:\/\/www.agritek.co.nz\/?page_id=827"},"modified":"2022-11-18T04:54:38","modified_gmt":"2022-11-18T04:54:38","slug":"contacto","status":"publish","type":"page","link":"http:\/\/agritek.co.nz\/spanish\/contacto\/","title":{"rendered":"Contacto"},"content":{"rendered":"","protected":false},"excerpt":{"rendered":"","protected":false},"author":1,"featured_media":0,"parent":0,"menu_order":0,"comment_status":"open","ping_status":"open","template":"contact.php","meta":{"_acf_changed":false,"footnotes":""},"class_list":["post-827","page","type-page","status-publish","hentry"],"acf":[],"yoast_head":"<!-- This site is optimized with the Yoast SEO plugin v27.2 - https:\/\/yoast.com\/product\/yoast-seo-wordpress\/ -->\n<title>Contacto - Agritek Sustainable Solutions | Nueva Zelanda<\/title>\n<meta name=\"description\" content=\"Agritek es una empresa especializada en biotecnolog\u00eda agr\u00edcola, fertilizantes org\u00e1nicos y enmiendas del suelo. Contacto para m\u00e1s detalles.\" \/>\n<meta name=\"robots\" content=\"index, follow, max-snippet:-1, max-image-preview:large, max-video-preview:-1\" \/>\n<link rel=\"canonical\" href=\"http:\/\/agritek.co.nz\/spanish\/contacto\/\" \/>\n<meta property=\"og:locale\" content=\"en_US\" \/>\n<meta property=\"og:type\" content=\"article\" \/>\n<meta property=\"og:title\" content=\"Contacto - Agritek Sustainable Solutions | Nueva Zelanda\" \/>\n<meta property=\"og:description\" content=\"Agritek es una empresa especializada en biotecnolog\u00eda agr\u00edcola, fertilizantes org\u00e1nicos y enmiendas del suelo. Contacto para m\u00e1s detalles.\" \/>\n<meta property=\"og:url\" content=\"http:\/\/agritek.co.nz\/spanish\/contacto\/\" \/>\n<meta property=\"og:site_name\" content=\"Agritek\" \/>\n<meta property=\"article:publisher\" content=\"https:\/\/www.facebook.com\/agriteknz\/\" \/>\n<meta property=\"article:modified_time\" content=\"2022-11-18T04:54:38+00:00\" \/>\n<meta name=\"twitter:card\" content=\"summary_large_image\" \/>\n<script type=\"application\/ld+json\" class=\"yoast-schema-graph\">{\"@context\":\"https:\/\/schema.org\",\"@graph\":[{\"@type\":\"WebPage\",\"@id\":\"http:\/\/agritek.co.nz\/spanish\/contacto\/\",\"url\":\"http:\/\/agritek.co.nz\/spanish\/contacto\/\",\"name\":\"Contacto - Agritek Sustainable Solutions | Nueva Zelanda\",\"isPartOf\":{\"@id\":\"https:\/\/agritek.co.nz\/spanish\/#website\"},\"datePublished\":\"2016-10-14T07:15:21+00:00\",\"dateModified\":\"2022-11-18T04:54:38+00:00\",\"description\":\"Agritek es una empresa especializada en biotecnolog\u00eda agr\u00edcola, fertilizantes org\u00e1nicos y enmiendas del suelo. Contacto para m\u00e1s detalles.\",\"breadcrumb\":{\"@id\":\"http:\/\/agritek.co.nz\/spanish\/contacto\/#breadcrumb\"},\"inLanguage\":\"en-US\",\"potentialAction\":[{\"@type\":\"ReadAction\",\"target\":[\"http:\/\/agritek.co.nz\/spanish\/contacto\/\"]}]},{\"@type\":\"BreadcrumbList\",\"@id\":\"http:\/\/agritek.co.nz\/spanish\/contacto\/#breadcrumb\",\"itemListElement\":[{\"@type\":\"ListItem\",\"position\":1,\"name\":\"Home\",\"item\":\"https:\/\/agritek.co.nz\/spanish\/\"},{\"@type\":\"ListItem\",\"position\":2,\"name\":\"Contacto\"}]},{\"@type\":\"WebSite\",\"@id\":\"https:\/\/agritek.co.nz\/spanish\/#website\",\"url\":\"https:\/\/agritek.co.nz\/spanish\/\",\"name\":\"Agritek\",\"description\":\"Soluciones Sostenibles\",\"publisher\":{\"@id\":\"https:\/\/agritek.co.nz\/spanish\/#organization\"},\"potentialAction\":[{\"@type\":\"SearchAction\",\"target\":{\"@type\":\"EntryPoint\",\"urlTemplate\":\"https:\/\/agritek.co.nz\/spanish\/?s={search_term_string}\"},\"query-input\":{\"@type\":\"PropertyValueSpecification\",\"valueRequired\":true,\"valueName\":\"search_term_string\"}}],\"inLanguage\":\"en-US\"},{\"@type\":\"Organization\",\"@id\":\"https:\/\/agritek.co.nz\/spanish\/#organization\",\"name\":\"Agritek\",\"url\":\"https:\/\/agritek.co.nz\/spanish\/\",\"logo\":{\"@type\":\"ImageObject\",\"inLanguage\":\"en-US\",\"@id\":\"https:\/\/agritek.co.nz\/spanish\/#\/schema\/logo\/image\/\",\"url\":\"https:\/\/agritek.co.nz\/spanish\/wp-content\/uploads\/2017\/12\/logo-1.png\",\"contentUrl\":\"https:\/\/agritek.co.nz\/spanish\/wp-content\/uploads\/2017\/12\/logo-1.png\",\"width\":317,\"height\":115,\"caption\":\"Agritek\"},\"image\":{\"@id\":\"https:\/\/agritek.co.nz\/spanish\/#\/schema\/logo\/image\/\"},\"sameAs\":[\"https:\/\/www.facebook.com\/agriteknz\/\"]}]}<\/script>\n<!-- \/ Yoast SEO plugin. -->","yoast_head_json":{"title":"Contacto - Agritek Sustainable Solutions | Nueva Zelanda","description":"Agritek es una empresa especializada en biotecnolog\u00eda agr\u00edcola, fertilizantes org\u00e1nicos y enmiendas del suelo. Contacto para m\u00e1s detalles.","robots":{"index":"index","follow":"follow","max-snippet":"max-snippet:-1","max-image-preview":"max-image-preview:large","max-video-preview":"max-video-preview:-1"},"canonical":"http:\/\/agritek.co.nz\/spanish\/contacto\/","og_locale":"en_US","og_type":"article","og_title":"Contacto - Agritek Sustainable Solutions | Nueva Zelanda","og_description":"Agritek es una empresa especializada en biotecnolog\u00eda agr\u00edcola, fertilizantes org\u00e1nicos y enmiendas del suelo. Contacto para m\u00e1s detalles.","og_url":"http:\/\/agritek.co.nz\/spanish\/contacto\/","og_site_name":"Agritek","article_publisher":"https:\/\/www.facebook.com\/agriteknz\/","article_modified_time":"2022-11-18T04:54:38+00:00","twitter_card":"summary_large_image","schema":{"@context":"https:\/\/schema.org","@graph":[{"@type":"WebPage","@id":"http:\/\/agritek.co.nz\/spanish\/contacto\/","url":"http:\/\/agritek.co.nz\/spanish\/contacto\/","name":"Contacto - Agritek Sustainable Solutions | Nueva Zelanda","isPartOf":{"@id":"https:\/\/agritek.co.nz\/spanish\/#website"},"datePublished":"2016-10-14T07:15:21+00:00","dateModified":"2022-11-18T04:54:38+00:00","description":"Agritek es una empresa especializada en biotecnolog\u00eda agr\u00edcola, fertilizantes org\u00e1nicos y enmiendas del suelo. Contacto para m\u00e1s detalles.","breadcrumb":{"@id":"http:\/\/agritek.co.nz\/spanish\/contacto\/#breadcrumb"},"inLanguage":"en-US","potentialAction":[{"@type":"ReadAction","target":["http:\/\/agritek.co.nz\/spanish\/contacto\/"]}]},{"@type":"BreadcrumbList","@id":"http:\/\/agritek.co.nz\/spanish\/contacto\/#breadcrumb","itemListElement":[{"@type":"ListItem","position":1,"name":"Home","item":"https:\/\/agritek.co.nz\/spanish\/"},{"@type":"ListItem","position":2,"name":"Contacto"}]},{"@type":"WebSite","@id":"https:\/\/agritek.co.nz\/spanish\/#website","url":"https:\/\/agritek.co.nz\/spanish\/","name":"Agritek","description":"Soluciones Sostenibles","publisher":{"@id":"https:\/\/agritek.co.nz\/spanish\/#organization"},"potentialAction":[{"@type":"SearchAction","target":{"@type":"EntryPoint","urlTemplate":"https:\/\/agritek.co.nz\/spanish\/?s={search_term_string}"},"query-input":{"@type":"PropertyValueSpecification","valueRequired":true,"valueName":"search_term_string"}}],"inLanguage":"en-US"},{"@type":"Organization","@id":"https:\/\/agritek.co.nz\/spanish\/#organization","name":"Agritek","url":"https:\/\/agritek.co.nz\/spanish\/","logo":{"@type":"ImageObject","inLanguage":"en-US","@id":"https:\/\/agritek.co.nz\/spanish\/#\/schema\/logo\/image\/","url":"https:\/\/agritek.co.nz\/spanish\/wp-content\/uploads\/2017\/12\/logo-1.png","contentUrl":"https:\/\/agritek.co.nz\/spanish\/wp-content\/uploads\/2017\/12\/logo-1.png","width":317,"height":115,"caption":"Agritek"},"image":{"@id":"https:\/\/agritek.co.nz\/spanish\/#\/schema\/logo\/image\/"},"sameAs":["https:\/\/www.facebook.com\/agriteknz\/"]}]}},"_links":{"self":[{"href":"http:\/\/agritek.co.nz\/spanish\/wp-json\/wp\/v2\/pages\/827","targetHints":{"allow":["GET"]}}],"collection":[{"href":"http:\/\/agritek.co.nz\/spanish\/wp-json\/wp\/v2\/pages"}],"about":[{"href":"http:\/\/agritek.co.nz\/spanish\/wp-json\/wp\/v2\/types\/page"}],"author":[{"embeddable":true,"href":"http:\/\/agritek.co.nz\/spanish\/wp-json\/wp\/v2\/users\/1"}],"replies":[{"embeddable":true,"href":"http:\/\/agritek.co.nz\/spanish\/wp-json\/wp\/v2\/comments?post=827"}],"version-history":[{"count":1,"href":"http:\/\/agritek.co.nz\/spanish\/wp-json\/wp\/v2\/pages\/827\/revisions"}],"predecessor-version":[{"id":2311,"href":"http:\/\/agritek.co.nz\/spanish\/wp-json\/wp\/v2\/pages\/827\/revisions\/2311"}],"wp:attachment":[{"href":"http:\/\/agritek.co.nz\/spanish\/wp-json\/wp\/v2\/media?parent=827"}],"curies":[{"name":"wp","href":"https:\/\/api.w.org\/{rel}","templated":true}]}}