{"id":33,"date":"2015-04-24T13:11:32","date_gmt":"2015-04-24T13:11:32","guid":{"rendered":"http:\/\/agritek.co.nz\/\/?page_id=33"},"modified":"2022-11-18T06:55:46","modified_gmt":"2022-11-18T06:55:46","slug":"siencia-a-las-soluciones","status":"publish","type":"page","link":"http:\/\/agritek.co.nz\/spanish\/siencia-a-las-soluciones\/","title":{"rendered":"Science to Solutions"},"content":{"rendered":"<p><strong>SIENCIA A LAS SOLUCIONES: <\/strong>Los biofertilizantes funcionan como un actor clave en la agricultura sostenible al mejorar la fertilidad del suelo, la tolerancia de las plantas y la productividad de los cultivos:<\/p>\n<p>Las estrategias actuales de gesti\u00f3n del suelo dependen principalmente de fertilizantes basados \u200b\u200ben productos qu\u00edmicos inorg\u00e1nicos, lo que provoc\u00f3 una grave amenaza para la salud humana y el medio ambiente. La explotaci\u00f3n de microbios beneficiosos como biofertilizante se ha vuelto de suma importancia en el sector agr\u00edcola por su papel potencial en la seguridad alimentaria y la producci\u00f3n sostenible de cultivos. Los enfoques ecol\u00f3gicos inspiran una amplia gama de aplicaciones de rizobacterias promotoras del crecimiento de las plantas (<a href=\"https:\/\/www.frontiersin.org\/articles\/10.3389\/fpls.2018.01473\/full\">PGPR<\/a>), hongos endo y ectomicorr\u00edzicos, cianobacterias y muchos otros organismos microsc\u00f3picos \u00fatiles que conducen a una mejor absorci\u00f3n de nutrientes, crecimiento de las plantas y tolerancia de las plantas al estr\u00e9s abi\u00f3tico y bi\u00f3tico.<\/p>\n<p>La presente revisi\u00f3n destac\u00f3 los rasgos funcionales de los cultivos mediados por biofertilizantes, como el crecimiento y la productividad de las plantas, el perfil de nutrientes, la defensa y la protecci\u00f3n de las plantas, con especial \u00e9nfasis en su funci\u00f3n para desencadenar varios genes relacionados con el crecimiento y la defensa en la red de se\u00f1alizaci\u00f3n de v\u00edas celulares para causar respuesta celular y por lo tanto la mejora de los cultivos.<\/p>\n<p>El conocimiento obtenido de la literatura aqu\u00ed evaluada nos ayudar\u00e1 a comprender las bases fisiol\u00f3gicas de los biofertilizantes hacia una agricultura sostenible en la reducci\u00f3n de los problemas asociados con el uso de fertilizantes qu\u00edmicos.<\/p>\n<p><a href=\"http:\/\/agritek.co.nz\/spanish\/wp-content\/uploads\/2015\/04\/ecoboss16-applications.jpg\"><img fetchpriority=\"high\" decoding=\"async\" class=\"alignnone wp-image-366 size-medium\" src=\"http:\/\/agritek.co.nz\/wp-content\/uploads\/2015\/04\/ecoboss16-applications-300x140.jpg\" alt=\"ecoboss16-applications, SIENCIA A LAS SOLUCIONES\" width=\"500\" height=\"240\" \/><\/a><\/p>\n","protected":false},"excerpt":{"rendered":"<p>SIENCIA A LAS SOLUCIONES: Los biofertilizantes funcionan como un actor clave en la agricultura sostenible al mejorar la fertilidad del suelo, la tolerancia de las plantas y la productividad de los cultivos: Las estrategias actuales de gesti\u00f3n del suelo dependen principalmente de fertilizantes basados \u200b\u200ben productos qu\u00edmicos inorg\u00e1nicos, lo que provoc\u00f3 una grave amenaza para [&hellip;]<\/p>\n","protected":false},"author":1,"featured_media":0,"parent":0,"menu_order":0,"comment_status":"open","ping_status":"open","template":"","meta":{"_acf_changed":false,"footnotes":""},"class_list":["post-33","page","type-page","status-publish","hentry"],"acf":[],"yoast_head":"<!-- This site is optimized with the Yoast SEO plugin v27.2 - https:\/\/yoast.com\/product\/yoast-seo-wordpress\/ -->\n<title>Siencia A Las Soluciones - Agritek | Nueva Zelanda<\/title>\n<meta name=\"description\" content=\"Siencia A Las Soluciones: Los biofertilizantes funcionan como un actor clave en la agricultura sostenible al mejorar la fertilidad del suelo.\" \/>\n<meta name=\"robots\" content=\"index, follow, max-snippet:-1, max-image-preview:large, max-video-preview:-1\" \/>\n<link rel=\"canonical\" href=\"https:\/\/agritek.co.nz\/spanish\/siencia-a-las-soluciones\/\" \/>\n<meta property=\"og:locale\" content=\"en_US\" \/>\n<meta property=\"og:type\" content=\"article\" \/>\n<meta property=\"og:title\" content=\"Siencia A Las Soluciones - Agritek | Nueva Zelanda\" \/>\n<meta property=\"og:description\" content=\"Siencia A Las Soluciones: Los biofertilizantes funcionan como un actor clave en la agricultura sostenible al mejorar la fertilidad del suelo.\" \/>\n<meta property=\"og:url\" content=\"https:\/\/agritek.co.nz\/spanish\/siencia-a-las-soluciones\/\" \/>\n<meta property=\"og:site_name\" content=\"Agritek\" \/>\n<meta property=\"article:publisher\" content=\"https:\/\/www.facebook.com\/agriteknz\/\" \/>\n<meta property=\"article:modified_time\" content=\"2022-11-18T06:55:46+00:00\" \/>\n<meta property=\"og:image\" content=\"http:\/\/agritek.co.nz\/wp-content\/uploads\/2015\/04\/ecoboss16-applications-300x140.jpg\" \/>\n<meta name=\"twitter:card\" content=\"summary_large_image\" \/>\n<meta name=\"twitter:label1\" content=\"Est. reading time\" \/>\n\t<meta name=\"twitter:data1\" content=\"2 minutes\" \/>\n<script type=\"application\/ld+json\" class=\"yoast-schema-graph\">{\"@context\":\"https:\/\/schema.org\",\"@graph\":[{\"@type\":\"WebPage\",\"@id\":\"https:\/\/agritek.co.nz\/spanish\/siencia-a-las-soluciones\/\",\"url\":\"https:\/\/agritek.co.nz\/spanish\/siencia-a-las-soluciones\/\",\"name\":\"Siencia A Las Soluciones - Agritek | Nueva Zelanda\",\"isPartOf\":{\"@id\":\"https:\/\/agritek.co.nz\/spanish\/#website\"},\"primaryImageOfPage\":{\"@id\":\"https:\/\/agritek.co.nz\/spanish\/siencia-a-las-soluciones\/#primaryimage\"},\"image\":{\"@id\":\"https:\/\/agritek.co.nz\/spanish\/siencia-a-las-soluciones\/#primaryimage\"},\"thumbnailUrl\":\"http:\/\/agritek.co.nz\/wp-content\/uploads\/2015\/04\/ecoboss16-applications-300x140.jpg\",\"datePublished\":\"2015-04-24T13:11:32+00:00\",\"dateModified\":\"2022-11-18T06:55:46+00:00\",\"description\":\"Siencia A Las Soluciones: Los biofertilizantes funcionan como un actor clave en la agricultura sostenible al mejorar la fertilidad del suelo.\",\"breadcrumb\":{\"@id\":\"https:\/\/agritek.co.nz\/spanish\/siencia-a-las-soluciones\/#breadcrumb\"},\"inLanguage\":\"en-US\",\"potentialAction\":[{\"@type\":\"ReadAction\",\"target\":[\"https:\/\/agritek.co.nz\/spanish\/siencia-a-las-soluciones\/\"]}]},{\"@type\":\"ImageObject\",\"inLanguage\":\"en-US\",\"@id\":\"https:\/\/agritek.co.nz\/spanish\/siencia-a-las-soluciones\/#primaryimage\",\"url\":\"http:\/\/agritek.co.nz\/wp-content\/uploads\/2015\/04\/ecoboss16-applications-300x140.jpg\",\"contentUrl\":\"http:\/\/agritek.co.nz\/wp-content\/uploads\/2015\/04\/ecoboss16-applications-300x140.jpg\"},{\"@type\":\"BreadcrumbList\",\"@id\":\"https:\/\/agritek.co.nz\/spanish\/siencia-a-las-soluciones\/#breadcrumb\",\"itemListElement\":[{\"@type\":\"ListItem\",\"position\":1,\"name\":\"Home\",\"item\":\"https:\/\/agritek.co.nz\/spanish\/\"},{\"@type\":\"ListItem\",\"position\":2,\"name\":\"Science to Solutions\"}]},{\"@type\":\"WebSite\",\"@id\":\"https:\/\/agritek.co.nz\/spanish\/#website\",\"url\":\"https:\/\/agritek.co.nz\/spanish\/\",\"name\":\"Agritek\",\"description\":\"Soluciones Sostenibles\",\"publisher\":{\"@id\":\"https:\/\/agritek.co.nz\/spanish\/#organization\"},\"potentialAction\":[{\"@type\":\"SearchAction\",\"target\":{\"@type\":\"EntryPoint\",\"urlTemplate\":\"https:\/\/agritek.co.nz\/spanish\/?s={search_term_string}\"},\"query-input\":{\"@type\":\"PropertyValueSpecification\",\"valueRequired\":true,\"valueName\":\"search_term_string\"}}],\"inLanguage\":\"en-US\"},{\"@type\":\"Organization\",\"@id\":\"https:\/\/agritek.co.nz\/spanish\/#organization\",\"name\":\"Agritek\",\"url\":\"https:\/\/agritek.co.nz\/spanish\/\",\"logo\":{\"@type\":\"ImageObject\",\"inLanguage\":\"en-US\",\"@id\":\"https:\/\/agritek.co.nz\/spanish\/#\/schema\/logo\/image\/\",\"url\":\"https:\/\/agritek.co.nz\/spanish\/wp-content\/uploads\/2017\/12\/logo-1.png\",\"contentUrl\":\"https:\/\/agritek.co.nz\/spanish\/wp-content\/uploads\/2017\/12\/logo-1.png\",\"width\":317,\"height\":115,\"caption\":\"Agritek\"},\"image\":{\"@id\":\"https:\/\/agritek.co.nz\/spanish\/#\/schema\/logo\/image\/\"},\"sameAs\":[\"https:\/\/www.facebook.com\/agriteknz\/\"]}]}<\/script>\n<!-- \/ Yoast SEO plugin. -->","yoast_head_json":{"title":"Siencia A Las Soluciones - Agritek | Nueva Zelanda","description":"Siencia A Las Soluciones: Los biofertilizantes funcionan como un actor clave en la agricultura sostenible al mejorar la fertilidad del suelo.","robots":{"index":"index","follow":"follow","max-snippet":"max-snippet:-1","max-image-preview":"max-image-preview:large","max-video-preview":"max-video-preview:-1"},"canonical":"https:\/\/agritek.co.nz\/spanish\/siencia-a-las-soluciones\/","og_locale":"en_US","og_type":"article","og_title":"Siencia A Las Soluciones - Agritek | Nueva Zelanda","og_description":"Siencia A Las Soluciones: Los biofertilizantes funcionan como un actor clave en la agricultura sostenible al mejorar la fertilidad del suelo.","og_url":"https:\/\/agritek.co.nz\/spanish\/siencia-a-las-soluciones\/","og_site_name":"Agritek","article_publisher":"https:\/\/www.facebook.com\/agriteknz\/","article_modified_time":"2022-11-18T06:55:46+00:00","og_image":[{"url":"http:\/\/agritek.co.nz\/wp-content\/uploads\/2015\/04\/ecoboss16-applications-300x140.jpg","type":"","width":"","height":""}],"twitter_card":"summary_large_image","twitter_misc":{"Est. reading time":"2 minutes"},"schema":{"@context":"https:\/\/schema.org","@graph":[{"@type":"WebPage","@id":"https:\/\/agritek.co.nz\/spanish\/siencia-a-las-soluciones\/","url":"https:\/\/agritek.co.nz\/spanish\/siencia-a-las-soluciones\/","name":"Siencia A Las Soluciones - Agritek | Nueva Zelanda","isPartOf":{"@id":"https:\/\/agritek.co.nz\/spanish\/#website"},"primaryImageOfPage":{"@id":"https:\/\/agritek.co.nz\/spanish\/siencia-a-las-soluciones\/#primaryimage"},"image":{"@id":"https:\/\/agritek.co.nz\/spanish\/siencia-a-las-soluciones\/#primaryimage"},"thumbnailUrl":"http:\/\/agritek.co.nz\/wp-content\/uploads\/2015\/04\/ecoboss16-applications-300x140.jpg","datePublished":"2015-04-24T13:11:32+00:00","dateModified":"2022-11-18T06:55:46+00:00","description":"Siencia A Las Soluciones: Los biofertilizantes funcionan como un actor clave en la agricultura sostenible al mejorar la fertilidad del suelo.","breadcrumb":{"@id":"https:\/\/agritek.co.nz\/spanish\/siencia-a-las-soluciones\/#breadcrumb"},"inLanguage":"en-US","potentialAction":[{"@type":"ReadAction","target":["https:\/\/agritek.co.nz\/spanish\/siencia-a-las-soluciones\/"]}]},{"@type":"ImageObject","inLanguage":"en-US","@id":"https:\/\/agritek.co.nz\/spanish\/siencia-a-las-soluciones\/#primaryimage","url":"http:\/\/agritek.co.nz\/wp-content\/uploads\/2015\/04\/ecoboss16-applications-300x140.jpg","contentUrl":"http:\/\/agritek.co.nz\/wp-content\/uploads\/2015\/04\/ecoboss16-applications-300x140.jpg"},{"@type":"BreadcrumbList","@id":"https:\/\/agritek.co.nz\/spanish\/siencia-a-las-soluciones\/#breadcrumb","itemListElement":[{"@type":"ListItem","position":1,"name":"Home","item":"https:\/\/agritek.co.nz\/spanish\/"},{"@type":"ListItem","position":2,"name":"Science to Solutions"}]},{"@type":"WebSite","@id":"https:\/\/agritek.co.nz\/spanish\/#website","url":"https:\/\/agritek.co.nz\/spanish\/","name":"Agritek","description":"Soluciones Sostenibles","publisher":{"@id":"https:\/\/agritek.co.nz\/spanish\/#organization"},"potentialAction":[{"@type":"SearchAction","target":{"@type":"EntryPoint","urlTemplate":"https:\/\/agritek.co.nz\/spanish\/?s={search_term_string}"},"query-input":{"@type":"PropertyValueSpecification","valueRequired":true,"valueName":"search_term_string"}}],"inLanguage":"en-US"},{"@type":"Organization","@id":"https:\/\/agritek.co.nz\/spanish\/#organization","name":"Agritek","url":"https:\/\/agritek.co.nz\/spanish\/","logo":{"@type":"ImageObject","inLanguage":"en-US","@id":"https:\/\/agritek.co.nz\/spanish\/#\/schema\/logo\/image\/","url":"https:\/\/agritek.co.nz\/spanish\/wp-content\/uploads\/2017\/12\/logo-1.png","contentUrl":"https:\/\/agritek.co.nz\/spanish\/wp-content\/uploads\/2017\/12\/logo-1.png","width":317,"height":115,"caption":"Agritek"},"image":{"@id":"https:\/\/agritek.co.nz\/spanish\/#\/schema\/logo\/image\/"},"sameAs":["https:\/\/www.facebook.com\/agriteknz\/"]}]}},"_links":{"self":[{"href":"http:\/\/agritek.co.nz\/spanish\/wp-json\/wp\/v2\/pages\/33","targetHints":{"allow":["GET"]}}],"collection":[{"href":"http:\/\/agritek.co.nz\/spanish\/wp-json\/wp\/v2\/pages"}],"about":[{"href":"http:\/\/agritek.co.nz\/spanish\/wp-json\/wp\/v2\/types\/page"}],"author":[{"embeddable":true,"href":"http:\/\/agritek.co.nz\/spanish\/wp-json\/wp\/v2\/users\/1"}],"replies":[{"embeddable":true,"href":"http:\/\/agritek.co.nz\/spanish\/wp-json\/wp\/v2\/comments?post=33"}],"version-history":[{"count":2,"href":"http:\/\/agritek.co.nz\/spanish\/wp-json\/wp\/v2\/pages\/33\/revisions"}],"predecessor-version":[{"id":2324,"href":"http:\/\/agritek.co.nz\/spanish\/wp-json\/wp\/v2\/pages\/33\/revisions\/2324"}],"wp:attachment":[{"href":"http:\/\/agritek.co.nz\/spanish\/wp-json\/wp\/v2\/media?parent=33"}],"curies":[{"name":"wp","href":"https:\/\/api.w.org\/{rel}","templated":true}]}}