{"id":2227,"date":"2022-03-10T02:09:28","date_gmt":"2022-03-10T02:09:28","guid":{"rendered":"https:\/\/agritek.co.nz\/spanish\/?page_id=2227"},"modified":"2022-11-18T17:09:00","modified_gmt":"2022-11-18T17:09:00","slug":"tricho-guard","status":"publish","type":"page","link":"http:\/\/agritek.co.nz\/spanish\/tricho-guard\/","title":{"rendered":"TRICHO-GUARD"},"content":{"rendered":"<p>Trichoderma es un g\u00e9nero de hongos que habitan en el suelo que se encuentran en todo el mundo. Son hongos de r\u00e1pido crecimiento y altamente adaptables que forman relaciones simbi\u00f3ticas con las ra\u00edces de las plantas que los hacen ideales para uso fungicida en entornos agr\u00edcolas.<\/p>\n<p>TRICHO-GUARD contiene tanto <a href=\"https:\/\/www.sciencedirect.com\/topics\/agricultural-and-biological-sciences\/trichoderma-harzianum\">Trichoderma Harzianum<\/a> como Trichoderma Viride, y estas son cepas h\u00edbridas desarrolladas para mejorar la resistencia a enfermedades y la tolerancia ambiental y de cultivos. Ha demostrado ser \u00fatil para controlar enfermedades comunes transmitidas por el suelo como Fusarium, Pythium y Rhizoctonia en una amplia gama de cultivos, incluidos ma\u00edz, soja, patatas, tomates y algod\u00f3n.<\/p>\n<p>&nbsp;<\/p>\n<div class=\"page\" title=\"Page 11\">\n<div class=\"section\">\n<div class=\"layoutArea\">\n<div class=\"column\">\n<h4>Tricho-Guard Beneficios:<\/h4>\n<ul>\n<li>Protege contra una serie de pato\u0301genos transmitidos por el suelo.<\/li>\n<li>Protege contra varios nematodos vegetales-para\u0301sitos.<\/li>\n<li>Promueve el crecimiento de las plantas y protege el ecosistema del suelo.<\/li>\n<li>Solubiliza el fo\u0301sforo del suelo y otros nutrientes.<\/li>\n<li>Construye resistencia a la planta a la sequi\u0301a y las enfermedades.\n<div class=\"section\">\n<div class=\"layoutArea\">\n<div class=\"column\">\n<p>Altamente efectivo contra nematodos agalladores, nematodos excavadores, nematodos de quistes, nematodos de lesiones, etc.<\/p>\n<p>&nbsp;<\/p>\n<\/div>\n<p><img decoding=\"async\" class=\"alignnone wp-image-2229 size-medium\" src=\"http:\/\/agritek.co.nz\/spanish\/wp-content\/uploads\/2022\/03\/Tricho-Guard-98x300.png\" alt=\"TRICHO-GUARD\" width=\"98\" height=\"300\" \/><\/p>\n<div class=\"column\">\n<p>&nbsp;<\/p>\n<\/div>\n<\/div>\n<\/div>\n<\/li>\n<\/ul>\n<\/div>\n<\/div>\n<\/div>\n<\/div>\n<p>&nbsp;<\/p>\n","protected":false},"excerpt":{"rendered":"<p>Trichoderma es un g\u00e9nero de hongos que habitan en el suelo que se encuentran en todo el mundo. Son hongos de r\u00e1pido crecimiento y altamente adaptables que forman relaciones simbi\u00f3ticas con las ra\u00edces de las plantas que los hacen ideales para uso fungicida en entornos agr\u00edcolas. TRICHO-GUARD contiene tanto Trichoderma Harzianum como Trichoderma Viride, y [&hellip;]<\/p>\n","protected":false},"author":1,"featured_media":0,"parent":0,"menu_order":0,"comment_status":"closed","ping_status":"closed","template":"","meta":{"_acf_changed":false,"footnotes":""},"class_list":["post-2227","page","type-page","status-publish","hentry"],"acf":[],"yoast_head":"<!-- This site is optimized with the Yoast SEO plugin v27.2 - https:\/\/yoast.com\/product\/yoast-seo-wordpress\/ -->\n<title>Tricho-Guard - Agritek Sustainable Solutions<\/title>\n<meta name=\"description\" content=\"Tricho-Guard son hongos de r\u00e1pido crecimiento y altamente adaptables que forman relaciones simbi\u00f3ticas con las ra\u00edces de las plantas.\" \/>\n<meta name=\"robots\" content=\"index, follow, max-snippet:-1, max-image-preview:large, max-video-preview:-1\" \/>\n<link rel=\"canonical\" href=\"http:\/\/agritek.co.nz\/spanish\/tricho-guard\/\" \/>\n<meta property=\"og:locale\" content=\"en_US\" \/>\n<meta property=\"og:type\" content=\"article\" \/>\n<meta property=\"og:title\" content=\"Tricho-Guard - Agritek Sustainable Solutions\" \/>\n<meta property=\"og:description\" content=\"Tricho-Guard son hongos de r\u00e1pido crecimiento y altamente adaptables que forman relaciones simbi\u00f3ticas con las ra\u00edces de las plantas.\" \/>\n<meta property=\"og:url\" content=\"http:\/\/agritek.co.nz\/spanish\/tricho-guard\/\" \/>\n<meta property=\"og:site_name\" content=\"Agritek\" \/>\n<meta property=\"article:publisher\" content=\"https:\/\/www.facebook.com\/agriteknz\/\" \/>\n<meta property=\"article:modified_time\" content=\"2022-11-18T17:09:00+00:00\" \/>\n<meta property=\"og:image\" content=\"http:\/\/agritek.co.nz\/spanish\/wp-content\/uploads\/2022\/03\/Tricho-Guard-98x300.png\" \/>\n<meta name=\"twitter:card\" content=\"summary_large_image\" \/>\n<meta name=\"twitter:label1\" content=\"Est. reading time\" \/>\n\t<meta name=\"twitter:data1\" content=\"1 minute\" \/>\n<script type=\"application\/ld+json\" class=\"yoast-schema-graph\">{\"@context\":\"https:\/\/schema.org\",\"@graph\":[{\"@type\":\"WebPage\",\"@id\":\"http:\/\/agritek.co.nz\/spanish\/tricho-guard\/\",\"url\":\"http:\/\/agritek.co.nz\/spanish\/tricho-guard\/\",\"name\":\"Tricho-Guard - Agritek Sustainable Solutions\",\"isPartOf\":{\"@id\":\"https:\/\/agritek.co.nz\/spanish\/#website\"},\"primaryImageOfPage\":{\"@id\":\"http:\/\/agritek.co.nz\/spanish\/tricho-guard\/#primaryimage\"},\"image\":{\"@id\":\"http:\/\/agritek.co.nz\/spanish\/tricho-guard\/#primaryimage\"},\"thumbnailUrl\":\"http:\/\/agritek.co.nz\/spanish\/wp-content\/uploads\/2022\/03\/Tricho-Guard-98x300.png\",\"datePublished\":\"2022-03-10T02:09:28+00:00\",\"dateModified\":\"2022-11-18T17:09:00+00:00\",\"description\":\"Tricho-Guard son hongos de r\u00e1pido crecimiento y altamente adaptables que forman relaciones simbi\u00f3ticas con las ra\u00edces de las plantas.\",\"breadcrumb\":{\"@id\":\"http:\/\/agritek.co.nz\/spanish\/tricho-guard\/#breadcrumb\"},\"inLanguage\":\"en-US\",\"potentialAction\":[{\"@type\":\"ReadAction\",\"target\":[\"http:\/\/agritek.co.nz\/spanish\/tricho-guard\/\"]}]},{\"@type\":\"ImageObject\",\"inLanguage\":\"en-US\",\"@id\":\"http:\/\/agritek.co.nz\/spanish\/tricho-guard\/#primaryimage\",\"url\":\"http:\/\/agritek.co.nz\/spanish\/wp-content\/uploads\/2022\/03\/Tricho-Guard-98x300.png\",\"contentUrl\":\"http:\/\/agritek.co.nz\/spanish\/wp-content\/uploads\/2022\/03\/Tricho-Guard-98x300.png\"},{\"@type\":\"BreadcrumbList\",\"@id\":\"http:\/\/agritek.co.nz\/spanish\/tricho-guard\/#breadcrumb\",\"itemListElement\":[{\"@type\":\"ListItem\",\"position\":1,\"name\":\"Home\",\"item\":\"https:\/\/agritek.co.nz\/spanish\/\"},{\"@type\":\"ListItem\",\"position\":2,\"name\":\"TRICHO-GUARD\"}]},{\"@type\":\"WebSite\",\"@id\":\"https:\/\/agritek.co.nz\/spanish\/#website\",\"url\":\"https:\/\/agritek.co.nz\/spanish\/\",\"name\":\"Agritek\",\"description\":\"Soluciones Sostenibles\",\"publisher\":{\"@id\":\"https:\/\/agritek.co.nz\/spanish\/#organization\"},\"potentialAction\":[{\"@type\":\"SearchAction\",\"target\":{\"@type\":\"EntryPoint\",\"urlTemplate\":\"https:\/\/agritek.co.nz\/spanish\/?s={search_term_string}\"},\"query-input\":{\"@type\":\"PropertyValueSpecification\",\"valueRequired\":true,\"valueName\":\"search_term_string\"}}],\"inLanguage\":\"en-US\"},{\"@type\":\"Organization\",\"@id\":\"https:\/\/agritek.co.nz\/spanish\/#organization\",\"name\":\"Agritek\",\"url\":\"https:\/\/agritek.co.nz\/spanish\/\",\"logo\":{\"@type\":\"ImageObject\",\"inLanguage\":\"en-US\",\"@id\":\"https:\/\/agritek.co.nz\/spanish\/#\/schema\/logo\/image\/\",\"url\":\"https:\/\/agritek.co.nz\/spanish\/wp-content\/uploads\/2017\/12\/logo-1.png\",\"contentUrl\":\"https:\/\/agritek.co.nz\/spanish\/wp-content\/uploads\/2017\/12\/logo-1.png\",\"width\":317,\"height\":115,\"caption\":\"Agritek\"},\"image\":{\"@id\":\"https:\/\/agritek.co.nz\/spanish\/#\/schema\/logo\/image\/\"},\"sameAs\":[\"https:\/\/www.facebook.com\/agriteknz\/\"]}]}<\/script>\n<!-- \/ Yoast SEO plugin. -->","yoast_head_json":{"title":"Tricho-Guard - Agritek Sustainable Solutions","description":"Tricho-Guard son hongos de r\u00e1pido crecimiento y altamente adaptables que forman relaciones simbi\u00f3ticas con las ra\u00edces de las plantas.","robots":{"index":"index","follow":"follow","max-snippet":"max-snippet:-1","max-image-preview":"max-image-preview:large","max-video-preview":"max-video-preview:-1"},"canonical":"http:\/\/agritek.co.nz\/spanish\/tricho-guard\/","og_locale":"en_US","og_type":"article","og_title":"Tricho-Guard - Agritek Sustainable Solutions","og_description":"Tricho-Guard son hongos de r\u00e1pido crecimiento y altamente adaptables que forman relaciones simbi\u00f3ticas con las ra\u00edces de las plantas.","og_url":"http:\/\/agritek.co.nz\/spanish\/tricho-guard\/","og_site_name":"Agritek","article_publisher":"https:\/\/www.facebook.com\/agriteknz\/","article_modified_time":"2022-11-18T17:09:00+00:00","og_image":[{"url":"http:\/\/agritek.co.nz\/spanish\/wp-content\/uploads\/2022\/03\/Tricho-Guard-98x300.png","type":"","width":"","height":""}],"twitter_card":"summary_large_image","twitter_misc":{"Est. reading time":"1 minute"},"schema":{"@context":"https:\/\/schema.org","@graph":[{"@type":"WebPage","@id":"http:\/\/agritek.co.nz\/spanish\/tricho-guard\/","url":"http:\/\/agritek.co.nz\/spanish\/tricho-guard\/","name":"Tricho-Guard - Agritek Sustainable Solutions","isPartOf":{"@id":"https:\/\/agritek.co.nz\/spanish\/#website"},"primaryImageOfPage":{"@id":"http:\/\/agritek.co.nz\/spanish\/tricho-guard\/#primaryimage"},"image":{"@id":"http:\/\/agritek.co.nz\/spanish\/tricho-guard\/#primaryimage"},"thumbnailUrl":"http:\/\/agritek.co.nz\/spanish\/wp-content\/uploads\/2022\/03\/Tricho-Guard-98x300.png","datePublished":"2022-03-10T02:09:28+00:00","dateModified":"2022-11-18T17:09:00+00:00","description":"Tricho-Guard son hongos de r\u00e1pido crecimiento y altamente adaptables que forman relaciones simbi\u00f3ticas con las ra\u00edces de las plantas.","breadcrumb":{"@id":"http:\/\/agritek.co.nz\/spanish\/tricho-guard\/#breadcrumb"},"inLanguage":"en-US","potentialAction":[{"@type":"ReadAction","target":["http:\/\/agritek.co.nz\/spanish\/tricho-guard\/"]}]},{"@type":"ImageObject","inLanguage":"en-US","@id":"http:\/\/agritek.co.nz\/spanish\/tricho-guard\/#primaryimage","url":"http:\/\/agritek.co.nz\/spanish\/wp-content\/uploads\/2022\/03\/Tricho-Guard-98x300.png","contentUrl":"http:\/\/agritek.co.nz\/spanish\/wp-content\/uploads\/2022\/03\/Tricho-Guard-98x300.png"},{"@type":"BreadcrumbList","@id":"http:\/\/agritek.co.nz\/spanish\/tricho-guard\/#breadcrumb","itemListElement":[{"@type":"ListItem","position":1,"name":"Home","item":"https:\/\/agritek.co.nz\/spanish\/"},{"@type":"ListItem","position":2,"name":"TRICHO-GUARD"}]},{"@type":"WebSite","@id":"https:\/\/agritek.co.nz\/spanish\/#website","url":"https:\/\/agritek.co.nz\/spanish\/","name":"Agritek","description":"Soluciones Sostenibles","publisher":{"@id":"https:\/\/agritek.co.nz\/spanish\/#organization"},"potentialAction":[{"@type":"SearchAction","target":{"@type":"EntryPoint","urlTemplate":"https:\/\/agritek.co.nz\/spanish\/?s={search_term_string}"},"query-input":{"@type":"PropertyValueSpecification","valueRequired":true,"valueName":"search_term_string"}}],"inLanguage":"en-US"},{"@type":"Organization","@id":"https:\/\/agritek.co.nz\/spanish\/#organization","name":"Agritek","url":"https:\/\/agritek.co.nz\/spanish\/","logo":{"@type":"ImageObject","inLanguage":"en-US","@id":"https:\/\/agritek.co.nz\/spanish\/#\/schema\/logo\/image\/","url":"https:\/\/agritek.co.nz\/spanish\/wp-content\/uploads\/2017\/12\/logo-1.png","contentUrl":"https:\/\/agritek.co.nz\/spanish\/wp-content\/uploads\/2017\/12\/logo-1.png","width":317,"height":115,"caption":"Agritek"},"image":{"@id":"https:\/\/agritek.co.nz\/spanish\/#\/schema\/logo\/image\/"},"sameAs":["https:\/\/www.facebook.com\/agriteknz\/"]}]}},"_links":{"self":[{"href":"http:\/\/agritek.co.nz\/spanish\/wp-json\/wp\/v2\/pages\/2227","targetHints":{"allow":["GET"]}}],"collection":[{"href":"http:\/\/agritek.co.nz\/spanish\/wp-json\/wp\/v2\/pages"}],"about":[{"href":"http:\/\/agritek.co.nz\/spanish\/wp-json\/wp\/v2\/types\/page"}],"author":[{"embeddable":true,"href":"http:\/\/agritek.co.nz\/spanish\/wp-json\/wp\/v2\/users\/1"}],"replies":[{"embeddable":true,"href":"http:\/\/agritek.co.nz\/spanish\/wp-json\/wp\/v2\/comments?post=2227"}],"version-history":[{"count":4,"href":"http:\/\/agritek.co.nz\/spanish\/wp-json\/wp\/v2\/pages\/2227\/revisions"}],"predecessor-version":[{"id":2366,"href":"http:\/\/agritek.co.nz\/spanish\/wp-json\/wp\/v2\/pages\/2227\/revisions\/2366"}],"wp:attachment":[{"href":"http:\/\/agritek.co.nz\/spanish\/wp-json\/wp\/v2\/media?parent=2227"}],"curies":[{"name":"wp","href":"https:\/\/api.w.org\/{rel}","templated":true}]}}