{"id":2211,"date":"2022-03-10T01:35:21","date_gmt":"2022-03-10T01:35:21","guid":{"rendered":"https:\/\/agritek.co.nz\/spanish\/?page_id=2211"},"modified":"2022-11-18T15:39:12","modified_gmt":"2022-11-18T15:39:12","slug":"micorrizas","status":"publish","type":"page","link":"http:\/\/agritek.co.nz\/spanish\/micorrizas\/","title":{"rendered":"Micorrizas"},"content":{"rendered":"<p>MICORRIZAS son hongos beneficiosos para el suelo que forman relaciones simbi\u00f3ticas con las ra\u00edces de las plantas. Producen una red de filamentos que se asocian con el sistema de ra\u00edces de la planta y extraen nutrientes del suelo a los que las ra\u00edces no podr\u00edan acceder de otra manera. Las micorrizas pueden acceder al agua y los nutrientes en los poros m\u00e1s peque\u00f1os del suelo y pueden suministrar hasta el 80% de las necesidades de f\u00f3sforo de las plantas. Tambi\u00e9n hace que la planta sea menos susceptible a los pat\u00f3genos transmitidos por el suelo y a otras tensiones ambientales.<br \/>\nLa cantidad de micorrizas disminuye dr\u00e1sticamente en el suelo que ha sido alterado por la actividad humana. Los niveles bajos de micorrizas no pueden proporcionar un beneficio significativo sobre el crecimiento y la salud de las plantas, de ah\u00ed la importancia de compensar este d\u00e9ficit.<\/p>\n<h4>BENEFICIOS:<\/h4>\n<p>\u2022 Mejora la absorci\u00f3n de nutrientes y agua.<br \/>\n\u2022 Aporta nutrientes directamente a las ra\u00edces.<br \/>\n\u2022 Aumenta la masa radicular.<br \/>\n\u2022 Mejora la floraci\u00f3n y la fructificaci\u00f3n.<br \/>\n\u2022 Mayor resistencia de las plantas a pat\u00f3genos y enfermedades<\/p>\n<p>&nbsp;<\/p>\n<p><img decoding=\"async\" class=\"alignnone wp-image-2212 size-medium\" src=\"http:\/\/agritek.co.nz\/spanish\/wp-content\/uploads\/2022\/03\/Micorrhizae_bottle-98x300.png\" alt=\"Micorrizas\" width=\"98\" height=\"300\" \/><\/p>\n<p>&nbsp;<\/p>\n","protected":false},"excerpt":{"rendered":"<p>MICORRIZAS son hongos beneficiosos para el suelo que forman relaciones simbi\u00f3ticas con las ra\u00edces de las plantas. Producen una red de filamentos que se asocian con el sistema de ra\u00edces de la planta y extraen nutrientes del suelo a los que las ra\u00edces no podr\u00edan acceder de otra manera. Las micorrizas pueden acceder al agua [&hellip;]<\/p>\n","protected":false},"author":1,"featured_media":0,"parent":0,"menu_order":0,"comment_status":"closed","ping_status":"closed","template":"","meta":{"_acf_changed":false,"footnotes":""},"class_list":["post-2211","page","type-page","status-publish","hentry"],"acf":[],"yoast_head":"<!-- This site is optimized with the Yoast SEO plugin v27.2 - https:\/\/yoast.com\/product\/yoast-seo-wordpress\/ -->\n<title>Micorrizas - Agritek Sustainable Solutions | Nueva Zelanda<\/title>\n<meta name=\"description\" content=\"MICORRIZAS son hongos beneficiosos para el suelo que forman relaciones simbi\u00f3ticas con las ra\u00edces de las plantas. Consultar detalles.\" \/>\n<meta name=\"robots\" content=\"index, follow, max-snippet:-1, max-image-preview:large, max-video-preview:-1\" \/>\n<link rel=\"canonical\" href=\"http:\/\/agritek.co.nz\/spanish\/micorrizas\/\" \/>\n<meta property=\"og:locale\" content=\"en_US\" \/>\n<meta property=\"og:type\" content=\"article\" \/>\n<meta property=\"og:title\" content=\"Micorrizas - Agritek Sustainable Solutions | Nueva Zelanda\" \/>\n<meta property=\"og:description\" content=\"MICORRIZAS son hongos beneficiosos para el suelo que forman relaciones simbi\u00f3ticas con las ra\u00edces de las plantas. Consultar detalles.\" \/>\n<meta property=\"og:url\" content=\"http:\/\/agritek.co.nz\/spanish\/micorrizas\/\" \/>\n<meta property=\"og:site_name\" content=\"Agritek\" \/>\n<meta property=\"article:publisher\" content=\"https:\/\/www.facebook.com\/agriteknz\/\" \/>\n<meta property=\"article:modified_time\" content=\"2022-11-18T15:39:12+00:00\" \/>\n<meta property=\"og:image\" content=\"http:\/\/agritek.co.nz\/spanish\/wp-content\/uploads\/2022\/03\/Micorrhizae_bottle-98x300.png\" \/>\n<meta name=\"twitter:card\" content=\"summary_large_image\" \/>\n<meta name=\"twitter:label1\" content=\"Est. reading time\" \/>\n\t<meta name=\"twitter:data1\" content=\"1 minute\" \/>\n<script type=\"application\/ld+json\" class=\"yoast-schema-graph\">{\"@context\":\"https:\/\/schema.org\",\"@graph\":[{\"@type\":\"WebPage\",\"@id\":\"http:\/\/agritek.co.nz\/spanish\/micorrizas\/\",\"url\":\"http:\/\/agritek.co.nz\/spanish\/micorrizas\/\",\"name\":\"Micorrizas - Agritek Sustainable Solutions | Nueva Zelanda\",\"isPartOf\":{\"@id\":\"https:\/\/agritek.co.nz\/spanish\/#website\"},\"primaryImageOfPage\":{\"@id\":\"http:\/\/agritek.co.nz\/spanish\/micorrizas\/#primaryimage\"},\"image\":{\"@id\":\"http:\/\/agritek.co.nz\/spanish\/micorrizas\/#primaryimage\"},\"thumbnailUrl\":\"http:\/\/agritek.co.nz\/spanish\/wp-content\/uploads\/2022\/03\/Micorrhizae_bottle-98x300.png\",\"datePublished\":\"2022-03-10T01:35:21+00:00\",\"dateModified\":\"2022-11-18T15:39:12+00:00\",\"description\":\"MICORRIZAS son hongos beneficiosos para el suelo que forman relaciones simbi\u00f3ticas con las ra\u00edces de las plantas. Consultar detalles.\",\"breadcrumb\":{\"@id\":\"http:\/\/agritek.co.nz\/spanish\/micorrizas\/#breadcrumb\"},\"inLanguage\":\"en-US\",\"potentialAction\":[{\"@type\":\"ReadAction\",\"target\":[\"http:\/\/agritek.co.nz\/spanish\/micorrizas\/\"]}]},{\"@type\":\"ImageObject\",\"inLanguage\":\"en-US\",\"@id\":\"http:\/\/agritek.co.nz\/spanish\/micorrizas\/#primaryimage\",\"url\":\"http:\/\/agritek.co.nz\/spanish\/wp-content\/uploads\/2022\/03\/Micorrhizae_bottle-98x300.png\",\"contentUrl\":\"http:\/\/agritek.co.nz\/spanish\/wp-content\/uploads\/2022\/03\/Micorrhizae_bottle-98x300.png\"},{\"@type\":\"BreadcrumbList\",\"@id\":\"http:\/\/agritek.co.nz\/spanish\/micorrizas\/#breadcrumb\",\"itemListElement\":[{\"@type\":\"ListItem\",\"position\":1,\"name\":\"Home\",\"item\":\"https:\/\/agritek.co.nz\/spanish\/\"},{\"@type\":\"ListItem\",\"position\":2,\"name\":\"Micorrizas\"}]},{\"@type\":\"WebSite\",\"@id\":\"https:\/\/agritek.co.nz\/spanish\/#website\",\"url\":\"https:\/\/agritek.co.nz\/spanish\/\",\"name\":\"Agritek\",\"description\":\"Soluciones Sostenibles\",\"publisher\":{\"@id\":\"https:\/\/agritek.co.nz\/spanish\/#organization\"},\"potentialAction\":[{\"@type\":\"SearchAction\",\"target\":{\"@type\":\"EntryPoint\",\"urlTemplate\":\"https:\/\/agritek.co.nz\/spanish\/?s={search_term_string}\"},\"query-input\":{\"@type\":\"PropertyValueSpecification\",\"valueRequired\":true,\"valueName\":\"search_term_string\"}}],\"inLanguage\":\"en-US\"},{\"@type\":\"Organization\",\"@id\":\"https:\/\/agritek.co.nz\/spanish\/#organization\",\"name\":\"Agritek\",\"url\":\"https:\/\/agritek.co.nz\/spanish\/\",\"logo\":{\"@type\":\"ImageObject\",\"inLanguage\":\"en-US\",\"@id\":\"https:\/\/agritek.co.nz\/spanish\/#\/schema\/logo\/image\/\",\"url\":\"https:\/\/agritek.co.nz\/spanish\/wp-content\/uploads\/2017\/12\/logo-1.png\",\"contentUrl\":\"https:\/\/agritek.co.nz\/spanish\/wp-content\/uploads\/2017\/12\/logo-1.png\",\"width\":317,\"height\":115,\"caption\":\"Agritek\"},\"image\":{\"@id\":\"https:\/\/agritek.co.nz\/spanish\/#\/schema\/logo\/image\/\"},\"sameAs\":[\"https:\/\/www.facebook.com\/agriteknz\/\"]}]}<\/script>\n<!-- \/ Yoast SEO plugin. -->","yoast_head_json":{"title":"Micorrizas - Agritek Sustainable Solutions | Nueva Zelanda","description":"MICORRIZAS son hongos beneficiosos para el suelo que forman relaciones simbi\u00f3ticas con las ra\u00edces de las plantas. Consultar detalles.","robots":{"index":"index","follow":"follow","max-snippet":"max-snippet:-1","max-image-preview":"max-image-preview:large","max-video-preview":"max-video-preview:-1"},"canonical":"http:\/\/agritek.co.nz\/spanish\/micorrizas\/","og_locale":"en_US","og_type":"article","og_title":"Micorrizas - Agritek Sustainable Solutions | Nueva Zelanda","og_description":"MICORRIZAS son hongos beneficiosos para el suelo que forman relaciones simbi\u00f3ticas con las ra\u00edces de las plantas. Consultar detalles.","og_url":"http:\/\/agritek.co.nz\/spanish\/micorrizas\/","og_site_name":"Agritek","article_publisher":"https:\/\/www.facebook.com\/agriteknz\/","article_modified_time":"2022-11-18T15:39:12+00:00","og_image":[{"url":"http:\/\/agritek.co.nz\/spanish\/wp-content\/uploads\/2022\/03\/Micorrhizae_bottle-98x300.png","type":"","width":"","height":""}],"twitter_card":"summary_large_image","twitter_misc":{"Est. reading time":"1 minute"},"schema":{"@context":"https:\/\/schema.org","@graph":[{"@type":"WebPage","@id":"http:\/\/agritek.co.nz\/spanish\/micorrizas\/","url":"http:\/\/agritek.co.nz\/spanish\/micorrizas\/","name":"Micorrizas - Agritek Sustainable Solutions | Nueva Zelanda","isPartOf":{"@id":"https:\/\/agritek.co.nz\/spanish\/#website"},"primaryImageOfPage":{"@id":"http:\/\/agritek.co.nz\/spanish\/micorrizas\/#primaryimage"},"image":{"@id":"http:\/\/agritek.co.nz\/spanish\/micorrizas\/#primaryimage"},"thumbnailUrl":"http:\/\/agritek.co.nz\/spanish\/wp-content\/uploads\/2022\/03\/Micorrhizae_bottle-98x300.png","datePublished":"2022-03-10T01:35:21+00:00","dateModified":"2022-11-18T15:39:12+00:00","description":"MICORRIZAS son hongos beneficiosos para el suelo que forman relaciones simbi\u00f3ticas con las ra\u00edces de las plantas. Consultar detalles.","breadcrumb":{"@id":"http:\/\/agritek.co.nz\/spanish\/micorrizas\/#breadcrumb"},"inLanguage":"en-US","potentialAction":[{"@type":"ReadAction","target":["http:\/\/agritek.co.nz\/spanish\/micorrizas\/"]}]},{"@type":"ImageObject","inLanguage":"en-US","@id":"http:\/\/agritek.co.nz\/spanish\/micorrizas\/#primaryimage","url":"http:\/\/agritek.co.nz\/spanish\/wp-content\/uploads\/2022\/03\/Micorrhizae_bottle-98x300.png","contentUrl":"http:\/\/agritek.co.nz\/spanish\/wp-content\/uploads\/2022\/03\/Micorrhizae_bottle-98x300.png"},{"@type":"BreadcrumbList","@id":"http:\/\/agritek.co.nz\/spanish\/micorrizas\/#breadcrumb","itemListElement":[{"@type":"ListItem","position":1,"name":"Home","item":"https:\/\/agritek.co.nz\/spanish\/"},{"@type":"ListItem","position":2,"name":"Micorrizas"}]},{"@type":"WebSite","@id":"https:\/\/agritek.co.nz\/spanish\/#website","url":"https:\/\/agritek.co.nz\/spanish\/","name":"Agritek","description":"Soluciones Sostenibles","publisher":{"@id":"https:\/\/agritek.co.nz\/spanish\/#organization"},"potentialAction":[{"@type":"SearchAction","target":{"@type":"EntryPoint","urlTemplate":"https:\/\/agritek.co.nz\/spanish\/?s={search_term_string}"},"query-input":{"@type":"PropertyValueSpecification","valueRequired":true,"valueName":"search_term_string"}}],"inLanguage":"en-US"},{"@type":"Organization","@id":"https:\/\/agritek.co.nz\/spanish\/#organization","name":"Agritek","url":"https:\/\/agritek.co.nz\/spanish\/","logo":{"@type":"ImageObject","inLanguage":"en-US","@id":"https:\/\/agritek.co.nz\/spanish\/#\/schema\/logo\/image\/","url":"https:\/\/agritek.co.nz\/spanish\/wp-content\/uploads\/2017\/12\/logo-1.png","contentUrl":"https:\/\/agritek.co.nz\/spanish\/wp-content\/uploads\/2017\/12\/logo-1.png","width":317,"height":115,"caption":"Agritek"},"image":{"@id":"https:\/\/agritek.co.nz\/spanish\/#\/schema\/logo\/image\/"},"sameAs":["https:\/\/www.facebook.com\/agriteknz\/"]}]}},"_links":{"self":[{"href":"http:\/\/agritek.co.nz\/spanish\/wp-json\/wp\/v2\/pages\/2211","targetHints":{"allow":["GET"]}}],"collection":[{"href":"http:\/\/agritek.co.nz\/spanish\/wp-json\/wp\/v2\/pages"}],"about":[{"href":"http:\/\/agritek.co.nz\/spanish\/wp-json\/wp\/v2\/types\/page"}],"author":[{"embeddable":true,"href":"http:\/\/agritek.co.nz\/spanish\/wp-json\/wp\/v2\/users\/1"}],"replies":[{"embeddable":true,"href":"http:\/\/agritek.co.nz\/spanish\/wp-json\/wp\/v2\/comments?post=2211"}],"version-history":[{"count":5,"href":"http:\/\/agritek.co.nz\/spanish\/wp-json\/wp\/v2\/pages\/2211\/revisions"}],"predecessor-version":[{"id":2362,"href":"http:\/\/agritek.co.nz\/spanish\/wp-json\/wp\/v2\/pages\/2211\/revisions\/2362"}],"wp:attachment":[{"href":"http:\/\/agritek.co.nz\/spanish\/wp-json\/wp\/v2\/media?parent=2211"}],"curies":[{"name":"wp","href":"https:\/\/api.w.org\/{rel}","templated":true}]}}