{"id":2192,"date":"2022-03-08T09:50:44","date_gmt":"2022-03-08T09:50:44","guid":{"rendered":"https:\/\/agritek.co.nz\/spanish\/?page_id=2192"},"modified":"2022-11-18T06:12:38","modified_gmt":"2022-11-18T06:12:38","slug":"nuestra-tienda","status":"publish","type":"page","link":"http:\/\/agritek.co.nz\/spanish\/nuestra-tienda\/","title":{"rendered":"Nuestra Tienda"},"content":{"rendered":"\t\t<div data-elementor-type=\"wp-page\" data-elementor-id=\"2192\" class=\"elementor elementor-2192\">\n\t\t\t\t\t\t<section class=\"elementor-section elementor-top-section elementor-element elementor-element-4b3c1dc elementor-section-boxed elementor-section-height-default elementor-section-height-default\" data-id=\"4b3c1dc\" data-element_type=\"section\">\n\t\t\t\t\t\t<div class=\"elementor-container elementor-column-gap-default\">\n\t\t\t\t\t<div class=\"elementor-column elementor-col-100 elementor-top-column elementor-element elementor-element-e2a065e\" data-id=\"e2a065e\" data-element_type=\"column\">\n\t\t\t<div class=\"elementor-widget-wrap elementor-element-populated\">\n\t\t\t\t\t\t<div class=\"elementor-element elementor-element-f901f97 eael-product-grid-column-4 elementor-widget elementor-widget-eicon-woocommerce\" data-id=\"f901f97\" data-element_type=\"widget\" data-widget_type=\"eicon-woocommerce.default\">\n\t\t\t\t<div class=\"elementor-widget-container\">\n\t\t\t\t\t\n        <div class=\"eael-product-grid eael-product-simple masonry\" id=\"eael-product-grid\" data-widget-id=\"f901f97\" data-page-id=\"2192\" data-nonce=\"4631b2b082\" >\n            <div class=\"woocommerce\">\n                <ul class=\"products\" data-layout-mode=\"masonry\"> <li class=\"product \">\n<div class=\"eael-product-wrap\">\n    <img fetchpriority=\"high\" decoding=\"async\" width=\"300\" height=\"267\" src=\"http:\/\/agritek.co.nz\/spanish\/wp-content\/uploads\/2022\/03\/Bio-Sustain-1-e1601518517348-300x267.png\" class=\"attachment-woocommerce_thumbnail size-woocommerce_thumbnail wvs-archive-product-image\" alt=\"Bio-Sustain\" loading=\"eager\" srcset=\"http:\/\/agritek.co.nz\/spanish\/wp-content\/uploads\/2022\/03\/Bio-Sustain-1-e1601518517348-300x267.png 300w, http:\/\/agritek.co.nz\/spanish\/wp-content\/uploads\/2022\/03\/Bio-Sustain-1-e1601518517348-768x683.png 768w, http:\/\/agritek.co.nz\/spanish\/wp-content\/uploads\/2022\/03\/Bio-Sustain-1-e1601518517348-600x533.png 600w, http:\/\/agritek.co.nz\/spanish\/wp-content\/uploads\/2022\/03\/Bio-Sustain-1-e1601518517348.png 1024w\" sizes=\"(max-width: 300px) 100vw, 300px\" \/><div class=\"eael-product-title\">\n    <a href=\"http:\/\/agritek.co.nz\/spanish\/product\/bio-sustain\/\" class=\"woocommerce-LoopProduct-link woocommerce-loop-product__link\"><h2 class=\"woocommerce-loop-product__title\">Bio-Sustain<\/h2><\/a>\n    <\/div><div class=\"eael-star-rating star-rating\"><span style=\"width:0%\">Rated <strong class=\"rating\">0<\/strong> out of 5<\/span><\/div><div class=\"eael-product-price\"><span class=\"woocommerce-Price-amount amount\" aria-hidden=\"true\"><bdi><span class=\"woocommerce-Price-currencySymbol\">RD&#36;<\/span>1,500.00<\/bdi><\/span> <span aria-hidden=\"true\">&ndash;<\/span> <span class=\"woocommerce-Price-amount amount\" aria-hidden=\"true\"><bdi><span class=\"woocommerce-Price-currencySymbol\">RD&#36;<\/span>12,000.00<\/bdi><\/span><span class=\"screen-reader-text\">Price range: RD&#36;1,500.00 through RD&#36;12,000.00<\/span><\/div>    <a href=\"http:\/\/agritek.co.nz\/spanish\/product\/bio-sustain\/\" aria-describedby=\"woocommerce_loop_add_to_cart_link_describedby_2157\" data-quantity=\"1\" class=\"button product_type_variable add_to_cart_button\" data-product_id=\"2157\" data-product_sku=\"\" aria-label=\"Select options for &ldquo;Bio-Sustain&rdquo;\" rel=\"nofollow\">Select options<\/a>\t<span id=\"woocommerce_loop_add_to_cart_link_describedby_2157\" class=\"screen-reader-text\">\n\t\tThis product has multiple variants. The options may be chosen on the product page\t<\/span>\n    \n<\/div>\n\n<\/li> <li class=\"product \">\n<div class=\"eael-product-wrap\">\n    <img decoding=\"async\" width=\"300\" height=\"300\" src=\"http:\/\/agritek.co.nz\/spanish\/wp-content\/uploads\/2022\/03\/Defender_image-e1631404494704-300x300.png\" class=\"attachment-woocommerce_thumbnail size-woocommerce_thumbnail wvs-archive-product-image\" alt=\"DEFENDER\" loading=\"eager\" srcset=\"http:\/\/agritek.co.nz\/spanish\/wp-content\/uploads\/2022\/03\/Defender_image-e1631404494704.png 300w, http:\/\/agritek.co.nz\/spanish\/wp-content\/uploads\/2022\/03\/Defender_image-e1631404494704-150x150.png 150w, http:\/\/agritek.co.nz\/spanish\/wp-content\/uploads\/2022\/03\/Defender_image-e1631404494704-100x100.png 100w\" sizes=\"(max-width: 300px) 100vw, 300px\" \/><div class=\"eael-product-title\">\n    <a href=\"http:\/\/agritek.co.nz\/spanish\/product\/defender\/\" class=\"woocommerce-LoopProduct-link woocommerce-loop-product__link\"><h2 class=\"woocommerce-loop-product__title\">DEFENDER<\/h2><\/a>\n    <\/div><div class=\"eael-star-rating star-rating\"><span style=\"width:0%\">Rated <strong class=\"rating\">0<\/strong> out of 5<\/span><\/div><div class=\"eael-product-price\"><span class=\"woocommerce-Price-amount amount\" aria-hidden=\"true\"><bdi><span class=\"woocommerce-Price-currencySymbol\">RD&#36;<\/span>1,500.00<\/bdi><\/span> <span aria-hidden=\"true\">&ndash;<\/span> <span class=\"woocommerce-Price-amount amount\" aria-hidden=\"true\"><bdi><span class=\"woocommerce-Price-currencySymbol\">RD&#36;<\/span>12,000.00<\/bdi><\/span><span class=\"screen-reader-text\">Price range: RD&#36;1,500.00 through RD&#36;12,000.00<\/span><\/div>    <a href=\"http:\/\/agritek.co.nz\/spanish\/product\/defender\/\" aria-describedby=\"woocommerce_loop_add_to_cart_link_describedby_2166\" data-quantity=\"1\" class=\"button product_type_variable add_to_cart_button\" data-product_id=\"2166\" data-product_sku=\"\" aria-label=\"Select options for &ldquo;DEFENDER&rdquo;\" rel=\"nofollow\">Select options<\/a>\t<span id=\"woocommerce_loop_add_to_cart_link_describedby_2166\" class=\"screen-reader-text\">\n\t\tThis product has multiple variants. The options may be chosen on the product page\t<\/span>\n    \n<\/div>\n\n<\/li> <li class=\"product \">\n<div class=\"eael-product-wrap\">\n    <img decoding=\"async\" width=\"300\" height=\"300\" src=\"http:\/\/agritek.co.nz\/spanish\/wp-content\/uploads\/2022\/03\/Conquer_image-e1631404109475-300x300.png\" class=\"attachment-woocommerce_thumbnail size-woocommerce_thumbnail wvs-archive-product-image\" alt=\"Conquer\" loading=\"eager\" srcset=\"http:\/\/agritek.co.nz\/spanish\/wp-content\/uploads\/2022\/03\/Conquer_image-e1631404109475.png 300w, http:\/\/agritek.co.nz\/spanish\/wp-content\/uploads\/2022\/03\/Conquer_image-e1631404109475-150x150.png 150w, http:\/\/agritek.co.nz\/spanish\/wp-content\/uploads\/2022\/03\/Conquer_image-e1631404109475-100x100.png 100w\" sizes=\"(max-width: 300px) 100vw, 300px\" \/><div class=\"eael-product-title\">\n    <a href=\"http:\/\/agritek.co.nz\/spanish\/product\/conquer\/\" class=\"woocommerce-LoopProduct-link woocommerce-loop-product__link\"><h2 class=\"woocommerce-loop-product__title\">CONQUER<\/h2><\/a>\n    <\/div><div class=\"eael-star-rating star-rating\"><span style=\"width:0%\">Rated <strong class=\"rating\">0<\/strong> out of 5<\/span><\/div><div class=\"eael-product-price\"><span class=\"woocommerce-Price-amount amount\" aria-hidden=\"true\"><bdi><span class=\"woocommerce-Price-currencySymbol\">RD&#36;<\/span>1,500.00<\/bdi><\/span> <span aria-hidden=\"true\">&ndash;<\/span> <span class=\"woocommerce-Price-amount amount\" aria-hidden=\"true\"><bdi><span class=\"woocommerce-Price-currencySymbol\">RD&#36;<\/span>12,000.00<\/bdi><\/span><span class=\"screen-reader-text\">Price range: RD&#36;1,500.00 through RD&#36;12,000.00<\/span><\/div>    <a href=\"http:\/\/agritek.co.nz\/spanish\/product\/conquer\/\" aria-describedby=\"woocommerce_loop_add_to_cart_link_describedby_2169\" data-quantity=\"1\" class=\"button product_type_variable add_to_cart_button\" data-product_id=\"2169\" data-product_sku=\"\" aria-label=\"Select options for &ldquo;CONQUER&rdquo;\" rel=\"nofollow\">Select options<\/a>\t<span id=\"woocommerce_loop_add_to_cart_link_describedby_2169\" class=\"screen-reader-text\">\n\t\tThis product has multiple variants. The options may be chosen on the product page\t<\/span>\n    \n<\/div>\n\n<\/li> <li class=\"product \">\n<div class=\"eael-product-wrap\">\n    <img decoding=\"async\" width=\"300\" height=\"300\" src=\"http:\/\/agritek.co.nz\/spanish\/wp-content\/uploads\/2022\/03\/Beauveria_image-e1631405190308-300x300.png\" class=\"attachment-woocommerce_thumbnail size-woocommerce_thumbnail wvs-archive-product-image\" alt=\"Beauveria bassiana\" loading=\"eager\" srcset=\"http:\/\/agritek.co.nz\/spanish\/wp-content\/uploads\/2022\/03\/Beauveria_image-e1631405190308.png 300w, http:\/\/agritek.co.nz\/spanish\/wp-content\/uploads\/2022\/03\/Beauveria_image-e1631405190308-150x150.png 150w, http:\/\/agritek.co.nz\/spanish\/wp-content\/uploads\/2022\/03\/Beauveria_image-e1631405190308-100x100.png 100w\" sizes=\"(max-width: 300px) 100vw, 300px\" \/><div class=\"eael-product-title\">\n    <a href=\"http:\/\/agritek.co.nz\/spanish\/product\/beauveria-bassiana\/\" class=\"woocommerce-LoopProduct-link woocommerce-loop-product__link\"><h2 class=\"woocommerce-loop-product__title\">Beauveria bassiana<\/h2><\/a>\n    <\/div><div class=\"eael-star-rating star-rating\"><span style=\"width:0%\">Rated <strong class=\"rating\">0<\/strong> out of 5<\/span><\/div><div class=\"eael-product-price\"><span class=\"woocommerce-Price-amount amount\" aria-hidden=\"true\"><bdi><span class=\"woocommerce-Price-currencySymbol\">RD&#36;<\/span>1,500.00<\/bdi><\/span> <span aria-hidden=\"true\">&ndash;<\/span> <span class=\"woocommerce-Price-amount amount\" aria-hidden=\"true\"><bdi><span class=\"woocommerce-Price-currencySymbol\">RD&#36;<\/span>12,000.00<\/bdi><\/span><span class=\"screen-reader-text\">Price range: RD&#36;1,500.00 through RD&#36;12,000.00<\/span><\/div>    <a href=\"http:\/\/agritek.co.nz\/spanish\/product\/beauveria-bassiana\/\" aria-describedby=\"woocommerce_loop_add_to_cart_link_describedby_2163\" data-quantity=\"1\" class=\"button product_type_variable add_to_cart_button\" data-product_id=\"2163\" data-product_sku=\"\" aria-label=\"Select options for &ldquo;Beauveria bassiana&rdquo;\" rel=\"nofollow\">Select options<\/a>\t<span id=\"woocommerce_loop_add_to_cart_link_describedby_2163\" class=\"screen-reader-text\">\n\t\tThis product has multiple variants. The options may be chosen on the product page\t<\/span>\n    \n<\/div>\n\n<\/li> <li class=\"product \">\n<div class=\"eael-product-wrap\">\n    <img decoding=\"async\" width=\"300\" height=\"300\" src=\"http:\/\/agritek.co.nz\/spanish\/wp-content\/uploads\/2022\/03\/Agritek_Pond-clean-300x300-1-300x300.png\" class=\"attachment-woocommerce_thumbnail size-woocommerce_thumbnail wvs-archive-product-image\" alt=\"Pond Clean\" loading=\"eager\" srcset=\"http:\/\/agritek.co.nz\/spanish\/wp-content\/uploads\/2022\/03\/Agritek_Pond-clean-300x300-1.png 300w, http:\/\/agritek.co.nz\/spanish\/wp-content\/uploads\/2022\/03\/Agritek_Pond-clean-300x300-1-150x150.png 150w, http:\/\/agritek.co.nz\/spanish\/wp-content\/uploads\/2022\/03\/Agritek_Pond-clean-300x300-1-100x100.png 100w\" sizes=\"(max-width: 300px) 100vw, 300px\" \/><div class=\"eael-product-title\">\n    <a href=\"http:\/\/agritek.co.nz\/spanish\/product\/pond-clean\/\" class=\"woocommerce-LoopProduct-link woocommerce-loop-product__link\"><h2 class=\"woocommerce-loop-product__title\">Pond Clean<\/h2><\/a>\n    <\/div><div class=\"eael-star-rating star-rating\"><span style=\"width:0%\">Rated <strong class=\"rating\">0<\/strong> out of 5<\/span><\/div><div class=\"eael-product-price\"><span class=\"woocommerce-Price-amount amount\" aria-hidden=\"true\"><bdi><span class=\"woocommerce-Price-currencySymbol\">RD&#36;<\/span>1,500.00<\/bdi><\/span> <span aria-hidden=\"true\">&ndash;<\/span> <span class=\"woocommerce-Price-amount amount\" aria-hidden=\"true\"><bdi><span class=\"woocommerce-Price-currencySymbol\">RD&#36;<\/span>12,000.00<\/bdi><\/span><span class=\"screen-reader-text\">Price range: RD&#36;1,500.00 through RD&#36;12,000.00<\/span><\/div>    <a href=\"http:\/\/agritek.co.nz\/spanish\/product\/pond-clean\/\" aria-describedby=\"woocommerce_loop_add_to_cart_link_describedby_2172\" data-quantity=\"1\" class=\"button product_type_variable add_to_cart_button\" data-product_id=\"2172\" data-product_sku=\"\" aria-label=\"Select options for &ldquo;Pond Clean&rdquo;\" rel=\"nofollow\">Select options<\/a>\t<span id=\"woocommerce_loop_add_to_cart_link_describedby_2172\" class=\"screen-reader-text\">\n\t\tThis product has multiple variants. The options may be chosen on the product page\t<\/span>\n    \n<\/div>\n\n<\/li><\/ul>            <\/div>\n        <\/div>\n\n        <script type=\"text\/javascript\">\n            jQuery(document).ready(function($) {\n                var $scope = jQuery(\".elementor-element-f901f97\");\n                var $products = $('.products', $scope);\n                var $layout_mode = $products.data('layout-mode');\n                \n                if ( $layout_mode === 'masonry' ) {\n                    \/\/ init isotope\n                    var $isotope_products = $products.isotope({\n                        itemSelector: \"li.product\",\n                        layoutMode: $layout_mode,\n                        percentPosition: true\n                    });\n\n                    $isotope_products.imagesLoaded().progress( function() {\n                        $isotope_products.isotope('layout');\n                    })\n                    \n                }\n            });\n        <\/script>\n        \t\t\t\t<\/div>\n\t\t\t\t<\/div>\n\t\t\t\t\t<\/div>\n\t\t<\/div>\n\t\t\t\t\t<\/div>\n\t\t<\/section>\n\t\t\t\t<\/div>\n\t\t","protected":false},"excerpt":{"rendered":"<p>Beauveria bassiana &nbsp; Rated 0 out of 5$25.00 \u2013 $220.00 Select options BIO-FISH &nbsp; Rated 0 out of 5$25.00 \u2013 $99.00 Select options Bio-Sustain &nbsp; Rated 0 out of 5$25.00 \u2013 $220.00 Select options DEFENDER &nbsp; Rated 0 out of 5$25.00 \u2013 $220.00 Select options CONQUER &nbsp; Rated 0 out of 5$25.00 \u2013 $220.00 Select [&hellip;]<\/p>\n","protected":false},"author":1,"featured_media":1453,"parent":0,"menu_order":0,"comment_status":"closed","ping_status":"closed","template":"","meta":{"_acf_changed":false,"footnotes":""},"class_list":["post-2192","page","type-page","status-publish","has-post-thumbnail","hentry"],"acf":[],"yoast_head":"<!-- This site is optimized with the Yoast SEO plugin v27.2 - https:\/\/yoast.com\/product\/yoast-seo-wordpress\/ -->\n<title>Nuestra Tienda - Agritek Sustainable Solutions<\/title>\n<meta name=\"description\" content=\"AGRITEK est\u00e1 especializada en biofertilizantes agr\u00edcolas, biorremediaci\u00f3n, tratamiento de aguas y sanidad animal Consulta aqu\u00ed nuestra Tienda.\" \/>\n<meta name=\"robots\" content=\"index, follow, max-snippet:-1, max-image-preview:large, max-video-preview:-1\" \/>\n<link rel=\"canonical\" href=\"https:\/\/agritek.co.nz\/spanish\/nuestra-tienda\/\" \/>\n<meta property=\"og:locale\" content=\"en_US\" \/>\n<meta property=\"og:type\" content=\"article\" \/>\n<meta property=\"og:title\" content=\"Nuestra Tienda - Agritek Sustainable Solutions\" \/>\n<meta property=\"og:description\" content=\"AGRITEK est\u00e1 especializada en biofertilizantes agr\u00edcolas, biorremediaci\u00f3n, tratamiento de aguas y sanidad animal Consulta aqu\u00ed nuestra Tienda.\" \/>\n<meta property=\"og:url\" content=\"https:\/\/agritek.co.nz\/spanish\/nuestra-tienda\/\" \/>\n<meta property=\"og:site_name\" content=\"Agritek\" \/>\n<meta property=\"article:publisher\" content=\"https:\/\/www.facebook.com\/agriteknz\/\" \/>\n<meta property=\"article:modified_time\" content=\"2022-11-18T06:12:38+00:00\" \/>\n<meta property=\"og:image\" content=\"https:\/\/agritek.co.nz\/spanish\/wp-content\/uploads\/2017\/12\/Coffee_image-1024x437.png\" \/>\n\t<meta property=\"og:image:width\" content=\"1024\" \/>\n\t<meta property=\"og:image:height\" content=\"437\" \/>\n\t<meta property=\"og:image:type\" content=\"image\/png\" \/>\n<meta name=\"twitter:card\" content=\"summary_large_image\" \/>\n<meta name=\"twitter:label1\" content=\"Est. reading time\" \/>\n\t<meta name=\"twitter:data1\" content=\"2 minutes\" \/>\n<script type=\"application\/ld+json\" class=\"yoast-schema-graph\">{\"@context\":\"https:\/\/schema.org\",\"@graph\":[{\"@type\":\"WebPage\",\"@id\":\"https:\/\/agritek.co.nz\/spanish\/nuestra-tienda\/\",\"url\":\"https:\/\/agritek.co.nz\/spanish\/nuestra-tienda\/\",\"name\":\"Nuestra Tienda - Agritek Sustainable Solutions\",\"isPartOf\":{\"@id\":\"https:\/\/agritek.co.nz\/spanish\/#website\"},\"primaryImageOfPage\":{\"@id\":\"https:\/\/agritek.co.nz\/spanish\/nuestra-tienda\/#primaryimage\"},\"image\":{\"@id\":\"https:\/\/agritek.co.nz\/spanish\/nuestra-tienda\/#primaryimage\"},\"thumbnailUrl\":\"http:\/\/agritek.co.nz\/spanish\/wp-content\/uploads\/2017\/12\/Coffee_image.png\",\"datePublished\":\"2022-03-08T09:50:44+00:00\",\"dateModified\":\"2022-11-18T06:12:38+00:00\",\"description\":\"AGRITEK est\u00e1 especializada en biofertilizantes agr\u00edcolas, biorremediaci\u00f3n, tratamiento de aguas y sanidad animal Consulta aqu\u00ed nuestra Tienda.\",\"breadcrumb\":{\"@id\":\"https:\/\/agritek.co.nz\/spanish\/nuestra-tienda\/#breadcrumb\"},\"inLanguage\":\"en-US\",\"potentialAction\":[{\"@type\":\"ReadAction\",\"target\":[\"https:\/\/agritek.co.nz\/spanish\/nuestra-tienda\/\"]}]},{\"@type\":\"ImageObject\",\"inLanguage\":\"en-US\",\"@id\":\"https:\/\/agritek.co.nz\/spanish\/nuestra-tienda\/#primaryimage\",\"url\":\"http:\/\/agritek.co.nz\/spanish\/wp-content\/uploads\/2017\/12\/Coffee_image.png\",\"contentUrl\":\"http:\/\/agritek.co.nz\/spanish\/wp-content\/uploads\/2017\/12\/Coffee_image.png\",\"width\":1920,\"height\":820,\"caption\":\"Nuestra tienda, ARROZ-SHIELD\"},{\"@type\":\"BreadcrumbList\",\"@id\":\"https:\/\/agritek.co.nz\/spanish\/nuestra-tienda\/#breadcrumb\",\"itemListElement\":[{\"@type\":\"ListItem\",\"position\":1,\"name\":\"Home\",\"item\":\"https:\/\/agritek.co.nz\/spanish\/\"},{\"@type\":\"ListItem\",\"position\":2,\"name\":\"Nuestra Tienda\"}]},{\"@type\":\"WebSite\",\"@id\":\"https:\/\/agritek.co.nz\/spanish\/#website\",\"url\":\"https:\/\/agritek.co.nz\/spanish\/\",\"name\":\"Agritek\",\"description\":\"Soluciones Sostenibles\",\"publisher\":{\"@id\":\"https:\/\/agritek.co.nz\/spanish\/#organization\"},\"potentialAction\":[{\"@type\":\"SearchAction\",\"target\":{\"@type\":\"EntryPoint\",\"urlTemplate\":\"https:\/\/agritek.co.nz\/spanish\/?s={search_term_string}\"},\"query-input\":{\"@type\":\"PropertyValueSpecification\",\"valueRequired\":true,\"valueName\":\"search_term_string\"}}],\"inLanguage\":\"en-US\"},{\"@type\":\"Organization\",\"@id\":\"https:\/\/agritek.co.nz\/spanish\/#organization\",\"name\":\"Agritek\",\"url\":\"https:\/\/agritek.co.nz\/spanish\/\",\"logo\":{\"@type\":\"ImageObject\",\"inLanguage\":\"en-US\",\"@id\":\"https:\/\/agritek.co.nz\/spanish\/#\/schema\/logo\/image\/\",\"url\":\"https:\/\/agritek.co.nz\/spanish\/wp-content\/uploads\/2017\/12\/logo-1.png\",\"contentUrl\":\"https:\/\/agritek.co.nz\/spanish\/wp-content\/uploads\/2017\/12\/logo-1.png\",\"width\":317,\"height\":115,\"caption\":\"Agritek\"},\"image\":{\"@id\":\"https:\/\/agritek.co.nz\/spanish\/#\/schema\/logo\/image\/\"},\"sameAs\":[\"https:\/\/www.facebook.com\/agriteknz\/\"]}]}<\/script>\n<!-- \/ Yoast SEO plugin. -->","yoast_head_json":{"title":"Nuestra Tienda - Agritek Sustainable Solutions","description":"AGRITEK est\u00e1 especializada en biofertilizantes agr\u00edcolas, biorremediaci\u00f3n, tratamiento de aguas y sanidad animal Consulta aqu\u00ed nuestra Tienda.","robots":{"index":"index","follow":"follow","max-snippet":"max-snippet:-1","max-image-preview":"max-image-preview:large","max-video-preview":"max-video-preview:-1"},"canonical":"https:\/\/agritek.co.nz\/spanish\/nuestra-tienda\/","og_locale":"en_US","og_type":"article","og_title":"Nuestra Tienda - Agritek Sustainable Solutions","og_description":"AGRITEK est\u00e1 especializada en biofertilizantes agr\u00edcolas, biorremediaci\u00f3n, tratamiento de aguas y sanidad animal Consulta aqu\u00ed nuestra Tienda.","og_url":"https:\/\/agritek.co.nz\/spanish\/nuestra-tienda\/","og_site_name":"Agritek","article_publisher":"https:\/\/www.facebook.com\/agriteknz\/","article_modified_time":"2022-11-18T06:12:38+00:00","og_image":[{"width":1024,"height":437,"url":"https:\/\/agritek.co.nz\/spanish\/wp-content\/uploads\/2017\/12\/Coffee_image-1024x437.png","type":"image\/png"}],"twitter_card":"summary_large_image","twitter_misc":{"Est. reading time":"2 minutes"},"schema":{"@context":"https:\/\/schema.org","@graph":[{"@type":"WebPage","@id":"https:\/\/agritek.co.nz\/spanish\/nuestra-tienda\/","url":"https:\/\/agritek.co.nz\/spanish\/nuestra-tienda\/","name":"Nuestra Tienda - Agritek Sustainable Solutions","isPartOf":{"@id":"https:\/\/agritek.co.nz\/spanish\/#website"},"primaryImageOfPage":{"@id":"https:\/\/agritek.co.nz\/spanish\/nuestra-tienda\/#primaryimage"},"image":{"@id":"https:\/\/agritek.co.nz\/spanish\/nuestra-tienda\/#primaryimage"},"thumbnailUrl":"http:\/\/agritek.co.nz\/spanish\/wp-content\/uploads\/2017\/12\/Coffee_image.png","datePublished":"2022-03-08T09:50:44+00:00","dateModified":"2022-11-18T06:12:38+00:00","description":"AGRITEK est\u00e1 especializada en biofertilizantes agr\u00edcolas, biorremediaci\u00f3n, tratamiento de aguas y sanidad animal Consulta aqu\u00ed nuestra Tienda.","breadcrumb":{"@id":"https:\/\/agritek.co.nz\/spanish\/nuestra-tienda\/#breadcrumb"},"inLanguage":"en-US","potentialAction":[{"@type":"ReadAction","target":["https:\/\/agritek.co.nz\/spanish\/nuestra-tienda\/"]}]},{"@type":"ImageObject","inLanguage":"en-US","@id":"https:\/\/agritek.co.nz\/spanish\/nuestra-tienda\/#primaryimage","url":"http:\/\/agritek.co.nz\/spanish\/wp-content\/uploads\/2017\/12\/Coffee_image.png","contentUrl":"http:\/\/agritek.co.nz\/spanish\/wp-content\/uploads\/2017\/12\/Coffee_image.png","width":1920,"height":820,"caption":"Nuestra tienda, ARROZ-SHIELD"},{"@type":"BreadcrumbList","@id":"https:\/\/agritek.co.nz\/spanish\/nuestra-tienda\/#breadcrumb","itemListElement":[{"@type":"ListItem","position":1,"name":"Home","item":"https:\/\/agritek.co.nz\/spanish\/"},{"@type":"ListItem","position":2,"name":"Nuestra Tienda"}]},{"@type":"WebSite","@id":"https:\/\/agritek.co.nz\/spanish\/#website","url":"https:\/\/agritek.co.nz\/spanish\/","name":"Agritek","description":"Soluciones Sostenibles","publisher":{"@id":"https:\/\/agritek.co.nz\/spanish\/#organization"},"potentialAction":[{"@type":"SearchAction","target":{"@type":"EntryPoint","urlTemplate":"https:\/\/agritek.co.nz\/spanish\/?s={search_term_string}"},"query-input":{"@type":"PropertyValueSpecification","valueRequired":true,"valueName":"search_term_string"}}],"inLanguage":"en-US"},{"@type":"Organization","@id":"https:\/\/agritek.co.nz\/spanish\/#organization","name":"Agritek","url":"https:\/\/agritek.co.nz\/spanish\/","logo":{"@type":"ImageObject","inLanguage":"en-US","@id":"https:\/\/agritek.co.nz\/spanish\/#\/schema\/logo\/image\/","url":"https:\/\/agritek.co.nz\/spanish\/wp-content\/uploads\/2017\/12\/logo-1.png","contentUrl":"https:\/\/agritek.co.nz\/spanish\/wp-content\/uploads\/2017\/12\/logo-1.png","width":317,"height":115,"caption":"Agritek"},"image":{"@id":"https:\/\/agritek.co.nz\/spanish\/#\/schema\/logo\/image\/"},"sameAs":["https:\/\/www.facebook.com\/agriteknz\/"]}]}},"_links":{"self":[{"href":"http:\/\/agritek.co.nz\/spanish\/wp-json\/wp\/v2\/pages\/2192","targetHints":{"allow":["GET"]}}],"collection":[{"href":"http:\/\/agritek.co.nz\/spanish\/wp-json\/wp\/v2\/pages"}],"about":[{"href":"http:\/\/agritek.co.nz\/spanish\/wp-json\/wp\/v2\/types\/page"}],"author":[{"embeddable":true,"href":"http:\/\/agritek.co.nz\/spanish\/wp-json\/wp\/v2\/users\/1"}],"replies":[{"embeddable":true,"href":"http:\/\/agritek.co.nz\/spanish\/wp-json\/wp\/v2\/comments?post=2192"}],"version-history":[{"count":12,"href":"http:\/\/agritek.co.nz\/spanish\/wp-json\/wp\/v2\/pages\/2192\/revisions"}],"predecessor-version":[{"id":2320,"href":"http:\/\/agritek.co.nz\/spanish\/wp-json\/wp\/v2\/pages\/2192\/revisions\/2320"}],"wp:featuredmedia":[{"embeddable":true,"href":"http:\/\/agritek.co.nz\/spanish\/wp-json\/wp\/v2\/media\/1453"}],"wp:attachment":[{"href":"http:\/\/agritek.co.nz\/spanish\/wp-json\/wp\/v2\/media?parent=2192"}],"curies":[{"name":"wp","href":"https:\/\/api.w.org\/{rel}","templated":true}]}}