{"id":2070,"date":"2018-09-06T01:29:31","date_gmt":"2018-09-06T01:29:31","guid":{"rendered":"http:\/\/agritek.co.nz\/spanish\/?page_id=2070"},"modified":"2022-11-18T14:28:37","modified_gmt":"2022-11-18T14:28:37","slug":"vermicompost","status":"publish","type":"page","link":"http:\/\/agritek.co.nz\/spanish\/vermicompost\/","title":{"rendered":"Vermicompost"},"content":{"rendered":"<p>Vermicompost est\u00e1 hecho de desechos biodegradables que est\u00e1n f\u00e1cilmente disponibles. Cultiva cultivos sin la ayuda de insecticidas y medicamentos. Ayuda a retener la fertilidad del suelo. Sin embargo, no muchas personas conocen sus ventajas. Vermicompost es rico en \u00e1cidos h\u00famicos y puede mejorar la estructura del suelo.<\/p>\n<p>El vermicompostaje es un <a href=\"https:\/\/agritek.co.nz\/spanish\/nuestra-tienda\/\">fertilizante<\/a> org\u00e1nico de alto valor que no solo aumenta el crecimiento y la productividad de la planta mediante el suministro de nutrientes, sino que tambi\u00e9n es rentable y libre de contaminaci\u00f3n. El uso de vermicompost promueve la agregaci\u00f3n del suelo y estabiliza la estructura del suelo. Esto mejora la relaci\u00f3n aire-agua del suelo, aumentando as\u00ed la capacidad de retenci\u00f3n de agua y fomenta el desarrollo extensivo del sistema de ra\u00edces de las plantas. Se observa que la mineralizaci\u00f3n de nutrientes se mejora, por lo tanto, los resultados en el aumento de la productividad de los cultivos.<\/p>\n<p>El vermicompuesto producido a partir de materiales de desecho no solo tiene efectos beneficiosos sobre la salud y el crecimiento del suelo, la calidad y el rendimiento de los cultivos, sino que tambi\u00e9n desempe\u00f1a un papel vital en la erradicaci\u00f3n de los peligros de la contaminaci\u00f3n. Vermicompost se puede utilizar para todos los cultivos agr\u00edcolas, hort\u00edcolas, ornamentales y vegetales en cualquier etapa del cultivo. Reducir\u00e1 la necesidad de m\u00e1s tierras para el desecho de frutas y vegetales en el futuro cercano. Ayuda a crear mejores entornos, por lo tanto, reduce el riesgo ecol\u00f3gico.<\/p>\n<p><img fetchpriority=\"high\" decoding=\"async\" class=\"alignnone size-medium wp-image-2071\" src=\"http:\/\/agritek.co.nz\/spanish\/wp-content\/uploads\/2018\/09\/Screen-Shot-2018-09-05-at-9.19.41-PM-300x260.png\" alt=\"\" width=\"300\" height=\"260\" srcset=\"http:\/\/agritek.co.nz\/spanish\/wp-content\/uploads\/2018\/09\/Screen-Shot-2018-09-05-at-9.19.41-PM-300x260.png 300w, http:\/\/agritek.co.nz\/spanish\/wp-content\/uploads\/2018\/09\/Screen-Shot-2018-09-05-at-9.19.41-PM-600x520.png 600w, http:\/\/agritek.co.nz\/spanish\/wp-content\/uploads\/2018\/09\/Screen-Shot-2018-09-05-at-9.19.41-PM-768x666.png 768w, http:\/\/agritek.co.nz\/spanish\/wp-content\/uploads\/2018\/09\/Screen-Shot-2018-09-05-at-9.19.41-PM.png 830w\" sizes=\"(max-width: 300px) 100vw, 300px\" \/><\/p>\n<p><img decoding=\"async\" class=\"alignnone wp-image-2072 size-full\" src=\"http:\/\/agritek.co.nz\/spanish\/wp-content\/uploads\/2018\/09\/Solucan-Gu\u0308bresi-U\u0308retimi-ve-Kullan\u0131m\u0131.jpg\" alt=\"Vermicompost\" width=\"600\" height=\"345\" srcset=\"http:\/\/agritek.co.nz\/spanish\/wp-content\/uploads\/2018\/09\/Solucan-Gu\u0308bresi-U\u0308retimi-ve-Kullan\u0131m\u0131.jpg 600w, http:\/\/agritek.co.nz\/spanish\/wp-content\/uploads\/2018\/09\/Solucan-Gu\u0308bresi-U\u0308retimi-ve-Kullan\u0131m\u0131-350x201.jpg 350w\" sizes=\"(max-width: 600px) 100vw, 600px\" \/><\/p>\n<p><img decoding=\"async\" class=\"alignnone wp-image-2073 size-medium\" src=\"http:\/\/agritek.co.nz\/spanish\/wp-content\/uploads\/2018\/09\/red-worm-composting-300x169.jpg\" alt=\"Vermicompost\" width=\"300\" height=\"169\" srcset=\"http:\/\/agritek.co.nz\/spanish\/wp-content\/uploads\/2018\/09\/red-worm-composting-300x169.jpg 300w, http:\/\/agritek.co.nz\/spanish\/wp-content\/uploads\/2018\/09\/red-worm-composting-600x338.jpg 600w, http:\/\/agritek.co.nz\/spanish\/wp-content\/uploads\/2018\/09\/red-worm-composting.jpg 852w\" sizes=\"(max-width: 300px) 100vw, 300px\" \/><\/p>\n<p><img loading=\"lazy\" decoding=\"async\" class=\"alignnone wp-image-2074 size-full\" src=\"http:\/\/agritek.co.nz\/spanish\/wp-content\/uploads\/2018\/09\/phan-giun-que-mua-o-dau.jpg\" alt=\"Vermicompost\" width=\"600\" height=\"398\" srcset=\"http:\/\/agritek.co.nz\/spanish\/wp-content\/uploads\/2018\/09\/phan-giun-que-mua-o-dau.jpg 600w, http:\/\/agritek.co.nz\/spanish\/wp-content\/uploads\/2018\/09\/phan-giun-que-mua-o-dau-350x232.jpg 350w\" sizes=\"(max-width: 600px) 100vw, 600px\" \/><\/p>\n<p><img loading=\"lazy\" decoding=\"async\" class=\"alignnone size-medium wp-image-2076\" src=\"http:\/\/agritek.co.nz\/spanish\/wp-content\/uploads\/2018\/09\/product-vermicompost-300x225.jpg\" alt=\"\" width=\"600\" height=\"450\" srcset=\"http:\/\/agritek.co.nz\/spanish\/wp-content\/uploads\/2018\/09\/product-vermicompost-300x225.jpg 300w, http:\/\/agritek.co.nz\/spanish\/wp-content\/uploads\/2018\/09\/product-vermicompost-350x263.jpg 350w, http:\/\/agritek.co.nz\/spanish\/wp-content\/uploads\/2018\/09\/product-vermicompost.jpg 500w\" sizes=\"(max-width: 600px) 100vw, 600px\" \/><\/p>\n","protected":false},"excerpt":{"rendered":"<p>Vermicompost est\u00e1 hecho de desechos biodegradables que est\u00e1n f\u00e1cilmente disponibles. Cultiva cultivos sin la ayuda de insecticidas y medicamentos. Ayuda a retener la fertilidad del suelo. Sin embargo, no muchas personas conocen sus ventajas. Vermicompost es rico en \u00e1cidos h\u00famicos y puede mejorar la estructura del suelo. El vermicompostaje es un fertilizante org\u00e1nico de alto [&hellip;]<\/p>\n","protected":false},"author":1,"featured_media":0,"parent":0,"menu_order":0,"comment_status":"closed","ping_status":"closed","template":"","meta":{"_acf_changed":false,"footnotes":""},"class_list":["post-2070","page","type-page","status-publish","hentry"],"acf":[],"yoast_head":"<!-- This site is optimized with the Yoast SEO plugin v27.2 - https:\/\/yoast.com\/product\/yoast-seo-wordpress\/ -->\n<title>Vermicompost - Agritek Sustainable Solutions<\/title>\n<meta name=\"description\" content=\"Vermicompost est\u00e1 hecho de desechos biodegradables que est\u00e1n f\u00e1cilmente disponibles. Este es un fertilizante org\u00e1nico de alto valor.\" \/>\n<meta name=\"robots\" content=\"index, follow, max-snippet:-1, max-image-preview:large, max-video-preview:-1\" \/>\n<link rel=\"canonical\" href=\"http:\/\/agritek.co.nz\/spanish\/vermicompost\/\" \/>\n<meta property=\"og:locale\" content=\"en_US\" \/>\n<meta property=\"og:type\" content=\"article\" \/>\n<meta property=\"og:title\" content=\"Vermicompost - Agritek Sustainable Solutions\" \/>\n<meta property=\"og:description\" content=\"Vermicompost est\u00e1 hecho de desechos biodegradables que est\u00e1n f\u00e1cilmente disponibles. Este es un fertilizante org\u00e1nico de alto valor.\" \/>\n<meta property=\"og:url\" content=\"http:\/\/agritek.co.nz\/spanish\/vermicompost\/\" \/>\n<meta property=\"og:site_name\" content=\"Agritek\" \/>\n<meta property=\"article:publisher\" content=\"https:\/\/www.facebook.com\/agriteknz\/\" \/>\n<meta property=\"article:modified_time\" content=\"2022-11-18T14:28:37+00:00\" \/>\n<meta property=\"og:image\" content=\"http:\/\/agritek.co.nz\/spanish\/wp-content\/uploads\/2018\/09\/Screen-Shot-2018-09-05-at-9.19.41-PM-300x260.png\" \/>\n<meta name=\"twitter:card\" content=\"summary_large_image\" \/>\n<meta name=\"twitter:label1\" content=\"Est. reading time\" \/>\n\t<meta name=\"twitter:data1\" content=\"3 minutes\" \/>\n<script type=\"application\/ld+json\" class=\"yoast-schema-graph\">{\"@context\":\"https:\/\/schema.org\",\"@graph\":[{\"@type\":\"WebPage\",\"@id\":\"http:\/\/agritek.co.nz\/spanish\/vermicompost\/\",\"url\":\"http:\/\/agritek.co.nz\/spanish\/vermicompost\/\",\"name\":\"Vermicompost - Agritek Sustainable Solutions\",\"isPartOf\":{\"@id\":\"https:\/\/agritek.co.nz\/spanish\/#website\"},\"primaryImageOfPage\":{\"@id\":\"http:\/\/agritek.co.nz\/spanish\/vermicompost\/#primaryimage\"},\"image\":{\"@id\":\"http:\/\/agritek.co.nz\/spanish\/vermicompost\/#primaryimage\"},\"thumbnailUrl\":\"http:\/\/agritek.co.nz\/spanish\/wp-content\/uploads\/2018\/09\/Screen-Shot-2018-09-05-at-9.19.41-PM-300x260.png\",\"datePublished\":\"2018-09-06T01:29:31+00:00\",\"dateModified\":\"2022-11-18T14:28:37+00:00\",\"description\":\"Vermicompost est\u00e1 hecho de desechos biodegradables que est\u00e1n f\u00e1cilmente disponibles. Este es un fertilizante org\u00e1nico de alto valor.\",\"breadcrumb\":{\"@id\":\"http:\/\/agritek.co.nz\/spanish\/vermicompost\/#breadcrumb\"},\"inLanguage\":\"en-US\",\"potentialAction\":[{\"@type\":\"ReadAction\",\"target\":[\"http:\/\/agritek.co.nz\/spanish\/vermicompost\/\"]}]},{\"@type\":\"ImageObject\",\"inLanguage\":\"en-US\",\"@id\":\"http:\/\/agritek.co.nz\/spanish\/vermicompost\/#primaryimage\",\"url\":\"http:\/\/agritek.co.nz\/spanish\/wp-content\/uploads\/2018\/09\/Screen-Shot-2018-09-05-at-9.19.41-PM.png\",\"contentUrl\":\"http:\/\/agritek.co.nz\/spanish\/wp-content\/uploads\/2018\/09\/Screen-Shot-2018-09-05-at-9.19.41-PM.png\",\"width\":830,\"height\":720},{\"@type\":\"BreadcrumbList\",\"@id\":\"http:\/\/agritek.co.nz\/spanish\/vermicompost\/#breadcrumb\",\"itemListElement\":[{\"@type\":\"ListItem\",\"position\":1,\"name\":\"Home\",\"item\":\"https:\/\/agritek.co.nz\/spanish\/\"},{\"@type\":\"ListItem\",\"position\":2,\"name\":\"Vermicompost\"}]},{\"@type\":\"WebSite\",\"@id\":\"https:\/\/agritek.co.nz\/spanish\/#website\",\"url\":\"https:\/\/agritek.co.nz\/spanish\/\",\"name\":\"Agritek\",\"description\":\"Soluciones Sostenibles\",\"publisher\":{\"@id\":\"https:\/\/agritek.co.nz\/spanish\/#organization\"},\"potentialAction\":[{\"@type\":\"SearchAction\",\"target\":{\"@type\":\"EntryPoint\",\"urlTemplate\":\"https:\/\/agritek.co.nz\/spanish\/?s={search_term_string}\"},\"query-input\":{\"@type\":\"PropertyValueSpecification\",\"valueRequired\":true,\"valueName\":\"search_term_string\"}}],\"inLanguage\":\"en-US\"},{\"@type\":\"Organization\",\"@id\":\"https:\/\/agritek.co.nz\/spanish\/#organization\",\"name\":\"Agritek\",\"url\":\"https:\/\/agritek.co.nz\/spanish\/\",\"logo\":{\"@type\":\"ImageObject\",\"inLanguage\":\"en-US\",\"@id\":\"https:\/\/agritek.co.nz\/spanish\/#\/schema\/logo\/image\/\",\"url\":\"https:\/\/agritek.co.nz\/spanish\/wp-content\/uploads\/2017\/12\/logo-1.png\",\"contentUrl\":\"https:\/\/agritek.co.nz\/spanish\/wp-content\/uploads\/2017\/12\/logo-1.png\",\"width\":317,\"height\":115,\"caption\":\"Agritek\"},\"image\":{\"@id\":\"https:\/\/agritek.co.nz\/spanish\/#\/schema\/logo\/image\/\"},\"sameAs\":[\"https:\/\/www.facebook.com\/agriteknz\/\"]}]}<\/script>\n<!-- \/ Yoast SEO plugin. -->","yoast_head_json":{"title":"Vermicompost - Agritek Sustainable Solutions","description":"Vermicompost est\u00e1 hecho de desechos biodegradables que est\u00e1n f\u00e1cilmente disponibles. Este es un fertilizante org\u00e1nico de alto valor.","robots":{"index":"index","follow":"follow","max-snippet":"max-snippet:-1","max-image-preview":"max-image-preview:large","max-video-preview":"max-video-preview:-1"},"canonical":"http:\/\/agritek.co.nz\/spanish\/vermicompost\/","og_locale":"en_US","og_type":"article","og_title":"Vermicompost - Agritek Sustainable Solutions","og_description":"Vermicompost est\u00e1 hecho de desechos biodegradables que est\u00e1n f\u00e1cilmente disponibles. Este es un fertilizante org\u00e1nico de alto valor.","og_url":"http:\/\/agritek.co.nz\/spanish\/vermicompost\/","og_site_name":"Agritek","article_publisher":"https:\/\/www.facebook.com\/agriteknz\/","article_modified_time":"2022-11-18T14:28:37+00:00","og_image":[{"url":"http:\/\/agritek.co.nz\/spanish\/wp-content\/uploads\/2018\/09\/Screen-Shot-2018-09-05-at-9.19.41-PM-300x260.png","type":"","width":"","height":""}],"twitter_card":"summary_large_image","twitter_misc":{"Est. reading time":"3 minutes"},"schema":{"@context":"https:\/\/schema.org","@graph":[{"@type":"WebPage","@id":"http:\/\/agritek.co.nz\/spanish\/vermicompost\/","url":"http:\/\/agritek.co.nz\/spanish\/vermicompost\/","name":"Vermicompost - Agritek Sustainable Solutions","isPartOf":{"@id":"https:\/\/agritek.co.nz\/spanish\/#website"},"primaryImageOfPage":{"@id":"http:\/\/agritek.co.nz\/spanish\/vermicompost\/#primaryimage"},"image":{"@id":"http:\/\/agritek.co.nz\/spanish\/vermicompost\/#primaryimage"},"thumbnailUrl":"http:\/\/agritek.co.nz\/spanish\/wp-content\/uploads\/2018\/09\/Screen-Shot-2018-09-05-at-9.19.41-PM-300x260.png","datePublished":"2018-09-06T01:29:31+00:00","dateModified":"2022-11-18T14:28:37+00:00","description":"Vermicompost est\u00e1 hecho de desechos biodegradables que est\u00e1n f\u00e1cilmente disponibles. Este es un fertilizante org\u00e1nico de alto valor.","breadcrumb":{"@id":"http:\/\/agritek.co.nz\/spanish\/vermicompost\/#breadcrumb"},"inLanguage":"en-US","potentialAction":[{"@type":"ReadAction","target":["http:\/\/agritek.co.nz\/spanish\/vermicompost\/"]}]},{"@type":"ImageObject","inLanguage":"en-US","@id":"http:\/\/agritek.co.nz\/spanish\/vermicompost\/#primaryimage","url":"http:\/\/agritek.co.nz\/spanish\/wp-content\/uploads\/2018\/09\/Screen-Shot-2018-09-05-at-9.19.41-PM.png","contentUrl":"http:\/\/agritek.co.nz\/spanish\/wp-content\/uploads\/2018\/09\/Screen-Shot-2018-09-05-at-9.19.41-PM.png","width":830,"height":720},{"@type":"BreadcrumbList","@id":"http:\/\/agritek.co.nz\/spanish\/vermicompost\/#breadcrumb","itemListElement":[{"@type":"ListItem","position":1,"name":"Home","item":"https:\/\/agritek.co.nz\/spanish\/"},{"@type":"ListItem","position":2,"name":"Vermicompost"}]},{"@type":"WebSite","@id":"https:\/\/agritek.co.nz\/spanish\/#website","url":"https:\/\/agritek.co.nz\/spanish\/","name":"Agritek","description":"Soluciones Sostenibles","publisher":{"@id":"https:\/\/agritek.co.nz\/spanish\/#organization"},"potentialAction":[{"@type":"SearchAction","target":{"@type":"EntryPoint","urlTemplate":"https:\/\/agritek.co.nz\/spanish\/?s={search_term_string}"},"query-input":{"@type":"PropertyValueSpecification","valueRequired":true,"valueName":"search_term_string"}}],"inLanguage":"en-US"},{"@type":"Organization","@id":"https:\/\/agritek.co.nz\/spanish\/#organization","name":"Agritek","url":"https:\/\/agritek.co.nz\/spanish\/","logo":{"@type":"ImageObject","inLanguage":"en-US","@id":"https:\/\/agritek.co.nz\/spanish\/#\/schema\/logo\/image\/","url":"https:\/\/agritek.co.nz\/spanish\/wp-content\/uploads\/2017\/12\/logo-1.png","contentUrl":"https:\/\/agritek.co.nz\/spanish\/wp-content\/uploads\/2017\/12\/logo-1.png","width":317,"height":115,"caption":"Agritek"},"image":{"@id":"https:\/\/agritek.co.nz\/spanish\/#\/schema\/logo\/image\/"},"sameAs":["https:\/\/www.facebook.com\/agriteknz\/"]}]}},"_links":{"self":[{"href":"http:\/\/agritek.co.nz\/spanish\/wp-json\/wp\/v2\/pages\/2070","targetHints":{"allow":["GET"]}}],"collection":[{"href":"http:\/\/agritek.co.nz\/spanish\/wp-json\/wp\/v2\/pages"}],"about":[{"href":"http:\/\/agritek.co.nz\/spanish\/wp-json\/wp\/v2\/types\/page"}],"author":[{"embeddable":true,"href":"http:\/\/agritek.co.nz\/spanish\/wp-json\/wp\/v2\/users\/1"}],"replies":[{"embeddable":true,"href":"http:\/\/agritek.co.nz\/spanish\/wp-json\/wp\/v2\/comments?post=2070"}],"version-history":[{"count":6,"href":"http:\/\/agritek.co.nz\/spanish\/wp-json\/wp\/v2\/pages\/2070\/revisions"}],"predecessor-version":[{"id":2356,"href":"http:\/\/agritek.co.nz\/spanish\/wp-json\/wp\/v2\/pages\/2070\/revisions\/2356"}],"wp:attachment":[{"href":"http:\/\/agritek.co.nz\/spanish\/wp-json\/wp\/v2\/media?parent=2070"}],"curies":[{"name":"wp","href":"https:\/\/api.w.org\/{rel}","templated":true}]}}