{"id":2062,"date":"2018-09-06T00:54:45","date_gmt":"2018-09-06T00:54:45","guid":{"rendered":"http:\/\/agritek.co.nz\/spanish\/?page_id=2062"},"modified":"2022-11-19T05:11:11","modified_gmt":"2022-11-19T05:11:11","slug":"bio-fungicida","status":"publish","type":"page","link":"http:\/\/agritek.co.nz\/spanish\/bio-fungicida\/","title":{"rendered":"CONQUER"},"content":{"rendered":"<p>CONQUER es una formulaci\u00f3n biol\u00f3gica que contiene una gama selecta de microbios beneficiosos para el suelo adecuados para controlar una amplia gama de enfermedades bacterianas y f\u00fangicas en cultivos agr\u00edcolas y hort\u00edcolas. Los <a href=\"https:\/\/greenfort.com.mx\/biofungicidas\/\">biofungicidas<\/a> act\u00faanpara proteger la planta de varias formas diferentes. Forman una barrera defensiva alrededor del sistema radicular o rizosfera,protegiendo as\u00ed las ra\u00edces de las plantas del ataque de hongos da\u00f1inos.<\/p>\n<p>Atacan y se alimentan de pat\u00f3genos da\u00f1inos y tambi\u00e9n producen productos qu\u00edmicos similares a los antibi\u00f3ticos, que son t\u00f3xicospara los pat\u00f3genos invasores. Adem\u00e1s, estos compuestos naturales activan los sistemas de defensa inmunol\u00f3gica de la planta contra un amplio espectro de plagas de insectos y enfermedades de las plantas.<\/p>\n<p>CONQUER es un producto no t\u00f3xico, respetuoso con el medio ambiente y se puede aplicar hasta la cosecha del cultivo, lo que ayuda a controlar las enfermedades durante todo el per\u00edodo de crecimiento.<\/p>\n<p>&nbsp;<\/p>\n<p><strong>\u00bfC\u00f3mo funcionan los bio-fungicidas?<\/strong><\/p>\n<div>\u2022 Producen sustancias qu\u00edmicas similares a los antibi\u00f3ticos, que son t\u00f3xicas para el pat\u00f3geno invasor.<\/div>\n<div>\u2022 Tambi\u00e9n pueden atacar y alimentarse del pat\u00f3geno da\u00f1ino.<\/div>\n<div>\u2022 Estimulan los propios mecanismos de defensa inmunol\u00f3gica de la planta.<\/div>\n<div>\u2022 Crecen una barrera defensiva alrededor del sistema de ra\u00edces que protege las ra\u00edces de los hongos que atacan da\u00f1inos.<\/div>\n<div><\/div>\n<div><\/div>\n<div>\n<p><strong>Enfermedad objetivo:<\/strong><\/p>\n<p>Muy eficaz para los pat\u00f3genos vegetales como Fusarium spp.<\/p>\n<p>Verticillium spp., Phytopthora spp., Pythium spp., Rhizoctonia spp.,<\/p>\n<p>Botrytis spp., Sclerotium spp., Sclerotinia sp. , Xanthomons sp. etc.<\/p>\n<p>&nbsp;<\/p>\n<\/div>\n<p><strong>Composici\u00f3n<\/strong><\/p>\n<p>Cultura viva: 1&#215;10^8 CFU\/ml<\/p>\n<div>\u2022 Bacillus subtilis<\/div>\n<div>\u2022 Ampelomyces quisqualis<\/div>\n<div>\u2022 Pseudomonas fluorescens<\/div>\n<div>\u2022 Streptomyces lydicus<\/div>\n<div><\/div>\n<div><\/div>\n<div><\/div>\n<div><img decoding=\"async\" class=\"alignnone wp-image-2283 size-medium\" src=\"http:\/\/agritek.co.nz\/spanish\/wp-content\/uploads\/2022\/03\/Conquer-98x300.png\" alt=\"CONQUER\" width=\"98\" height=\"300\" \/><\/div>\n","protected":false},"excerpt":{"rendered":"<p>CONQUER es una formulaci\u00f3n biol\u00f3gica que contiene una gama selecta de microbios beneficiosos para el suelo adecuados para controlar una amplia gama de enfermedades bacterianas y f\u00fangicas en cultivos agr\u00edcolas y hort\u00edcolas. Los biofungicidas act\u00faanpara proteger la planta de varias formas diferentes. Forman una barrera defensiva alrededor del sistema radicular o rizosfera,protegiendo as\u00ed las ra\u00edces [&hellip;]<\/p>\n","protected":false},"author":1,"featured_media":0,"parent":0,"menu_order":0,"comment_status":"closed","ping_status":"closed","template":"","meta":{"_acf_changed":false,"footnotes":""},"class_list":["post-2062","page","type-page","status-publish","hentry"],"acf":[],"yoast_head":"<!-- This site is optimized with the Yoast SEO plugin v27.2 - https:\/\/yoast.com\/product\/yoast-seo-wordpress\/ -->\n<title>Conquer - Agritek Sustainable Solutions | Nueva Zelanda<\/title>\n<meta name=\"description\" content=\"CONQUER no es t\u00f3xico, es respetuoso con el medio ambiente y se puede aplicar hasta la cosecha del cultivo. Consulta aqu\u00ed c\u00f3mo funciona.\" \/>\n<meta name=\"robots\" content=\"index, follow, max-snippet:-1, max-image-preview:large, max-video-preview:-1\" \/>\n<link rel=\"canonical\" href=\"http:\/\/agritek.co.nz\/spanish\/bio-fungicida\/\" \/>\n<meta property=\"og:locale\" content=\"en_US\" \/>\n<meta property=\"og:type\" content=\"article\" \/>\n<meta property=\"og:title\" content=\"Conquer - Agritek Sustainable Solutions | Nueva Zelanda\" \/>\n<meta property=\"og:description\" content=\"CONQUER no es t\u00f3xico, es respetuoso con el medio ambiente y se puede aplicar hasta la cosecha del cultivo. Consulta aqu\u00ed c\u00f3mo funciona.\" \/>\n<meta property=\"og:url\" content=\"http:\/\/agritek.co.nz\/spanish\/bio-fungicida\/\" \/>\n<meta property=\"og:site_name\" content=\"Agritek\" \/>\n<meta property=\"article:publisher\" content=\"https:\/\/www.facebook.com\/agriteknz\/\" \/>\n<meta property=\"article:modified_time\" content=\"2022-11-19T05:11:11+00:00\" \/>\n<meta property=\"og:image\" content=\"http:\/\/agritek.co.nz\/spanish\/wp-content\/uploads\/2022\/03\/Conquer-98x300.png\" \/>\n<meta name=\"twitter:card\" content=\"summary_large_image\" \/>\n<meta name=\"twitter:label1\" content=\"Est. reading time\" \/>\n\t<meta name=\"twitter:data1\" content=\"2 minutes\" \/>\n<script type=\"application\/ld+json\" class=\"yoast-schema-graph\">{\"@context\":\"https:\/\/schema.org\",\"@graph\":[{\"@type\":\"WebPage\",\"@id\":\"http:\/\/agritek.co.nz\/spanish\/bio-fungicida\/\",\"url\":\"http:\/\/agritek.co.nz\/spanish\/bio-fungicida\/\",\"name\":\"Conquer - Agritek Sustainable Solutions | Nueva Zelanda\",\"isPartOf\":{\"@id\":\"https:\/\/agritek.co.nz\/spanish\/#website\"},\"primaryImageOfPage\":{\"@id\":\"http:\/\/agritek.co.nz\/spanish\/bio-fungicida\/#primaryimage\"},\"image\":{\"@id\":\"http:\/\/agritek.co.nz\/spanish\/bio-fungicida\/#primaryimage\"},\"thumbnailUrl\":\"http:\/\/agritek.co.nz\/spanish\/wp-content\/uploads\/2022\/03\/Conquer-98x300.png\",\"datePublished\":\"2018-09-06T00:54:45+00:00\",\"dateModified\":\"2022-11-19T05:11:11+00:00\",\"description\":\"CONQUER no es t\u00f3xico, es respetuoso con el medio ambiente y se puede aplicar hasta la cosecha del cultivo. Consulta aqu\u00ed c\u00f3mo funciona.\",\"breadcrumb\":{\"@id\":\"http:\/\/agritek.co.nz\/spanish\/bio-fungicida\/#breadcrumb\"},\"inLanguage\":\"en-US\",\"potentialAction\":[{\"@type\":\"ReadAction\",\"target\":[\"http:\/\/agritek.co.nz\/spanish\/bio-fungicida\/\"]}]},{\"@type\":\"ImageObject\",\"inLanguage\":\"en-US\",\"@id\":\"http:\/\/agritek.co.nz\/spanish\/bio-fungicida\/#primaryimage\",\"url\":\"http:\/\/agritek.co.nz\/spanish\/wp-content\/uploads\/2022\/03\/Conquer-98x300.png\",\"contentUrl\":\"http:\/\/agritek.co.nz\/spanish\/wp-content\/uploads\/2022\/03\/Conquer-98x300.png\"},{\"@type\":\"BreadcrumbList\",\"@id\":\"http:\/\/agritek.co.nz\/spanish\/bio-fungicida\/#breadcrumb\",\"itemListElement\":[{\"@type\":\"ListItem\",\"position\":1,\"name\":\"Home\",\"item\":\"https:\/\/agritek.co.nz\/spanish\/\"},{\"@type\":\"ListItem\",\"position\":2,\"name\":\"CONQUER\"}]},{\"@type\":\"WebSite\",\"@id\":\"https:\/\/agritek.co.nz\/spanish\/#website\",\"url\":\"https:\/\/agritek.co.nz\/spanish\/\",\"name\":\"Agritek\",\"description\":\"Soluciones Sostenibles\",\"publisher\":{\"@id\":\"https:\/\/agritek.co.nz\/spanish\/#organization\"},\"potentialAction\":[{\"@type\":\"SearchAction\",\"target\":{\"@type\":\"EntryPoint\",\"urlTemplate\":\"https:\/\/agritek.co.nz\/spanish\/?s={search_term_string}\"},\"query-input\":{\"@type\":\"PropertyValueSpecification\",\"valueRequired\":true,\"valueName\":\"search_term_string\"}}],\"inLanguage\":\"en-US\"},{\"@type\":\"Organization\",\"@id\":\"https:\/\/agritek.co.nz\/spanish\/#organization\",\"name\":\"Agritek\",\"url\":\"https:\/\/agritek.co.nz\/spanish\/\",\"logo\":{\"@type\":\"ImageObject\",\"inLanguage\":\"en-US\",\"@id\":\"https:\/\/agritek.co.nz\/spanish\/#\/schema\/logo\/image\/\",\"url\":\"https:\/\/agritek.co.nz\/spanish\/wp-content\/uploads\/2017\/12\/logo-1.png\",\"contentUrl\":\"https:\/\/agritek.co.nz\/spanish\/wp-content\/uploads\/2017\/12\/logo-1.png\",\"width\":317,\"height\":115,\"caption\":\"Agritek\"},\"image\":{\"@id\":\"https:\/\/agritek.co.nz\/spanish\/#\/schema\/logo\/image\/\"},\"sameAs\":[\"https:\/\/www.facebook.com\/agriteknz\/\"]}]}<\/script>\n<!-- \/ Yoast SEO plugin. -->","yoast_head_json":{"title":"Conquer - Agritek Sustainable Solutions | Nueva Zelanda","description":"CONQUER no es t\u00f3xico, es respetuoso con el medio ambiente y se puede aplicar hasta la cosecha del cultivo. Consulta aqu\u00ed c\u00f3mo funciona.","robots":{"index":"index","follow":"follow","max-snippet":"max-snippet:-1","max-image-preview":"max-image-preview:large","max-video-preview":"max-video-preview:-1"},"canonical":"http:\/\/agritek.co.nz\/spanish\/bio-fungicida\/","og_locale":"en_US","og_type":"article","og_title":"Conquer - Agritek Sustainable Solutions | Nueva Zelanda","og_description":"CONQUER no es t\u00f3xico, es respetuoso con el medio ambiente y se puede aplicar hasta la cosecha del cultivo. Consulta aqu\u00ed c\u00f3mo funciona.","og_url":"http:\/\/agritek.co.nz\/spanish\/bio-fungicida\/","og_site_name":"Agritek","article_publisher":"https:\/\/www.facebook.com\/agriteknz\/","article_modified_time":"2022-11-19T05:11:11+00:00","og_image":[{"url":"http:\/\/agritek.co.nz\/spanish\/wp-content\/uploads\/2022\/03\/Conquer-98x300.png","type":"","width":"","height":""}],"twitter_card":"summary_large_image","twitter_misc":{"Est. reading time":"2 minutes"},"schema":{"@context":"https:\/\/schema.org","@graph":[{"@type":"WebPage","@id":"http:\/\/agritek.co.nz\/spanish\/bio-fungicida\/","url":"http:\/\/agritek.co.nz\/spanish\/bio-fungicida\/","name":"Conquer - Agritek Sustainable Solutions | Nueva Zelanda","isPartOf":{"@id":"https:\/\/agritek.co.nz\/spanish\/#website"},"primaryImageOfPage":{"@id":"http:\/\/agritek.co.nz\/spanish\/bio-fungicida\/#primaryimage"},"image":{"@id":"http:\/\/agritek.co.nz\/spanish\/bio-fungicida\/#primaryimage"},"thumbnailUrl":"http:\/\/agritek.co.nz\/spanish\/wp-content\/uploads\/2022\/03\/Conquer-98x300.png","datePublished":"2018-09-06T00:54:45+00:00","dateModified":"2022-11-19T05:11:11+00:00","description":"CONQUER no es t\u00f3xico, es respetuoso con el medio ambiente y se puede aplicar hasta la cosecha del cultivo. Consulta aqu\u00ed c\u00f3mo funciona.","breadcrumb":{"@id":"http:\/\/agritek.co.nz\/spanish\/bio-fungicida\/#breadcrumb"},"inLanguage":"en-US","potentialAction":[{"@type":"ReadAction","target":["http:\/\/agritek.co.nz\/spanish\/bio-fungicida\/"]}]},{"@type":"ImageObject","inLanguage":"en-US","@id":"http:\/\/agritek.co.nz\/spanish\/bio-fungicida\/#primaryimage","url":"http:\/\/agritek.co.nz\/spanish\/wp-content\/uploads\/2022\/03\/Conquer-98x300.png","contentUrl":"http:\/\/agritek.co.nz\/spanish\/wp-content\/uploads\/2022\/03\/Conquer-98x300.png"},{"@type":"BreadcrumbList","@id":"http:\/\/agritek.co.nz\/spanish\/bio-fungicida\/#breadcrumb","itemListElement":[{"@type":"ListItem","position":1,"name":"Home","item":"https:\/\/agritek.co.nz\/spanish\/"},{"@type":"ListItem","position":2,"name":"CONQUER"}]},{"@type":"WebSite","@id":"https:\/\/agritek.co.nz\/spanish\/#website","url":"https:\/\/agritek.co.nz\/spanish\/","name":"Agritek","description":"Soluciones Sostenibles","publisher":{"@id":"https:\/\/agritek.co.nz\/spanish\/#organization"},"potentialAction":[{"@type":"SearchAction","target":{"@type":"EntryPoint","urlTemplate":"https:\/\/agritek.co.nz\/spanish\/?s={search_term_string}"},"query-input":{"@type":"PropertyValueSpecification","valueRequired":true,"valueName":"search_term_string"}}],"inLanguage":"en-US"},{"@type":"Organization","@id":"https:\/\/agritek.co.nz\/spanish\/#organization","name":"Agritek","url":"https:\/\/agritek.co.nz\/spanish\/","logo":{"@type":"ImageObject","inLanguage":"en-US","@id":"https:\/\/agritek.co.nz\/spanish\/#\/schema\/logo\/image\/","url":"https:\/\/agritek.co.nz\/spanish\/wp-content\/uploads\/2017\/12\/logo-1.png","contentUrl":"https:\/\/agritek.co.nz\/spanish\/wp-content\/uploads\/2017\/12\/logo-1.png","width":317,"height":115,"caption":"Agritek"},"image":{"@id":"https:\/\/agritek.co.nz\/spanish\/#\/schema\/logo\/image\/"},"sameAs":["https:\/\/www.facebook.com\/agriteknz\/"]}]}},"_links":{"self":[{"href":"http:\/\/agritek.co.nz\/spanish\/wp-json\/wp\/v2\/pages\/2062","targetHints":{"allow":["GET"]}}],"collection":[{"href":"http:\/\/agritek.co.nz\/spanish\/wp-json\/wp\/v2\/pages"}],"about":[{"href":"http:\/\/agritek.co.nz\/spanish\/wp-json\/wp\/v2\/types\/page"}],"author":[{"embeddable":true,"href":"http:\/\/agritek.co.nz\/spanish\/wp-json\/wp\/v2\/users\/1"}],"replies":[{"embeddable":true,"href":"http:\/\/agritek.co.nz\/spanish\/wp-json\/wp\/v2\/comments?post=2062"}],"version-history":[{"count":8,"href":"http:\/\/agritek.co.nz\/spanish\/wp-json\/wp\/v2\/pages\/2062\/revisions"}],"predecessor-version":[{"id":2370,"href":"http:\/\/agritek.co.nz\/spanish\/wp-json\/wp\/v2\/pages\/2062\/revisions\/2370"}],"wp:attachment":[{"href":"http:\/\/agritek.co.nz\/spanish\/wp-json\/wp\/v2\/media?parent=2062"}],"curies":[{"name":"wp","href":"https:\/\/api.w.org\/{rel}","templated":true}]}}