{"id":2053,"date":"2018-09-06T00:45:39","date_gmt":"2018-09-06T00:45:39","guid":{"rendered":"http:\/\/agritek.co.nz\/spanish\/?page_id=2053"},"modified":"2022-11-19T04:14:54","modified_gmt":"2022-11-19T04:14:54","slug":"bio-insecticida","status":"publish","type":"page","link":"http:\/\/agritek.co.nz\/spanish\/bio-insecticida\/","title":{"rendered":"DEFENDER"},"content":{"rendered":"<p>DEFENDER es una formulaci\u00f3n biol\u00f3gica que puede controlar muchas plagas e insectos que se alimentan de hojas. Es una alternativa ecol\u00f3gica natural a los pesticidas qu\u00edmicos. No es t\u00f3xico y no da\u00f1a a los insectos beneficiosos, incluidaslas abejas mel\u00edferas. DEFENDER contiene una gama selecta de microbios beneficiosos para el suelo que pueden controlarmuchas plagas e insectos. Los microbios producen toxinas proteicas que da\u00f1an el revestimiento intestinal de la plaga del incesto. Los insectos afectados dejan de alimentarse y mueren en 7-10 d\u00edas. La mejor pr\u00e1ctica es comenzar las aplicaciones foliares a principios de la temporada, antes de que aparezcan las plagas. Las esporas microbianas debenentrar en contacto con la plaga objetivo, por lo que es importante lograr una cobertura foliar completa. Los trips, las moscas blancas y los pulgones se encuentran principalmente debajo de las hojas.\u00a0Se recomiendan aplicaciones repetidas.<\/p>\n<p><strong>Insectos objetivo:<\/strong><\/p>\n<p>Escarabajos, trips, \u00e1caros, pulgones, gorgojos, larvas, chinches, avispas, moscas, hormigas, enrolladores de hojas, tolvas, moscasblancas, saltamontes, gusanos, barrenadores y polillas.<\/p>\n<p><strong>NOTAS:<\/strong><\/p>\n<div>\u2022 Aplicar la soluci\u00f3n mezclada lo antes posible.<\/div>\n<div>\u2022 La exposici\u00f3n a la luz directa o al calor durante un per\u00edodo prolongado puede matar las esporas beneficiosas.<\/div>\n<div>\u2022 Mezcle siempre el concentrado con agua no clorada.<\/div>\n<div><\/div>\n<div><strong>Composici\u00f3n<\/strong><\/div>\n<p>Cultura viva : 1&#215;10^8 CFU\/ml<\/p>\n<div>\u2022 <a href=\"https:\/\/agritek.co.nz\/spanish\/beauveria-bassiana\/\">Beauveria bassiana<\/a><\/div>\n<div>\u2022 Metarhizium anisopliae<\/div>\n<div>\u2022 Bacillus thuringiensis var kurstaki<\/div>\n<div>\u2022 Verticillium lecanii<\/div>\n<div>\u2022 Paecilomyces fumosorseus<\/div>\n<p>&nbsp;<\/p>\n<p><img fetchpriority=\"high\" decoding=\"async\" class=\"alignnone wp-image-2057 size-medium\" src=\"http:\/\/agritek.co.nz\/spanish\/wp-content\/uploads\/2018\/09\/insecticida-biologico-beauveria-bassiana-D_NQ_NP_906847-MLV26878390780_022018-F-300x200.jpg\" alt=\"DEFENDER\" width=\"300\" height=\"200\" srcset=\"http:\/\/agritek.co.nz\/spanish\/wp-content\/uploads\/2018\/09\/insecticida-biologico-beauveria-bassiana-D_NQ_NP_906847-MLV26878390780_022018-F-300x200.jpg 300w, http:\/\/agritek.co.nz\/spanish\/wp-content\/uploads\/2018\/09\/insecticida-biologico-beauveria-bassiana-D_NQ_NP_906847-MLV26878390780_022018-F-600x399.jpg 600w, http:\/\/agritek.co.nz\/spanish\/wp-content\/uploads\/2018\/09\/insecticida-biologico-beauveria-bassiana-D_NQ_NP_906847-MLV26878390780_022018-F.jpg 1022w\" sizes=\"(max-width: 300px) 100vw, 300px\" \/><\/p>\n<p><img decoding=\"async\" class=\"alignnone wp-image-2058 size-medium\" src=\"http:\/\/agritek.co.nz\/spanish\/wp-content\/uploads\/2018\/09\/beauveria-bassiana-aphid-en-300x157.jpg\" alt=\"DEFENDER\" width=\"300\" height=\"157\" srcset=\"http:\/\/agritek.co.nz\/spanish\/wp-content\/uploads\/2018\/09\/beauveria-bassiana-aphid-en-300x157.jpg 300w, http:\/\/agritek.co.nz\/spanish\/wp-content\/uploads\/2018\/09\/beauveria-bassiana-aphid-en-600x314.jpg 600w, http:\/\/agritek.co.nz\/spanish\/wp-content\/uploads\/2018\/09\/beauveria-bassiana-aphid-en.jpg 1200w\" sizes=\"(max-width: 300px) 100vw, 300px\" \/><\/p>\n<p>&nbsp;<\/p>\n<p><img decoding=\"async\" class=\"alignnone wp-image-2280 size-medium\" src=\"http:\/\/agritek.co.nz\/spanish\/wp-content\/uploads\/2022\/03\/Defender-98x300.png\" alt=\"DEFENDER\" width=\"98\" height=\"300\" \/><\/p>\n","protected":false},"excerpt":{"rendered":"<p>DEFENDER es una formulaci\u00f3n biol\u00f3gica que puede controlar muchas plagas e insectos que se alimentan de hojas. Es una alternativa ecol\u00f3gica natural a los pesticidas qu\u00edmicos. No es t\u00f3xico y no da\u00f1a a los insectos beneficiosos, incluidaslas abejas mel\u00edferas. DEFENDER contiene una gama selecta de microbios beneficiosos para el suelo que pueden controlarmuchas plagas e [&hellip;]<\/p>\n","protected":false},"author":1,"featured_media":0,"parent":0,"menu_order":0,"comment_status":"closed","ping_status":"closed","template":"","meta":{"_acf_changed":false,"footnotes":""},"class_list":["post-2053","page","type-page","status-publish","hentry"],"acf":[],"yoast_head":"<!-- This site is optimized with the Yoast SEO plugin v27.2 - https:\/\/yoast.com\/product\/yoast-seo-wordpress\/ -->\n<title>Defender - Agritek Sustainable Solutions | Nueva Zelanda<\/title>\n<meta name=\"description\" content=\"DEFENDER es una formulaci\u00f3n biol\u00f3gica que puede controlar muchas plagas e insectos que se alimentan de hojas. consulta aqu\u00ed los detalles.\" \/>\n<meta name=\"robots\" content=\"index, follow, max-snippet:-1, max-image-preview:large, max-video-preview:-1\" \/>\n<link rel=\"canonical\" href=\"https:\/\/agritek.co.nz\/spanish\/bio-insecticida\/\" \/>\n<meta property=\"og:locale\" content=\"en_US\" \/>\n<meta property=\"og:type\" content=\"article\" \/>\n<meta property=\"og:title\" content=\"Defender - Agritek Sustainable Solutions | Nueva Zelanda\" \/>\n<meta property=\"og:description\" content=\"DEFENDER es una formulaci\u00f3n biol\u00f3gica que puede controlar muchas plagas e insectos que se alimentan de hojas. consulta aqu\u00ed los detalles.\" \/>\n<meta property=\"og:url\" content=\"https:\/\/agritek.co.nz\/spanish\/bio-insecticida\/\" \/>\n<meta property=\"og:site_name\" content=\"Agritek\" \/>\n<meta property=\"article:publisher\" content=\"https:\/\/www.facebook.com\/agriteknz\/\" \/>\n<meta property=\"article:modified_time\" content=\"2022-11-19T04:14:54+00:00\" \/>\n<meta property=\"og:image\" content=\"http:\/\/agritek.co.nz\/spanish\/wp-content\/uploads\/2018\/09\/insecticida-biologico-beauveria-bassiana-D_NQ_NP_906847-MLV26878390780_022018-F-300x200.jpg\" \/>\n<meta name=\"twitter:card\" content=\"summary_large_image\" \/>\n<meta name=\"twitter:label1\" content=\"Est. reading time\" \/>\n\t<meta name=\"twitter:data1\" content=\"2 minutes\" \/>\n<script type=\"application\/ld+json\" class=\"yoast-schema-graph\">{\"@context\":\"https:\/\/schema.org\",\"@graph\":[{\"@type\":\"WebPage\",\"@id\":\"https:\/\/agritek.co.nz\/spanish\/bio-insecticida\/\",\"url\":\"https:\/\/agritek.co.nz\/spanish\/bio-insecticida\/\",\"name\":\"Defender - Agritek Sustainable Solutions | Nueva Zelanda\",\"isPartOf\":{\"@id\":\"https:\/\/agritek.co.nz\/spanish\/#website\"},\"primaryImageOfPage\":{\"@id\":\"https:\/\/agritek.co.nz\/spanish\/bio-insecticida\/#primaryimage\"},\"image\":{\"@id\":\"https:\/\/agritek.co.nz\/spanish\/bio-insecticida\/#primaryimage\"},\"thumbnailUrl\":\"http:\/\/agritek.co.nz\/spanish\/wp-content\/uploads\/2018\/09\/insecticida-biologico-beauveria-bassiana-D_NQ_NP_906847-MLV26878390780_022018-F-300x200.jpg\",\"datePublished\":\"2018-09-06T00:45:39+00:00\",\"dateModified\":\"2022-11-19T04:14:54+00:00\",\"description\":\"DEFENDER es una formulaci\u00f3n biol\u00f3gica que puede controlar muchas plagas e insectos que se alimentan de hojas. consulta aqu\u00ed los detalles.\",\"breadcrumb\":{\"@id\":\"https:\/\/agritek.co.nz\/spanish\/bio-insecticida\/#breadcrumb\"},\"inLanguage\":\"en-US\",\"potentialAction\":[{\"@type\":\"ReadAction\",\"target\":[\"https:\/\/agritek.co.nz\/spanish\/bio-insecticida\/\"]}]},{\"@type\":\"ImageObject\",\"inLanguage\":\"en-US\",\"@id\":\"https:\/\/agritek.co.nz\/spanish\/bio-insecticida\/#primaryimage\",\"url\":\"http:\/\/agritek.co.nz\/spanish\/wp-content\/uploads\/2018\/09\/insecticida-biologico-beauveria-bassiana-D_NQ_NP_906847-MLV26878390780_022018-F.jpg\",\"contentUrl\":\"http:\/\/agritek.co.nz\/spanish\/wp-content\/uploads\/2018\/09\/insecticida-biologico-beauveria-bassiana-D_NQ_NP_906847-MLV26878390780_022018-F.jpg\",\"width\":1022,\"height\":680},{\"@type\":\"BreadcrumbList\",\"@id\":\"https:\/\/agritek.co.nz\/spanish\/bio-insecticida\/#breadcrumb\",\"itemListElement\":[{\"@type\":\"ListItem\",\"position\":1,\"name\":\"Home\",\"item\":\"https:\/\/agritek.co.nz\/spanish\/\"},{\"@type\":\"ListItem\",\"position\":2,\"name\":\"DEFENDER\"}]},{\"@type\":\"WebSite\",\"@id\":\"https:\/\/agritek.co.nz\/spanish\/#website\",\"url\":\"https:\/\/agritek.co.nz\/spanish\/\",\"name\":\"Agritek\",\"description\":\"Soluciones Sostenibles\",\"publisher\":{\"@id\":\"https:\/\/agritek.co.nz\/spanish\/#organization\"},\"potentialAction\":[{\"@type\":\"SearchAction\",\"target\":{\"@type\":\"EntryPoint\",\"urlTemplate\":\"https:\/\/agritek.co.nz\/spanish\/?s={search_term_string}\"},\"query-input\":{\"@type\":\"PropertyValueSpecification\",\"valueRequired\":true,\"valueName\":\"search_term_string\"}}],\"inLanguage\":\"en-US\"},{\"@type\":\"Organization\",\"@id\":\"https:\/\/agritek.co.nz\/spanish\/#organization\",\"name\":\"Agritek\",\"url\":\"https:\/\/agritek.co.nz\/spanish\/\",\"logo\":{\"@type\":\"ImageObject\",\"inLanguage\":\"en-US\",\"@id\":\"https:\/\/agritek.co.nz\/spanish\/#\/schema\/logo\/image\/\",\"url\":\"https:\/\/agritek.co.nz\/spanish\/wp-content\/uploads\/2017\/12\/logo-1.png\",\"contentUrl\":\"https:\/\/agritek.co.nz\/spanish\/wp-content\/uploads\/2017\/12\/logo-1.png\",\"width\":317,\"height\":115,\"caption\":\"Agritek\"},\"image\":{\"@id\":\"https:\/\/agritek.co.nz\/spanish\/#\/schema\/logo\/image\/\"},\"sameAs\":[\"https:\/\/www.facebook.com\/agriteknz\/\"]}]}<\/script>\n<!-- \/ Yoast SEO plugin. -->","yoast_head_json":{"title":"Defender - Agritek Sustainable Solutions | Nueva Zelanda","description":"DEFENDER es una formulaci\u00f3n biol\u00f3gica que puede controlar muchas plagas e insectos que se alimentan de hojas. consulta aqu\u00ed los detalles.","robots":{"index":"index","follow":"follow","max-snippet":"max-snippet:-1","max-image-preview":"max-image-preview:large","max-video-preview":"max-video-preview:-1"},"canonical":"https:\/\/agritek.co.nz\/spanish\/bio-insecticida\/","og_locale":"en_US","og_type":"article","og_title":"Defender - Agritek Sustainable Solutions | Nueva Zelanda","og_description":"DEFENDER es una formulaci\u00f3n biol\u00f3gica que puede controlar muchas plagas e insectos que se alimentan de hojas. consulta aqu\u00ed los detalles.","og_url":"https:\/\/agritek.co.nz\/spanish\/bio-insecticida\/","og_site_name":"Agritek","article_publisher":"https:\/\/www.facebook.com\/agriteknz\/","article_modified_time":"2022-11-19T04:14:54+00:00","og_image":[{"url":"http:\/\/agritek.co.nz\/spanish\/wp-content\/uploads\/2018\/09\/insecticida-biologico-beauveria-bassiana-D_NQ_NP_906847-MLV26878390780_022018-F-300x200.jpg","type":"","width":"","height":""}],"twitter_card":"summary_large_image","twitter_misc":{"Est. reading time":"2 minutes"},"schema":{"@context":"https:\/\/schema.org","@graph":[{"@type":"WebPage","@id":"https:\/\/agritek.co.nz\/spanish\/bio-insecticida\/","url":"https:\/\/agritek.co.nz\/spanish\/bio-insecticida\/","name":"Defender - Agritek Sustainable Solutions | Nueva Zelanda","isPartOf":{"@id":"https:\/\/agritek.co.nz\/spanish\/#website"},"primaryImageOfPage":{"@id":"https:\/\/agritek.co.nz\/spanish\/bio-insecticida\/#primaryimage"},"image":{"@id":"https:\/\/agritek.co.nz\/spanish\/bio-insecticida\/#primaryimage"},"thumbnailUrl":"http:\/\/agritek.co.nz\/spanish\/wp-content\/uploads\/2018\/09\/insecticida-biologico-beauveria-bassiana-D_NQ_NP_906847-MLV26878390780_022018-F-300x200.jpg","datePublished":"2018-09-06T00:45:39+00:00","dateModified":"2022-11-19T04:14:54+00:00","description":"DEFENDER es una formulaci\u00f3n biol\u00f3gica que puede controlar muchas plagas e insectos que se alimentan de hojas. consulta aqu\u00ed los detalles.","breadcrumb":{"@id":"https:\/\/agritek.co.nz\/spanish\/bio-insecticida\/#breadcrumb"},"inLanguage":"en-US","potentialAction":[{"@type":"ReadAction","target":["https:\/\/agritek.co.nz\/spanish\/bio-insecticida\/"]}]},{"@type":"ImageObject","inLanguage":"en-US","@id":"https:\/\/agritek.co.nz\/spanish\/bio-insecticida\/#primaryimage","url":"http:\/\/agritek.co.nz\/spanish\/wp-content\/uploads\/2018\/09\/insecticida-biologico-beauveria-bassiana-D_NQ_NP_906847-MLV26878390780_022018-F.jpg","contentUrl":"http:\/\/agritek.co.nz\/spanish\/wp-content\/uploads\/2018\/09\/insecticida-biologico-beauveria-bassiana-D_NQ_NP_906847-MLV26878390780_022018-F.jpg","width":1022,"height":680},{"@type":"BreadcrumbList","@id":"https:\/\/agritek.co.nz\/spanish\/bio-insecticida\/#breadcrumb","itemListElement":[{"@type":"ListItem","position":1,"name":"Home","item":"https:\/\/agritek.co.nz\/spanish\/"},{"@type":"ListItem","position":2,"name":"DEFENDER"}]},{"@type":"WebSite","@id":"https:\/\/agritek.co.nz\/spanish\/#website","url":"https:\/\/agritek.co.nz\/spanish\/","name":"Agritek","description":"Soluciones Sostenibles","publisher":{"@id":"https:\/\/agritek.co.nz\/spanish\/#organization"},"potentialAction":[{"@type":"SearchAction","target":{"@type":"EntryPoint","urlTemplate":"https:\/\/agritek.co.nz\/spanish\/?s={search_term_string}"},"query-input":{"@type":"PropertyValueSpecification","valueRequired":true,"valueName":"search_term_string"}}],"inLanguage":"en-US"},{"@type":"Organization","@id":"https:\/\/agritek.co.nz\/spanish\/#organization","name":"Agritek","url":"https:\/\/agritek.co.nz\/spanish\/","logo":{"@type":"ImageObject","inLanguage":"en-US","@id":"https:\/\/agritek.co.nz\/spanish\/#\/schema\/logo\/image\/","url":"https:\/\/agritek.co.nz\/spanish\/wp-content\/uploads\/2017\/12\/logo-1.png","contentUrl":"https:\/\/agritek.co.nz\/spanish\/wp-content\/uploads\/2017\/12\/logo-1.png","width":317,"height":115,"caption":"Agritek"},"image":{"@id":"https:\/\/agritek.co.nz\/spanish\/#\/schema\/logo\/image\/"},"sameAs":["https:\/\/www.facebook.com\/agriteknz\/"]}]}},"_links":{"self":[{"href":"http:\/\/agritek.co.nz\/spanish\/wp-json\/wp\/v2\/pages\/2053","targetHints":{"allow":["GET"]}}],"collection":[{"href":"http:\/\/agritek.co.nz\/spanish\/wp-json\/wp\/v2\/pages"}],"about":[{"href":"http:\/\/agritek.co.nz\/spanish\/wp-json\/wp\/v2\/types\/page"}],"author":[{"embeddable":true,"href":"http:\/\/agritek.co.nz\/spanish\/wp-json\/wp\/v2\/users\/1"}],"replies":[{"embeddable":true,"href":"http:\/\/agritek.co.nz\/spanish\/wp-json\/wp\/v2\/comments?post=2053"}],"version-history":[{"count":5,"href":"http:\/\/agritek.co.nz\/spanish\/wp-json\/wp\/v2\/pages\/2053\/revisions"}],"predecessor-version":[{"id":2369,"href":"http:\/\/agritek.co.nz\/spanish\/wp-json\/wp\/v2\/pages\/2053\/revisions\/2369"}],"wp:attachment":[{"href":"http:\/\/agritek.co.nz\/spanish\/wp-json\/wp\/v2\/media?parent=2053"}],"curies":[{"name":"wp","href":"https:\/\/api.w.org\/{rel}","templated":true}]}}