{"id":1934,"date":"2018-05-10T09:11:35","date_gmt":"2018-05-10T09:11:35","guid":{"rendered":"http:\/\/agritek.co.nz\/spanish\/?page_id=1934"},"modified":"2022-11-18T15:00:27","modified_gmt":"2022-11-18T15:00:27","slug":"root-boost","status":"publish","type":"page","link":"http:\/\/agritek.co.nz\/spanish\/root-boost\/","title":{"rendered":"ROOT BOOST"},"content":{"rendered":"<div class=\"page\" title=\"Page 1\">\n<div class=\"layoutArea\">\n<div class=\"column\">\n<p>El f\u00f3sforo y el potasio son los dos nutrientes principales que favorecen el crecimiento de las ra\u00edces. Ayudan a las plantas a generar nuevas ra\u00edces densas y fortalecen las ra\u00edces existentes a medida que se desarrollan.<\/p>\n<p>ROOT BOOST contiene bacterias solubilizantes\/movilizadoras espec\u00edficas del suelo que ayudan a facilitar la absorci\u00f3n de f\u00f3sforo y potasio por las ra\u00edces de las plantas. Los microorganismos producen sustancias que aceleran la germinaci\u00f3n y ayudan a desarrollar un vigoroso sistema radicular m\u00faltiple.<\/p>\n<p>ROOT BOOST tambi\u00e9n ayuda a mantener altos niveles de energ\u00eda en los cultivos durante las etapas vitales del desarrollo temprano de las ra\u00edces, la floraci\u00f3n y la fructificaci\u00f3n.<\/p>\n<p>&nbsp;<\/p>\n<p><strong>BENEFICIOS<\/strong><\/p>\n<p>* Facilita la disponibilidad tanto de f\u00f3sforo como de potasio<br \/>\n* Mejora la absorci\u00f3n de otros nutrientes de las plantas.<br \/>\n* Ayuda a desarrollar un vigoroso sistema multirra\u00edz<br \/>\n* Estimula el crecimiento de las plantas<br \/>\n* Aumenta el rendimiento de los cultivos<br \/>\n* Induce resistencia contra pat\u00f3genos vegetales.<br \/>\n* Ambientalmente seguro y 100% natural<br \/>\n* Apto para cualquier tipo de planta, cultivo o flor<\/p>\n<p><img fetchpriority=\"high\" decoding=\"async\" class=\"alignnone wp-image-2271 size-full\" src=\"http:\/\/agritek.co.nz\/spanish\/wp-content\/uploads\/2022\/03\/Root-Boost-Image.png\" alt=\"ROOT BOOST\" width=\"296\" height=\"278\" \/><\/p>\n<\/div>\n<p>Sin mi \u00a0 \u00a0 \u00a0 \u00a0 \u00a0 \u00a0 \u00a0 \u00a0 \u00a0 \u00a0 \u00a0 \u00a0 \u00a0 \u00a0 \u00a0 \u00a0 Conmigo<\/p>\n<p>&nbsp;<\/p>\n<div class=\"column\">\n<p>\u00a0 \u00a0 \u00a0 \u00a0 \u00a0 \u00a0 \u00a0 \u00a0 \u00a0\u00a0<img decoding=\"async\" class=\"alignnone wp-image-2270 size-medium\" src=\"http:\/\/agritek.co.nz\/spanish\/wp-content\/uploads\/2022\/03\/Root-Boost-98x300.png\" alt=\"ROOT BOOST\" width=\"98\" height=\"300\" \/><\/p>\n<\/div>\n<\/div>\n<\/div>\n","protected":false},"excerpt":{"rendered":"<p>El f\u00f3sforo y el potasio son los dos nutrientes principales que favorecen el crecimiento de las ra\u00edces. Ayudan a las plantas a generar nuevas ra\u00edces densas y fortalecen las ra\u00edces existentes a medida que se desarrollan. ROOT BOOST contiene bacterias solubilizantes\/movilizadoras espec\u00edficas del suelo que ayudan a facilitar la absorci\u00f3n de f\u00f3sforo y potasio por [&hellip;]<\/p>\n","protected":false},"author":1,"featured_media":0,"parent":0,"menu_order":0,"comment_status":"closed","ping_status":"closed","template":"","meta":{"_acf_changed":false,"footnotes":""},"class_list":["post-1934","page","type-page","status-publish","hentry"],"acf":[],"yoast_head":"<!-- This site is optimized with the Yoast SEO plugin v27.2 - https:\/\/yoast.com\/product\/yoast-seo-wordpress\/ -->\n<title>Root Boost - Agritek Sustainable Solutions<\/title>\n<meta name=\"description\" content=\"ROOT BOOST ayuda a mantener altos niveles de energ\u00eda en los cultivos durante las etapas vitales del desarrollo temprano de las ra\u00edces.\" \/>\n<meta name=\"robots\" content=\"index, follow, max-snippet:-1, max-image-preview:large, max-video-preview:-1\" \/>\n<link rel=\"canonical\" href=\"http:\/\/agritek.co.nz\/spanish\/root-boost\/\" \/>\n<meta property=\"og:locale\" content=\"en_US\" \/>\n<meta property=\"og:type\" content=\"article\" \/>\n<meta property=\"og:title\" content=\"Root Boost - Agritek Sustainable Solutions\" \/>\n<meta property=\"og:description\" content=\"ROOT BOOST ayuda a mantener altos niveles de energ\u00eda en los cultivos durante las etapas vitales del desarrollo temprano de las ra\u00edces.\" \/>\n<meta property=\"og:url\" content=\"http:\/\/agritek.co.nz\/spanish\/root-boost\/\" \/>\n<meta property=\"og:site_name\" content=\"Agritek\" \/>\n<meta property=\"article:publisher\" content=\"https:\/\/www.facebook.com\/agriteknz\/\" \/>\n<meta property=\"article:modified_time\" content=\"2022-11-18T15:00:27+00:00\" \/>\n<meta property=\"og:image\" content=\"http:\/\/agritek.co.nz\/spanish\/wp-content\/uploads\/2022\/03\/Root-Boost-Image.png\" \/>\n<meta name=\"twitter:card\" content=\"summary_large_image\" \/>\n<meta name=\"twitter:label1\" content=\"Est. reading time\" \/>\n\t<meta name=\"twitter:data1\" content=\"2 minutes\" \/>\n<script type=\"application\/ld+json\" class=\"yoast-schema-graph\">{\"@context\":\"https:\/\/schema.org\",\"@graph\":[{\"@type\":\"WebPage\",\"@id\":\"http:\/\/agritek.co.nz\/spanish\/root-boost\/\",\"url\":\"http:\/\/agritek.co.nz\/spanish\/root-boost\/\",\"name\":\"Root Boost - Agritek Sustainable Solutions\",\"isPartOf\":{\"@id\":\"https:\/\/agritek.co.nz\/spanish\/#website\"},\"primaryImageOfPage\":{\"@id\":\"http:\/\/agritek.co.nz\/spanish\/root-boost\/#primaryimage\"},\"image\":{\"@id\":\"http:\/\/agritek.co.nz\/spanish\/root-boost\/#primaryimage\"},\"thumbnailUrl\":\"http:\/\/agritek.co.nz\/spanish\/wp-content\/uploads\/2022\/03\/Root-Boost-Image.png\",\"datePublished\":\"2018-05-10T09:11:35+00:00\",\"dateModified\":\"2022-11-18T15:00:27+00:00\",\"description\":\"ROOT BOOST ayuda a mantener altos niveles de energ\u00eda en los cultivos durante las etapas vitales del desarrollo temprano de las ra\u00edces.\",\"breadcrumb\":{\"@id\":\"http:\/\/agritek.co.nz\/spanish\/root-boost\/#breadcrumb\"},\"inLanguage\":\"en-US\",\"potentialAction\":[{\"@type\":\"ReadAction\",\"target\":[\"http:\/\/agritek.co.nz\/spanish\/root-boost\/\"]}]},{\"@type\":\"ImageObject\",\"inLanguage\":\"en-US\",\"@id\":\"http:\/\/agritek.co.nz\/spanish\/root-boost\/#primaryimage\",\"url\":\"http:\/\/agritek.co.nz\/spanish\/wp-content\/uploads\/2022\/03\/Root-Boost-Image.png\",\"contentUrl\":\"http:\/\/agritek.co.nz\/spanish\/wp-content\/uploads\/2022\/03\/Root-Boost-Image.png\",\"width\":296,\"height\":278},{\"@type\":\"BreadcrumbList\",\"@id\":\"http:\/\/agritek.co.nz\/spanish\/root-boost\/#breadcrumb\",\"itemListElement\":[{\"@type\":\"ListItem\",\"position\":1,\"name\":\"Home\",\"item\":\"https:\/\/agritek.co.nz\/spanish\/\"},{\"@type\":\"ListItem\",\"position\":2,\"name\":\"ROOT BOOST\"}]},{\"@type\":\"WebSite\",\"@id\":\"https:\/\/agritek.co.nz\/spanish\/#website\",\"url\":\"https:\/\/agritek.co.nz\/spanish\/\",\"name\":\"Agritek\",\"description\":\"Soluciones Sostenibles\",\"publisher\":{\"@id\":\"https:\/\/agritek.co.nz\/spanish\/#organization\"},\"potentialAction\":[{\"@type\":\"SearchAction\",\"target\":{\"@type\":\"EntryPoint\",\"urlTemplate\":\"https:\/\/agritek.co.nz\/spanish\/?s={search_term_string}\"},\"query-input\":{\"@type\":\"PropertyValueSpecification\",\"valueRequired\":true,\"valueName\":\"search_term_string\"}}],\"inLanguage\":\"en-US\"},{\"@type\":\"Organization\",\"@id\":\"https:\/\/agritek.co.nz\/spanish\/#organization\",\"name\":\"Agritek\",\"url\":\"https:\/\/agritek.co.nz\/spanish\/\",\"logo\":{\"@type\":\"ImageObject\",\"inLanguage\":\"en-US\",\"@id\":\"https:\/\/agritek.co.nz\/spanish\/#\/schema\/logo\/image\/\",\"url\":\"https:\/\/agritek.co.nz\/spanish\/wp-content\/uploads\/2017\/12\/logo-1.png\",\"contentUrl\":\"https:\/\/agritek.co.nz\/spanish\/wp-content\/uploads\/2017\/12\/logo-1.png\",\"width\":317,\"height\":115,\"caption\":\"Agritek\"},\"image\":{\"@id\":\"https:\/\/agritek.co.nz\/spanish\/#\/schema\/logo\/image\/\"},\"sameAs\":[\"https:\/\/www.facebook.com\/agriteknz\/\"]}]}<\/script>\n<!-- \/ Yoast SEO plugin. -->","yoast_head_json":{"title":"Root Boost - Agritek Sustainable Solutions","description":"ROOT BOOST ayuda a mantener altos niveles de energ\u00eda en los cultivos durante las etapas vitales del desarrollo temprano de las ra\u00edces.","robots":{"index":"index","follow":"follow","max-snippet":"max-snippet:-1","max-image-preview":"max-image-preview:large","max-video-preview":"max-video-preview:-1"},"canonical":"http:\/\/agritek.co.nz\/spanish\/root-boost\/","og_locale":"en_US","og_type":"article","og_title":"Root Boost - Agritek Sustainable Solutions","og_description":"ROOT BOOST ayuda a mantener altos niveles de energ\u00eda en los cultivos durante las etapas vitales del desarrollo temprano de las ra\u00edces.","og_url":"http:\/\/agritek.co.nz\/spanish\/root-boost\/","og_site_name":"Agritek","article_publisher":"https:\/\/www.facebook.com\/agriteknz\/","article_modified_time":"2022-11-18T15:00:27+00:00","og_image":[{"url":"http:\/\/agritek.co.nz\/spanish\/wp-content\/uploads\/2022\/03\/Root-Boost-Image.png","type":"","width":"","height":""}],"twitter_card":"summary_large_image","twitter_misc":{"Est. reading time":"2 minutes"},"schema":{"@context":"https:\/\/schema.org","@graph":[{"@type":"WebPage","@id":"http:\/\/agritek.co.nz\/spanish\/root-boost\/","url":"http:\/\/agritek.co.nz\/spanish\/root-boost\/","name":"Root Boost - Agritek Sustainable Solutions","isPartOf":{"@id":"https:\/\/agritek.co.nz\/spanish\/#website"},"primaryImageOfPage":{"@id":"http:\/\/agritek.co.nz\/spanish\/root-boost\/#primaryimage"},"image":{"@id":"http:\/\/agritek.co.nz\/spanish\/root-boost\/#primaryimage"},"thumbnailUrl":"http:\/\/agritek.co.nz\/spanish\/wp-content\/uploads\/2022\/03\/Root-Boost-Image.png","datePublished":"2018-05-10T09:11:35+00:00","dateModified":"2022-11-18T15:00:27+00:00","description":"ROOT BOOST ayuda a mantener altos niveles de energ\u00eda en los cultivos durante las etapas vitales del desarrollo temprano de las ra\u00edces.","breadcrumb":{"@id":"http:\/\/agritek.co.nz\/spanish\/root-boost\/#breadcrumb"},"inLanguage":"en-US","potentialAction":[{"@type":"ReadAction","target":["http:\/\/agritek.co.nz\/spanish\/root-boost\/"]}]},{"@type":"ImageObject","inLanguage":"en-US","@id":"http:\/\/agritek.co.nz\/spanish\/root-boost\/#primaryimage","url":"http:\/\/agritek.co.nz\/spanish\/wp-content\/uploads\/2022\/03\/Root-Boost-Image.png","contentUrl":"http:\/\/agritek.co.nz\/spanish\/wp-content\/uploads\/2022\/03\/Root-Boost-Image.png","width":296,"height":278},{"@type":"BreadcrumbList","@id":"http:\/\/agritek.co.nz\/spanish\/root-boost\/#breadcrumb","itemListElement":[{"@type":"ListItem","position":1,"name":"Home","item":"https:\/\/agritek.co.nz\/spanish\/"},{"@type":"ListItem","position":2,"name":"ROOT BOOST"}]},{"@type":"WebSite","@id":"https:\/\/agritek.co.nz\/spanish\/#website","url":"https:\/\/agritek.co.nz\/spanish\/","name":"Agritek","description":"Soluciones Sostenibles","publisher":{"@id":"https:\/\/agritek.co.nz\/spanish\/#organization"},"potentialAction":[{"@type":"SearchAction","target":{"@type":"EntryPoint","urlTemplate":"https:\/\/agritek.co.nz\/spanish\/?s={search_term_string}"},"query-input":{"@type":"PropertyValueSpecification","valueRequired":true,"valueName":"search_term_string"}}],"inLanguage":"en-US"},{"@type":"Organization","@id":"https:\/\/agritek.co.nz\/spanish\/#organization","name":"Agritek","url":"https:\/\/agritek.co.nz\/spanish\/","logo":{"@type":"ImageObject","inLanguage":"en-US","@id":"https:\/\/agritek.co.nz\/spanish\/#\/schema\/logo\/image\/","url":"https:\/\/agritek.co.nz\/spanish\/wp-content\/uploads\/2017\/12\/logo-1.png","contentUrl":"https:\/\/agritek.co.nz\/spanish\/wp-content\/uploads\/2017\/12\/logo-1.png","width":317,"height":115,"caption":"Agritek"},"image":{"@id":"https:\/\/agritek.co.nz\/spanish\/#\/schema\/logo\/image\/"},"sameAs":["https:\/\/www.facebook.com\/agriteknz\/"]}]}},"_links":{"self":[{"href":"http:\/\/agritek.co.nz\/spanish\/wp-json\/wp\/v2\/pages\/1934","targetHints":{"allow":["GET"]}}],"collection":[{"href":"http:\/\/agritek.co.nz\/spanish\/wp-json\/wp\/v2\/pages"}],"about":[{"href":"http:\/\/agritek.co.nz\/spanish\/wp-json\/wp\/v2\/types\/page"}],"author":[{"embeddable":true,"href":"http:\/\/agritek.co.nz\/spanish\/wp-json\/wp\/v2\/users\/1"}],"replies":[{"embeddable":true,"href":"http:\/\/agritek.co.nz\/spanish\/wp-json\/wp\/v2\/comments?post=1934"}],"version-history":[{"count":11,"href":"http:\/\/agritek.co.nz\/spanish\/wp-json\/wp\/v2\/pages\/1934\/revisions"}],"predecessor-version":[{"id":2358,"href":"http:\/\/agritek.co.nz\/spanish\/wp-json\/wp\/v2\/pages\/1934\/revisions\/2358"}],"wp:attachment":[{"href":"http:\/\/agritek.co.nz\/spanish\/wp-json\/wp\/v2\/media?parent=1934"}],"curies":[{"name":"wp","href":"https:\/\/api.w.org\/{rel}","templated":true}]}}