{"id":1932,"date":"2018-05-10T09:03:42","date_gmt":"2018-05-10T09:03:42","guid":{"rendered":"http:\/\/agritek.co.nz\/spanish\/?page_id=1932"},"modified":"2022-11-18T14:23:16","modified_gmt":"2022-11-18T14:23:16","slug":"reguladores-del-crecimiento-vegetal","status":"publish","type":"page","link":"http:\/\/agritek.co.nz\/spanish\/reguladores-del-crecimiento-vegetal\/","title":{"rendered":"Reguladores del crecimiento vegetal"},"content":{"rendered":"<p>Sobre los reguladores del crecimiento vegetal y sus beneficios:<\/p>\n<p>1) mejore el colorante, acumulaci\u00f3n realzada de productos fotosint\u00e9ticos, contenido creciente del pigmento, promueva la maduraci\u00f3n de la cosecha, guarde el color rojo brillante de la fruta, mejore la calidad de la fruta de mercanc\u00edas<\/p>\n<p>2) resistente al alojamiento cuando se aplica al trigo y el arroz y puede inhibir el alargamiento del tallo, y aumentar el peso de la inflorescencia, resistente a alojamiento<\/p>\n<p>3) ayudando a las plantas a superar la tensi\u00f3n ambiental, factor de inducci\u00f3n resistente en planta, y puede activar el sistema inmune de la planta, puede realzar la resistencia de las plantas (resistencia fr\u00eda, resistencia de la sequ\u00eda, antibacteriano, resistencia de la enfermedad)<br \/>\n4) promueve el cierre de los estomas y puede hacer que los estomas se cierran r\u00e1pidamente, que no tiene ningu\u00cc n veneno en las plantas y es un agente perfecto de la anti-transpiraci\u00f3n.<\/p>\n<p>5) afectan la floraci\u00f3n y pueden hacer el brote terminal de la fresa y de la zarzamora inactiva, puede tambi\u00e9n promover la floraci\u00f3n en la sol larga.<\/p>\n<p>6) inhiben y promueven crecimiento y la rociadura con alta concentraci\u00f3n puede inhibir el crecimiento del v\u00e1stago, del <a href=\"https:\/\/es.wikipedia.org\/wiki\/Hipoc%C3%B3tilo\">hipocolitos<\/a>, de la ra\u00edz, del cole\u00f3ptilos o de la l\u00e1mina de hoja. Rociando con concentraciones bajas puede promover arraigar y consolidar crecimiento hipoc\u00f3tilo, casta de la velocidad-para arriba de lenteja, estimula el desarrollo de las pl\u00e1ntulas de fruta de la unisexualidad.<\/p>\n<p>7) Mantenga la latencia del brote y de las semillas.<\/p>\n<p>8) para promover la fruta y las hojas caen.<\/p>\n","protected":false},"excerpt":{"rendered":"<p>Sobre los reguladores del crecimiento vegetal y sus beneficios: 1) mejore el colorante, acumulaci\u00f3n realzada de productos fotosint\u00e9ticos, contenido creciente del pigmento, promueva la maduraci\u00f3n de la cosecha, guarde el color rojo brillante de la fruta, mejore la calidad de la fruta de mercanc\u00edas 2) resistente al alojamiento cuando se aplica al trigo y el [&hellip;]<\/p>\n","protected":false},"author":1,"featured_media":1995,"parent":0,"menu_order":0,"comment_status":"closed","ping_status":"closed","template":"","meta":{"_acf_changed":false,"footnotes":""},"class_list":["post-1932","page","type-page","status-publish","has-post-thumbnail","hentry"],"acf":[],"yoast_head":"<!-- This site is optimized with the Yoast SEO plugin v27.2 - https:\/\/yoast.com\/product\/yoast-seo-wordpress\/ -->\n<title>Reguladores del crecimiento vegetal - Agritek Solutions<\/title>\n<meta name=\"description\" content=\"Consulta aqu\u00ed todo Sobre los reguladores del crecimiento vegetal y sus beneficios. Una descripci\u00f3n general de Agritek NZ LTD.\" \/>\n<meta name=\"robots\" content=\"index, follow, max-snippet:-1, max-image-preview:large, max-video-preview:-1\" \/>\n<link rel=\"canonical\" href=\"https:\/\/agritek.co.nz\/spanish\/reguladores-del-crecimiento-vegetal\/\" \/>\n<meta property=\"og:locale\" content=\"en_US\" \/>\n<meta property=\"og:type\" content=\"article\" \/>\n<meta property=\"og:title\" content=\"Reguladores del crecimiento vegetal - Agritek Solutions\" \/>\n<meta property=\"og:description\" content=\"Consulta aqu\u00ed todo Sobre los reguladores del crecimiento vegetal y sus beneficios. Una descripci\u00f3n general de Agritek NZ LTD.\" \/>\n<meta property=\"og:url\" content=\"https:\/\/agritek.co.nz\/spanish\/reguladores-del-crecimiento-vegetal\/\" \/>\n<meta property=\"og:site_name\" content=\"Agritek\" \/>\n<meta property=\"article:publisher\" content=\"https:\/\/www.facebook.com\/agriteknz\/\" \/>\n<meta property=\"article:modified_time\" content=\"2022-11-18T14:23:16+00:00\" \/>\n<meta property=\"og:image\" content=\"https:\/\/agritek.co.nz\/spanish\/wp-content\/uploads\/2017\/12\/Farmer-Field-bio-Sustain-Rice-e1526269204287.jpg\" \/>\n\t<meta property=\"og:image:width\" content=\"370\" \/>\n\t<meta property=\"og:image:height\" content=\"246\" \/>\n\t<meta property=\"og:image:type\" content=\"image\/jpeg\" \/>\n<meta name=\"twitter:card\" content=\"summary_large_image\" \/>\n<meta name=\"twitter:label1\" content=\"Est. reading time\" \/>\n\t<meta name=\"twitter:data1\" content=\"2 minutes\" \/>\n<script type=\"application\/ld+json\" class=\"yoast-schema-graph\">{\"@context\":\"https:\/\/schema.org\",\"@graph\":[{\"@type\":\"WebPage\",\"@id\":\"https:\/\/agritek.co.nz\/spanish\/reguladores-del-crecimiento-vegetal\/\",\"url\":\"https:\/\/agritek.co.nz\/spanish\/reguladores-del-crecimiento-vegetal\/\",\"name\":\"Reguladores del crecimiento vegetal - Agritek Solutions\",\"isPartOf\":{\"@id\":\"https:\/\/agritek.co.nz\/spanish\/#website\"},\"primaryImageOfPage\":{\"@id\":\"https:\/\/agritek.co.nz\/spanish\/reguladores-del-crecimiento-vegetal\/#primaryimage\"},\"image\":{\"@id\":\"https:\/\/agritek.co.nz\/spanish\/reguladores-del-crecimiento-vegetal\/#primaryimage\"},\"thumbnailUrl\":\"http:\/\/agritek.co.nz\/spanish\/wp-content\/uploads\/2017\/12\/Farmer-Field-bio-Sustain-Rice-e1526269204287.jpg\",\"datePublished\":\"2018-05-10T09:03:42+00:00\",\"dateModified\":\"2022-11-18T14:23:16+00:00\",\"description\":\"Consulta aqu\u00ed todo Sobre los reguladores del crecimiento vegetal y sus beneficios. Una descripci\u00f3n general de Agritek NZ LTD.\",\"breadcrumb\":{\"@id\":\"https:\/\/agritek.co.nz\/spanish\/reguladores-del-crecimiento-vegetal\/#breadcrumb\"},\"inLanguage\":\"en-US\",\"potentialAction\":[{\"@type\":\"ReadAction\",\"target\":[\"https:\/\/agritek.co.nz\/spanish\/reguladores-del-crecimiento-vegetal\/\"]}]},{\"@type\":\"ImageObject\",\"inLanguage\":\"en-US\",\"@id\":\"https:\/\/agritek.co.nz\/spanish\/reguladores-del-crecimiento-vegetal\/#primaryimage\",\"url\":\"http:\/\/agritek.co.nz\/spanish\/wp-content\/uploads\/2017\/12\/Farmer-Field-bio-Sustain-Rice-e1526269204287.jpg\",\"contentUrl\":\"http:\/\/agritek.co.nz\/spanish\/wp-content\/uploads\/2017\/12\/Farmer-Field-bio-Sustain-Rice-e1526269204287.jpg\",\"width\":370,\"height\":246,\"caption\":\"Reguladores del crecimiento vegetal, ARROZ-GUARD, Tratamiento de aguas residuales, Beneficios Bio-Sustain, Bio-pesticidas, Bio-Sustain - Nitr\u00f3geno, Cultivo de pimientos con Bio-Sustain, Bio-Sustain - Introducci\u00f3n\"},{\"@type\":\"BreadcrumbList\",\"@id\":\"https:\/\/agritek.co.nz\/spanish\/reguladores-del-crecimiento-vegetal\/#breadcrumb\",\"itemListElement\":[{\"@type\":\"ListItem\",\"position\":1,\"name\":\"Home\",\"item\":\"https:\/\/agritek.co.nz\/spanish\/\"},{\"@type\":\"ListItem\",\"position\":2,\"name\":\"Reguladores del crecimiento vegetal\"}]},{\"@type\":\"WebSite\",\"@id\":\"https:\/\/agritek.co.nz\/spanish\/#website\",\"url\":\"https:\/\/agritek.co.nz\/spanish\/\",\"name\":\"Agritek\",\"description\":\"Soluciones Sostenibles\",\"publisher\":{\"@id\":\"https:\/\/agritek.co.nz\/spanish\/#organization\"},\"potentialAction\":[{\"@type\":\"SearchAction\",\"target\":{\"@type\":\"EntryPoint\",\"urlTemplate\":\"https:\/\/agritek.co.nz\/spanish\/?s={search_term_string}\"},\"query-input\":{\"@type\":\"PropertyValueSpecification\",\"valueRequired\":true,\"valueName\":\"search_term_string\"}}],\"inLanguage\":\"en-US\"},{\"@type\":\"Organization\",\"@id\":\"https:\/\/agritek.co.nz\/spanish\/#organization\",\"name\":\"Agritek\",\"url\":\"https:\/\/agritek.co.nz\/spanish\/\",\"logo\":{\"@type\":\"ImageObject\",\"inLanguage\":\"en-US\",\"@id\":\"https:\/\/agritek.co.nz\/spanish\/#\/schema\/logo\/image\/\",\"url\":\"https:\/\/agritek.co.nz\/spanish\/wp-content\/uploads\/2017\/12\/logo-1.png\",\"contentUrl\":\"https:\/\/agritek.co.nz\/spanish\/wp-content\/uploads\/2017\/12\/logo-1.png\",\"width\":317,\"height\":115,\"caption\":\"Agritek\"},\"image\":{\"@id\":\"https:\/\/agritek.co.nz\/spanish\/#\/schema\/logo\/image\/\"},\"sameAs\":[\"https:\/\/www.facebook.com\/agriteknz\/\"]}]}<\/script>\n<!-- \/ Yoast SEO plugin. -->","yoast_head_json":{"title":"Reguladores del crecimiento vegetal - Agritek Solutions","description":"Consulta aqu\u00ed todo Sobre los reguladores del crecimiento vegetal y sus beneficios. Una descripci\u00f3n general de Agritek NZ LTD.","robots":{"index":"index","follow":"follow","max-snippet":"max-snippet:-1","max-image-preview":"max-image-preview:large","max-video-preview":"max-video-preview:-1"},"canonical":"https:\/\/agritek.co.nz\/spanish\/reguladores-del-crecimiento-vegetal\/","og_locale":"en_US","og_type":"article","og_title":"Reguladores del crecimiento vegetal - Agritek Solutions","og_description":"Consulta aqu\u00ed todo Sobre los reguladores del crecimiento vegetal y sus beneficios. Una descripci\u00f3n general de Agritek NZ LTD.","og_url":"https:\/\/agritek.co.nz\/spanish\/reguladores-del-crecimiento-vegetal\/","og_site_name":"Agritek","article_publisher":"https:\/\/www.facebook.com\/agriteknz\/","article_modified_time":"2022-11-18T14:23:16+00:00","og_image":[{"width":370,"height":246,"url":"https:\/\/agritek.co.nz\/spanish\/wp-content\/uploads\/2017\/12\/Farmer-Field-bio-Sustain-Rice-e1526269204287.jpg","type":"image\/jpeg"}],"twitter_card":"summary_large_image","twitter_misc":{"Est. reading time":"2 minutes"},"schema":{"@context":"https:\/\/schema.org","@graph":[{"@type":"WebPage","@id":"https:\/\/agritek.co.nz\/spanish\/reguladores-del-crecimiento-vegetal\/","url":"https:\/\/agritek.co.nz\/spanish\/reguladores-del-crecimiento-vegetal\/","name":"Reguladores del crecimiento vegetal - Agritek Solutions","isPartOf":{"@id":"https:\/\/agritek.co.nz\/spanish\/#website"},"primaryImageOfPage":{"@id":"https:\/\/agritek.co.nz\/spanish\/reguladores-del-crecimiento-vegetal\/#primaryimage"},"image":{"@id":"https:\/\/agritek.co.nz\/spanish\/reguladores-del-crecimiento-vegetal\/#primaryimage"},"thumbnailUrl":"http:\/\/agritek.co.nz\/spanish\/wp-content\/uploads\/2017\/12\/Farmer-Field-bio-Sustain-Rice-e1526269204287.jpg","datePublished":"2018-05-10T09:03:42+00:00","dateModified":"2022-11-18T14:23:16+00:00","description":"Consulta aqu\u00ed todo Sobre los reguladores del crecimiento vegetal y sus beneficios. Una descripci\u00f3n general de Agritek NZ LTD.","breadcrumb":{"@id":"https:\/\/agritek.co.nz\/spanish\/reguladores-del-crecimiento-vegetal\/#breadcrumb"},"inLanguage":"en-US","potentialAction":[{"@type":"ReadAction","target":["https:\/\/agritek.co.nz\/spanish\/reguladores-del-crecimiento-vegetal\/"]}]},{"@type":"ImageObject","inLanguage":"en-US","@id":"https:\/\/agritek.co.nz\/spanish\/reguladores-del-crecimiento-vegetal\/#primaryimage","url":"http:\/\/agritek.co.nz\/spanish\/wp-content\/uploads\/2017\/12\/Farmer-Field-bio-Sustain-Rice-e1526269204287.jpg","contentUrl":"http:\/\/agritek.co.nz\/spanish\/wp-content\/uploads\/2017\/12\/Farmer-Field-bio-Sustain-Rice-e1526269204287.jpg","width":370,"height":246,"caption":"Reguladores del crecimiento vegetal, ARROZ-GUARD, Tratamiento de aguas residuales, Beneficios Bio-Sustain, Bio-pesticidas, Bio-Sustain - Nitr\u00f3geno, Cultivo de pimientos con Bio-Sustain, Bio-Sustain - Introducci\u00f3n"},{"@type":"BreadcrumbList","@id":"https:\/\/agritek.co.nz\/spanish\/reguladores-del-crecimiento-vegetal\/#breadcrumb","itemListElement":[{"@type":"ListItem","position":1,"name":"Home","item":"https:\/\/agritek.co.nz\/spanish\/"},{"@type":"ListItem","position":2,"name":"Reguladores del crecimiento vegetal"}]},{"@type":"WebSite","@id":"https:\/\/agritek.co.nz\/spanish\/#website","url":"https:\/\/agritek.co.nz\/spanish\/","name":"Agritek","description":"Soluciones Sostenibles","publisher":{"@id":"https:\/\/agritek.co.nz\/spanish\/#organization"},"potentialAction":[{"@type":"SearchAction","target":{"@type":"EntryPoint","urlTemplate":"https:\/\/agritek.co.nz\/spanish\/?s={search_term_string}"},"query-input":{"@type":"PropertyValueSpecification","valueRequired":true,"valueName":"search_term_string"}}],"inLanguage":"en-US"},{"@type":"Organization","@id":"https:\/\/agritek.co.nz\/spanish\/#organization","name":"Agritek","url":"https:\/\/agritek.co.nz\/spanish\/","logo":{"@type":"ImageObject","inLanguage":"en-US","@id":"https:\/\/agritek.co.nz\/spanish\/#\/schema\/logo\/image\/","url":"https:\/\/agritek.co.nz\/spanish\/wp-content\/uploads\/2017\/12\/logo-1.png","contentUrl":"https:\/\/agritek.co.nz\/spanish\/wp-content\/uploads\/2017\/12\/logo-1.png","width":317,"height":115,"caption":"Agritek"},"image":{"@id":"https:\/\/agritek.co.nz\/spanish\/#\/schema\/logo\/image\/"},"sameAs":["https:\/\/www.facebook.com\/agriteknz\/"]}]}},"_links":{"self":[{"href":"http:\/\/agritek.co.nz\/spanish\/wp-json\/wp\/v2\/pages\/1932","targetHints":{"allow":["GET"]}}],"collection":[{"href":"http:\/\/agritek.co.nz\/spanish\/wp-json\/wp\/v2\/pages"}],"about":[{"href":"http:\/\/agritek.co.nz\/spanish\/wp-json\/wp\/v2\/types\/page"}],"author":[{"embeddable":true,"href":"http:\/\/agritek.co.nz\/spanish\/wp-json\/wp\/v2\/users\/1"}],"replies":[{"embeddable":true,"href":"http:\/\/agritek.co.nz\/spanish\/wp-json\/wp\/v2\/comments?post=1932"}],"version-history":[{"count":4,"href":"http:\/\/agritek.co.nz\/spanish\/wp-json\/wp\/v2\/pages\/1932\/revisions"}],"predecessor-version":[{"id":2354,"href":"http:\/\/agritek.co.nz\/spanish\/wp-json\/wp\/v2\/pages\/1932\/revisions\/2354"}],"wp:featuredmedia":[{"embeddable":true,"href":"http:\/\/agritek.co.nz\/spanish\/wp-json\/wp\/v2\/media\/1995"}],"wp:attachment":[{"href":"http:\/\/agritek.co.nz\/spanish\/wp-json\/wp\/v2\/media?parent=1932"}],"curies":[{"name":"wp","href":"https:\/\/api.w.org\/{rel}","templated":true}]}}