{"id":1902,"date":"2018-05-09T01:37:51","date_gmt":"2018-05-09T01:37:51","guid":{"rendered":"http:\/\/www.agritek.co.nz\/?page_id=1902"},"modified":"2022-11-18T14:58:13","modified_gmt":"2022-11-18T14:58:13","slug":"flower-boost","status":"publish","type":"page","link":"http:\/\/agritek.co.nz\/spanish\/flower-boost\/","title":{"rendered":"Flower Boost"},"content":{"rendered":"<div class=\"page\" title=\"Page 1\">\n<div class=\"layoutArea\">\n<div class=\"column\">\n<div class=\"page\" title=\"Page 1\">\n<div class=\"layoutArea\">\n<div class=\"column\">FLOWER BOOST contiene <a href=\"http:\/\/growmaxwater.com\/blog\/es\/microorganismos-beneficiosos-en-las-plantas\/\">bacterias beneficiosas del suelo<\/a> que ayudan a mantener altos niveles de energ\u00eda en los cultivos durante las etapas vitales del desarrollo temprano de las ra\u00edces, la floraci\u00f3n y la fructificaci\u00f3n. Aumentan la tasa de fotos\u00edntesis que permite al cultivo realizar sus funciones vitales. FLOWER BOOST induce la iniciaci\u00f3n de los botones florales y ayuda a la r\u00e1pida aparici\u00f3n de flores uniformes y abundantes. FLOWER BOOST satisface las altas necesidades nutricionales de las plantas con flores durante las etapas cr\u00edticas de crecimiento y ayuda a reducir la ca\u00edda de flores y frutos<\/div>\n<\/div>\n<\/div>\n<\/div>\n<h4>BENEFICIOS:<\/h4>\n<p>* Induce la iniciaci\u00f3n del bot\u00f3n floral<br \/>\n* Reduce la ca\u00edda de flores y frutos.<br \/>\n* Ayuda en la r\u00e1pida aparici\u00f3n de flores tempranas.<br \/>\n* Mejora el desarrollo radicular temprano<br \/>\n* Estimula el crecimiento de las plantas<br \/>\n* Induce resistencia contra pat\u00f3genos de plantas<br \/>\n* Rompe el ciclo de vida de las plagas del suelo.<br \/>\n* Producto organico certificado<br \/>\n* Apto para cualquier tipo de planta, cultivo o flor<\/p>\n<p>&nbsp;<\/p>\n<\/div>\n<\/div>\n<p><img decoding=\"async\" class=\"alignnone wp-image-2288 size-medium\" src=\"http:\/\/agritek.co.nz\/spanish\/wp-content\/uploads\/2022\/03\/Flower-Boost-98x300.png\" alt=\"Flower Boost\" width=\"98\" height=\"300\" \/><\/p>\n<div class=\"page\" title=\"Page 1\">\n<div class=\"layoutArea\">\n<p>&nbsp;<\/p>\n<\/div>\n<\/div>\n","protected":false},"excerpt":{"rendered":"<p>FLOWER BOOST contiene bacterias beneficiosas del suelo que ayudan a mantener altos niveles de energ\u00eda en los cultivos durante las etapas vitales del desarrollo temprano de las ra\u00edces, la floraci\u00f3n y la fructificaci\u00f3n. Aumentan la tasa de fotos\u00edntesis que permite al cultivo realizar sus funciones vitales. FLOWER BOOST induce la iniciaci\u00f3n de los botones florales [&hellip;]<\/p>\n","protected":false},"author":1,"featured_media":0,"parent":0,"menu_order":0,"comment_status":"closed","ping_status":"closed","template":"","meta":{"_acf_changed":false,"footnotes":""},"class_list":["post-1902","page","type-page","status-publish","hentry"],"acf":[],"yoast_head":"<!-- This site is optimized with the Yoast SEO plugin v27.2 - https:\/\/yoast.com\/product\/yoast-seo-wordpress\/ -->\n<title>Flower Boost - Agritek Sustainable Solutions<\/title>\n<meta name=\"description\" content=\"FLOWER BOOST satisface las altas necesidades nutricionales de las plantas con flores durante las etapas cr\u00edticas de crecimiento.\" \/>\n<meta name=\"robots\" content=\"index, follow, max-snippet:-1, max-image-preview:large, max-video-preview:-1\" \/>\n<link rel=\"canonical\" href=\"https:\/\/agritek.co.nz\/spanish\/flower-boost\/\" \/>\n<meta property=\"og:locale\" content=\"en_US\" \/>\n<meta property=\"og:type\" content=\"article\" \/>\n<meta property=\"og:title\" content=\"Flower Boost - Agritek Sustainable Solutions\" \/>\n<meta property=\"og:description\" content=\"FLOWER BOOST satisface las altas necesidades nutricionales de las plantas con flores durante las etapas cr\u00edticas de crecimiento.\" \/>\n<meta property=\"og:url\" content=\"https:\/\/agritek.co.nz\/spanish\/flower-boost\/\" \/>\n<meta property=\"og:site_name\" content=\"Agritek\" \/>\n<meta property=\"article:publisher\" content=\"https:\/\/www.facebook.com\/agriteknz\/\" \/>\n<meta property=\"article:modified_time\" content=\"2022-11-18T14:58:13+00:00\" \/>\n<meta property=\"og:image\" content=\"http:\/\/agritek.co.nz\/spanish\/wp-content\/uploads\/2022\/03\/Flower-Boost-98x300.png\" \/>\n<meta name=\"twitter:card\" content=\"summary_large_image\" \/>\n<meta name=\"twitter:label1\" content=\"Est. reading time\" \/>\n\t<meta name=\"twitter:data1\" content=\"1 minute\" \/>\n<script type=\"application\/ld+json\" class=\"yoast-schema-graph\">{\"@context\":\"https:\/\/schema.org\",\"@graph\":[{\"@type\":\"WebPage\",\"@id\":\"https:\/\/agritek.co.nz\/spanish\/flower-boost\/\",\"url\":\"https:\/\/agritek.co.nz\/spanish\/flower-boost\/\",\"name\":\"Flower Boost - Agritek Sustainable Solutions\",\"isPartOf\":{\"@id\":\"https:\/\/agritek.co.nz\/spanish\/#website\"},\"primaryImageOfPage\":{\"@id\":\"https:\/\/agritek.co.nz\/spanish\/flower-boost\/#primaryimage\"},\"image\":{\"@id\":\"https:\/\/agritek.co.nz\/spanish\/flower-boost\/#primaryimage\"},\"thumbnailUrl\":\"http:\/\/agritek.co.nz\/spanish\/wp-content\/uploads\/2022\/03\/Flower-Boost-98x300.png\",\"datePublished\":\"2018-05-09T01:37:51+00:00\",\"dateModified\":\"2022-11-18T14:58:13+00:00\",\"description\":\"FLOWER BOOST satisface las altas necesidades nutricionales de las plantas con flores durante las etapas cr\u00edticas de crecimiento.\",\"breadcrumb\":{\"@id\":\"https:\/\/agritek.co.nz\/spanish\/flower-boost\/#breadcrumb\"},\"inLanguage\":\"en-US\",\"potentialAction\":[{\"@type\":\"ReadAction\",\"target\":[\"https:\/\/agritek.co.nz\/spanish\/flower-boost\/\"]}]},{\"@type\":\"ImageObject\",\"inLanguage\":\"en-US\",\"@id\":\"https:\/\/agritek.co.nz\/spanish\/flower-boost\/#primaryimage\",\"url\":\"http:\/\/agritek.co.nz\/spanish\/wp-content\/uploads\/2022\/03\/Flower-Boost-98x300.png\",\"contentUrl\":\"http:\/\/agritek.co.nz\/spanish\/wp-content\/uploads\/2022\/03\/Flower-Boost-98x300.png\"},{\"@type\":\"BreadcrumbList\",\"@id\":\"https:\/\/agritek.co.nz\/spanish\/flower-boost\/#breadcrumb\",\"itemListElement\":[{\"@type\":\"ListItem\",\"position\":1,\"name\":\"Home\",\"item\":\"https:\/\/agritek.co.nz\/spanish\/\"},{\"@type\":\"ListItem\",\"position\":2,\"name\":\"Flower Boost\"}]},{\"@type\":\"WebSite\",\"@id\":\"https:\/\/agritek.co.nz\/spanish\/#website\",\"url\":\"https:\/\/agritek.co.nz\/spanish\/\",\"name\":\"Agritek\",\"description\":\"Soluciones Sostenibles\",\"publisher\":{\"@id\":\"https:\/\/agritek.co.nz\/spanish\/#organization\"},\"potentialAction\":[{\"@type\":\"SearchAction\",\"target\":{\"@type\":\"EntryPoint\",\"urlTemplate\":\"https:\/\/agritek.co.nz\/spanish\/?s={search_term_string}\"},\"query-input\":{\"@type\":\"PropertyValueSpecification\",\"valueRequired\":true,\"valueName\":\"search_term_string\"}}],\"inLanguage\":\"en-US\"},{\"@type\":\"Organization\",\"@id\":\"https:\/\/agritek.co.nz\/spanish\/#organization\",\"name\":\"Agritek\",\"url\":\"https:\/\/agritek.co.nz\/spanish\/\",\"logo\":{\"@type\":\"ImageObject\",\"inLanguage\":\"en-US\",\"@id\":\"https:\/\/agritek.co.nz\/spanish\/#\/schema\/logo\/image\/\",\"url\":\"https:\/\/agritek.co.nz\/spanish\/wp-content\/uploads\/2017\/12\/logo-1.png\",\"contentUrl\":\"https:\/\/agritek.co.nz\/spanish\/wp-content\/uploads\/2017\/12\/logo-1.png\",\"width\":317,\"height\":115,\"caption\":\"Agritek\"},\"image\":{\"@id\":\"https:\/\/agritek.co.nz\/spanish\/#\/schema\/logo\/image\/\"},\"sameAs\":[\"https:\/\/www.facebook.com\/agriteknz\/\"]}]}<\/script>\n<!-- \/ Yoast SEO plugin. -->","yoast_head_json":{"title":"Flower Boost - Agritek Sustainable Solutions","description":"FLOWER BOOST satisface las altas necesidades nutricionales de las plantas con flores durante las etapas cr\u00edticas de crecimiento.","robots":{"index":"index","follow":"follow","max-snippet":"max-snippet:-1","max-image-preview":"max-image-preview:large","max-video-preview":"max-video-preview:-1"},"canonical":"https:\/\/agritek.co.nz\/spanish\/flower-boost\/","og_locale":"en_US","og_type":"article","og_title":"Flower Boost - Agritek Sustainable Solutions","og_description":"FLOWER BOOST satisface las altas necesidades nutricionales de las plantas con flores durante las etapas cr\u00edticas de crecimiento.","og_url":"https:\/\/agritek.co.nz\/spanish\/flower-boost\/","og_site_name":"Agritek","article_publisher":"https:\/\/www.facebook.com\/agriteknz\/","article_modified_time":"2022-11-18T14:58:13+00:00","og_image":[{"url":"http:\/\/agritek.co.nz\/spanish\/wp-content\/uploads\/2022\/03\/Flower-Boost-98x300.png","type":"","width":"","height":""}],"twitter_card":"summary_large_image","twitter_misc":{"Est. reading time":"1 minute"},"schema":{"@context":"https:\/\/schema.org","@graph":[{"@type":"WebPage","@id":"https:\/\/agritek.co.nz\/spanish\/flower-boost\/","url":"https:\/\/agritek.co.nz\/spanish\/flower-boost\/","name":"Flower Boost - Agritek Sustainable Solutions","isPartOf":{"@id":"https:\/\/agritek.co.nz\/spanish\/#website"},"primaryImageOfPage":{"@id":"https:\/\/agritek.co.nz\/spanish\/flower-boost\/#primaryimage"},"image":{"@id":"https:\/\/agritek.co.nz\/spanish\/flower-boost\/#primaryimage"},"thumbnailUrl":"http:\/\/agritek.co.nz\/spanish\/wp-content\/uploads\/2022\/03\/Flower-Boost-98x300.png","datePublished":"2018-05-09T01:37:51+00:00","dateModified":"2022-11-18T14:58:13+00:00","description":"FLOWER BOOST satisface las altas necesidades nutricionales de las plantas con flores durante las etapas cr\u00edticas de crecimiento.","breadcrumb":{"@id":"https:\/\/agritek.co.nz\/spanish\/flower-boost\/#breadcrumb"},"inLanguage":"en-US","potentialAction":[{"@type":"ReadAction","target":["https:\/\/agritek.co.nz\/spanish\/flower-boost\/"]}]},{"@type":"ImageObject","inLanguage":"en-US","@id":"https:\/\/agritek.co.nz\/spanish\/flower-boost\/#primaryimage","url":"http:\/\/agritek.co.nz\/spanish\/wp-content\/uploads\/2022\/03\/Flower-Boost-98x300.png","contentUrl":"http:\/\/agritek.co.nz\/spanish\/wp-content\/uploads\/2022\/03\/Flower-Boost-98x300.png"},{"@type":"BreadcrumbList","@id":"https:\/\/agritek.co.nz\/spanish\/flower-boost\/#breadcrumb","itemListElement":[{"@type":"ListItem","position":1,"name":"Home","item":"https:\/\/agritek.co.nz\/spanish\/"},{"@type":"ListItem","position":2,"name":"Flower Boost"}]},{"@type":"WebSite","@id":"https:\/\/agritek.co.nz\/spanish\/#website","url":"https:\/\/agritek.co.nz\/spanish\/","name":"Agritek","description":"Soluciones Sostenibles","publisher":{"@id":"https:\/\/agritek.co.nz\/spanish\/#organization"},"potentialAction":[{"@type":"SearchAction","target":{"@type":"EntryPoint","urlTemplate":"https:\/\/agritek.co.nz\/spanish\/?s={search_term_string}"},"query-input":{"@type":"PropertyValueSpecification","valueRequired":true,"valueName":"search_term_string"}}],"inLanguage":"en-US"},{"@type":"Organization","@id":"https:\/\/agritek.co.nz\/spanish\/#organization","name":"Agritek","url":"https:\/\/agritek.co.nz\/spanish\/","logo":{"@type":"ImageObject","inLanguage":"en-US","@id":"https:\/\/agritek.co.nz\/spanish\/#\/schema\/logo\/image\/","url":"https:\/\/agritek.co.nz\/spanish\/wp-content\/uploads\/2017\/12\/logo-1.png","contentUrl":"https:\/\/agritek.co.nz\/spanish\/wp-content\/uploads\/2017\/12\/logo-1.png","width":317,"height":115,"caption":"Agritek"},"image":{"@id":"https:\/\/agritek.co.nz\/spanish\/#\/schema\/logo\/image\/"},"sameAs":["https:\/\/www.facebook.com\/agriteknz\/"]}]}},"_links":{"self":[{"href":"http:\/\/agritek.co.nz\/spanish\/wp-json\/wp\/v2\/pages\/1902","targetHints":{"allow":["GET"]}}],"collection":[{"href":"http:\/\/agritek.co.nz\/spanish\/wp-json\/wp\/v2\/pages"}],"about":[{"href":"http:\/\/agritek.co.nz\/spanish\/wp-json\/wp\/v2\/types\/page"}],"author":[{"embeddable":true,"href":"http:\/\/agritek.co.nz\/spanish\/wp-json\/wp\/v2\/users\/1"}],"replies":[{"embeddable":true,"href":"http:\/\/agritek.co.nz\/spanish\/wp-json\/wp\/v2\/comments?post=1902"}],"version-history":[{"count":4,"href":"http:\/\/agritek.co.nz\/spanish\/wp-json\/wp\/v2\/pages\/1902\/revisions"}],"predecessor-version":[{"id":2357,"href":"http:\/\/agritek.co.nz\/spanish\/wp-json\/wp\/v2\/pages\/1902\/revisions\/2357"}],"wp:attachment":[{"href":"http:\/\/agritek.co.nz\/spanish\/wp-json\/wp\/v2\/media?parent=1902"}],"curies":[{"name":"wp","href":"https:\/\/api.w.org\/{rel}","templated":true}]}}