{"id":1446,"date":"2018-05-05T05:24:26","date_gmt":"2018-05-05T05:24:26","guid":{"rendered":"http:\/\/agritek.co.nz\/spanish\/?page_id=1446"},"modified":"2022-11-18T12:46:40","modified_gmt":"2022-11-18T12:46:40","slug":"tratamiento-de-aguas-residuales","status":"publish","type":"page","link":"http:\/\/agritek.co.nz\/spanish\/tratamiento-de-aguas-residuales\/","title":{"rendered":"Tratamiento de aguas residuales"},"content":{"rendered":"<p><strong>Tratamiento de aguas residuales<\/strong><\/p>\n<p>El tratamiento de aguas residuales de AquaCare es un 100% natural, respetuoso del medio ambiente, biol\u00f3gico<br \/>\nproducto que utiliza bacterias naturales y beneficiosas para comer y digerir residuos<br \/>\ny otros contaminantes org\u00e1nicos en una amplia gama de comercial, industrial, agr\u00edcola,<br \/>\ny las aplicaciones residenciales, incluyendo el aceite, la destiler\u00eda, y el agua contaminada cervecer\u00eda.<br \/>\nEl activador de AquaCare se adapta idealmente para el tratamiento de aguas residuales y aceite-contaminado<br \/>\nAgua y es libre de qu\u00edmicos, no pat\u00f3genos.<\/p>\n<p>Trata las aguas residuales biol\u00f3gicamente<br \/>\nProporciona una alternativa biol\u00f3gica muy eficaz a los productos qu\u00edmicos y a los solventes c\u00e1usticos.<br \/>\nTrata biol\u00f3gicamente las aguas residuales mediante el uso de microorganismos (bacterias), que se multiplican<br \/>\nmuy r\u00e1pidamente, para degradar los desechos org\u00e1nicos de forma natural. Esto da como resultado el ox\u00edgeno bioqu\u00edmico<br \/>\nReducci\u00f3n de la demanda (BOD), reducci\u00f3n de la demanda qu\u00edmica de ox\u00edgeno (COD) y olor a aguas residuales<br \/>\nControl. Tambi\u00e9n reduce los niveles de nitratos, nitritos, amon\u00edaco y fosfato en el agua.<\/p>\n<h4>Las bacterias producen enzimas<\/h4>\n<p>\u2022 Proporciona una gran concentraci\u00f3n de microorganismos a las aguas residuales.<br \/>\n\u2022 A medida que las bacterias metabolizan, crecen y se dividen, producen enzimas que descomponen la materia org\u00e1nica.<br \/>\n\u2022 Las bacterias son f\u00e1bricas de litros para la producci\u00f3n de enzimas.<\/p>\n<p>Las enzimas descomponen la materia org\u00e1nica<br \/>\nLas enzimas descomponen la materia org\u00e1nica en nutrientes solubles en agua, que el<br \/>\ndigesti\u00f3n de bacterias. El proceso de digesti\u00f3n bacteriana consume la materia org\u00e1nica.<br \/>\nUsando reacciones qu\u00edmicas complejas, los desechos org\u00e1nicos se metabolizan al agua<br \/>\ny el di\u00f3xido de carbono, proporcionando a las bacterias energ\u00eda para el crecimiento y la reproducci\u00f3n.<br \/>\nDebido a que los desechos org\u00e1nicos son consumidos por las bacterias, entonces ya no est\u00e1 presente<br \/>\npara producir olores, lodos, contaminaci\u00f3n, o desorden antiest\u00e9tico.<\/p>\n<p>Aumenta la actividad de las bacterias en las aguas residuales<br \/>\nAquaCare tratamiento de aguas residuales restaura la poblaci\u00f3n de bacterias beneficiosas en el<br \/>\naguas residuales y aumenta la actividad biol\u00f3gica. Algunos productos qu\u00edmicos matan al<br \/>\nmicroorganismos, que descomponen la materia org\u00e1nica y limpian el agua.<\/p>\n<p>El tratamiento\u00a0 AquaCare elimina los productos qu\u00edmicos<br \/>\nLos microorganismos descomponen los productos qu\u00edmicos en diversas formas, que son entonces<br \/>\nson inofensivos o son consumidos por los microorganismos pertinentes. El olor desaparece<br \/>\ncomo los productos qu\u00edmicos en las aguas residuales son consumidos por los microorganismos.<\/p>\n<p>Asegura un tratamiento efectivo de la materia org\u00e1nica en aguas residuales<br \/>\nLos olores surgen de la falta de ox\u00edgeno y de la lenta decadencia de la materia org\u00e1nica<br \/>\nen el agua. La fuerte concentraci\u00f3n de microorganismos aer\u00f3bicos y anaer\u00f3bicos<br \/>\nen AquaCare el tratamiento de aguas residuales es muy eficaz en la ruptura de materia org\u00e1nica<br \/>\ny limpiar las aguas residuales.<\/p>\n<h4>Elimina los olores asquerosos<\/h4>\n<p>\u2022 La acci\u00f3n enzim\u00e1tica y bacteriana elimina la fuente de los problemas de olor.<br \/>\n\u2022 Elimina los olores asquerosos de desag\u00fces, estanques, lagos de campos de golf y lagunas de aguas residuales.<br \/>\n\u2022 Degrada desechos s\u00f3lidos (como en inodoros port\u00e1tiles y tanques esc\u00e9pticos) y elimina los malos olores.<br \/>\n\u2022 Evita los bloqueos y los malos olores en los desag\u00fces del ba\u00f1o y de la cocina.<br \/>\n\u2022 Elimina los olores asquerosos de los escapes de cocina.<br \/>\n\u2022 Degrada biol\u00f3gicamente los dep\u00f3sitos org\u00e1nicos en trampas de grasa.<\/p>\n<h4><strong>Ventajas:<\/strong><\/h4>\n<p>\u2022 Restablece la eficiencia del sistema y evita problemas futuros<br \/>\n\u2022 Destruye los olores de la fuente y evita que regresen<br \/>\n\u2022 Disuelve bloqueos<br \/>\n\u2022 Mejora la eliminaci\u00f3n de DBO\/bacalao<br \/>\n\u2022 Reducci\u00f3n de s\u00f3lidos suspendidos<br \/>\n\u2022 Reduce la acumulaci\u00f3n de lodos<br \/>\n\u2022 Crea un ambiente sano y seguro<br \/>\n\u2022 Mejorar el rendimiento de los sistemas de residuos<br \/>\n\u2022 Reduce el mantenimiento del sistema y los costos<br \/>\n\u2022 Eficaz y f\u00e1cil de usar.<br \/>\n\u2022 Descompone una amplia gama de residuos org\u00e1nicos.<br \/>\n\u2022 Compensa el uso de productos qu\u00edmicos y desinfectantes agresivos<br \/>\n\u2022 Aumenta la eficiencia del tratamiento de aguas residuales.<br \/>\n\u2022 No t\u00f3xico y biodegradable<br \/>\n\u2022 Nueva Zelanda hizo<br \/>\n\u2022 Rentable<\/p>\n<h4>Donde se puede utilizar<\/h4>\n<p>\u2022 Sistemas s\u00e9pticos y de tratamiento in situ (AWTS)<br \/>\n\u2022 Plantas de tratamiento de aguas residuales municipales.<br \/>\n\u2022 Plantas de tratamiento de aguas residuales de la industria petrolera.<br \/>\n\u2022 Tratamiento de aguas residuales de f\u00e1brica.<br \/>\n\u2022 Destiler\u00edas y cervecer\u00edas.<br \/>\n\u2022 Desag\u00fces de propiedades dom\u00e9sticas y comerciales, tuber\u00edas de desag\u00fce y tanques esc\u00e9pticos.<br \/>\n\u2022 Tratamiento residencial de aguas residuales.<br \/>\n\u2022 Hoteles y restaurantes.<br \/>\n\u2022 Desag\u00fces y zanjas de escombros\/lixiviados.<br \/>\n\u2022 Estaciones de bombeo de alcantarillas<br \/>\n\u2022 Estanques de efluentes<\/p>\n<h4>Opciones de empaquetado<\/h4>\n<p>El tratamiento\u00a0 AquaCare se suministra como concentrado l\u00edquido en recipientes de 1, 20, 200 y 1.000 litros.<\/p>\n<p>Las tasas de aplicaci\u00f3n dependen de una serie de factores y le asesoraremos del tama\u00f1o m\u00e1s adecuado para sus necesidades. Para situaciones m\u00e1s graves o complejas podemos dise\u00f1ar <a href=\"https:\/\/es.wikipedia.org\/wiki\/Cultivo_(microbiolog%C3%ADa)\">cultivos de microorganismos<\/a> especializados seg\u00fan el problema.<\/p>\n","protected":false},"excerpt":{"rendered":"<p>Tratamiento de aguas residuales El tratamiento de aguas residuales de AquaCare es un 100% natural, respetuoso del medio ambiente, biol\u00f3gico producto que utiliza bacterias naturales y beneficiosas para comer y digerir residuos y otros contaminantes org\u00e1nicos en una amplia gama de comercial, industrial, agr\u00edcola, y las aplicaciones residenciales, incluyendo el aceite, la destiler\u00eda, y el [&hellip;]<\/p>\n","protected":false},"author":1,"featured_media":1995,"parent":0,"menu_order":0,"comment_status":"closed","ping_status":"closed","template":"","meta":{"_acf_changed":false,"footnotes":""},"class_list":["post-1446","page","type-page","status-publish","has-post-thumbnail","hentry"],"acf":[],"yoast_head":"<!-- This site is optimized with the Yoast SEO plugin v27.2 - https:\/\/yoast.com\/product\/yoast-seo-wordpress\/ -->\n<title>Tratamiento de aguas residuales - Agritek<\/title>\n<meta name=\"description\" content=\"El tratamiento de aguas residuales AquaCare es un producto 100% natural, ecol\u00f3gico y biol\u00f3gico que utiliza bacterias naturales.\" \/>\n<meta name=\"robots\" content=\"index, follow, max-snippet:-1, max-image-preview:large, max-video-preview:-1\" \/>\n<link rel=\"canonical\" href=\"https:\/\/agritek.co.nz\/spanish\/tratamiento-de-aguas-residuales\/\" \/>\n<meta property=\"og:locale\" content=\"en_US\" \/>\n<meta property=\"og:type\" content=\"article\" \/>\n<meta property=\"og:title\" content=\"Tratamiento de aguas residuales - Agritek\" \/>\n<meta property=\"og:description\" content=\"El tratamiento de aguas residuales AquaCare es un producto 100% natural, ecol\u00f3gico y biol\u00f3gico que utiliza bacterias naturales.\" \/>\n<meta property=\"og:url\" content=\"https:\/\/agritek.co.nz\/spanish\/tratamiento-de-aguas-residuales\/\" \/>\n<meta property=\"og:site_name\" content=\"Agritek\" \/>\n<meta property=\"article:publisher\" content=\"https:\/\/www.facebook.com\/agriteknz\/\" \/>\n<meta property=\"article:modified_time\" content=\"2022-11-18T12:46:40+00:00\" \/>\n<meta property=\"og:image\" content=\"https:\/\/agritek.co.nz\/spanish\/wp-content\/uploads\/2017\/12\/Farmer-Field-bio-Sustain-Rice-e1526269204287.jpg\" \/>\n\t<meta property=\"og:image:width\" content=\"370\" \/>\n\t<meta property=\"og:image:height\" content=\"246\" \/>\n\t<meta property=\"og:image:type\" content=\"image\/jpeg\" \/>\n<meta name=\"twitter:card\" content=\"summary_large_image\" \/>\n<meta name=\"twitter:label1\" content=\"Est. reading time\" \/>\n\t<meta name=\"twitter:data1\" content=\"4 minutes\" \/>\n<script type=\"application\/ld+json\" class=\"yoast-schema-graph\">{\"@context\":\"https:\/\/schema.org\",\"@graph\":[{\"@type\":\"WebPage\",\"@id\":\"https:\/\/agritek.co.nz\/spanish\/tratamiento-de-aguas-residuales\/\",\"url\":\"https:\/\/agritek.co.nz\/spanish\/tratamiento-de-aguas-residuales\/\",\"name\":\"Tratamiento de aguas residuales - Agritek\",\"isPartOf\":{\"@id\":\"https:\/\/agritek.co.nz\/spanish\/#website\"},\"primaryImageOfPage\":{\"@id\":\"https:\/\/agritek.co.nz\/spanish\/tratamiento-de-aguas-residuales\/#primaryimage\"},\"image\":{\"@id\":\"https:\/\/agritek.co.nz\/spanish\/tratamiento-de-aguas-residuales\/#primaryimage\"},\"thumbnailUrl\":\"http:\/\/agritek.co.nz\/spanish\/wp-content\/uploads\/2017\/12\/Farmer-Field-bio-Sustain-Rice-e1526269204287.jpg\",\"datePublished\":\"2018-05-05T05:24:26+00:00\",\"dateModified\":\"2022-11-18T12:46:40+00:00\",\"description\":\"El tratamiento de aguas residuales AquaCare es un producto 100% natural, ecol\u00f3gico y biol\u00f3gico que utiliza bacterias naturales.\",\"breadcrumb\":{\"@id\":\"https:\/\/agritek.co.nz\/spanish\/tratamiento-de-aguas-residuales\/#breadcrumb\"},\"inLanguage\":\"en-US\",\"potentialAction\":[{\"@type\":\"ReadAction\",\"target\":[\"https:\/\/agritek.co.nz\/spanish\/tratamiento-de-aguas-residuales\/\"]}]},{\"@type\":\"ImageObject\",\"inLanguage\":\"en-US\",\"@id\":\"https:\/\/agritek.co.nz\/spanish\/tratamiento-de-aguas-residuales\/#primaryimage\",\"url\":\"http:\/\/agritek.co.nz\/spanish\/wp-content\/uploads\/2017\/12\/Farmer-Field-bio-Sustain-Rice-e1526269204287.jpg\",\"contentUrl\":\"http:\/\/agritek.co.nz\/spanish\/wp-content\/uploads\/2017\/12\/Farmer-Field-bio-Sustain-Rice-e1526269204287.jpg\",\"width\":370,\"height\":246,\"caption\":\"Reguladores del crecimiento vegetal, ARROZ-GUARD, Tratamiento de aguas residuales, Beneficios Bio-Sustain, Bio-pesticidas, Bio-Sustain - Nitr\u00f3geno, Cultivo de pimientos con Bio-Sustain, Bio-Sustain - Introducci\u00f3n\"},{\"@type\":\"BreadcrumbList\",\"@id\":\"https:\/\/agritek.co.nz\/spanish\/tratamiento-de-aguas-residuales\/#breadcrumb\",\"itemListElement\":[{\"@type\":\"ListItem\",\"position\":1,\"name\":\"Home\",\"item\":\"https:\/\/agritek.co.nz\/spanish\/\"},{\"@type\":\"ListItem\",\"position\":2,\"name\":\"Tratamiento de aguas residuales\"}]},{\"@type\":\"WebSite\",\"@id\":\"https:\/\/agritek.co.nz\/spanish\/#website\",\"url\":\"https:\/\/agritek.co.nz\/spanish\/\",\"name\":\"Agritek\",\"description\":\"Soluciones Sostenibles\",\"publisher\":{\"@id\":\"https:\/\/agritek.co.nz\/spanish\/#organization\"},\"potentialAction\":[{\"@type\":\"SearchAction\",\"target\":{\"@type\":\"EntryPoint\",\"urlTemplate\":\"https:\/\/agritek.co.nz\/spanish\/?s={search_term_string}\"},\"query-input\":{\"@type\":\"PropertyValueSpecification\",\"valueRequired\":true,\"valueName\":\"search_term_string\"}}],\"inLanguage\":\"en-US\"},{\"@type\":\"Organization\",\"@id\":\"https:\/\/agritek.co.nz\/spanish\/#organization\",\"name\":\"Agritek\",\"url\":\"https:\/\/agritek.co.nz\/spanish\/\",\"logo\":{\"@type\":\"ImageObject\",\"inLanguage\":\"en-US\",\"@id\":\"https:\/\/agritek.co.nz\/spanish\/#\/schema\/logo\/image\/\",\"url\":\"https:\/\/agritek.co.nz\/spanish\/wp-content\/uploads\/2017\/12\/logo-1.png\",\"contentUrl\":\"https:\/\/agritek.co.nz\/spanish\/wp-content\/uploads\/2017\/12\/logo-1.png\",\"width\":317,\"height\":115,\"caption\":\"Agritek\"},\"image\":{\"@id\":\"https:\/\/agritek.co.nz\/spanish\/#\/schema\/logo\/image\/\"},\"sameAs\":[\"https:\/\/www.facebook.com\/agriteknz\/\"]}]}<\/script>\n<!-- \/ Yoast SEO plugin. -->","yoast_head_json":{"title":"Tratamiento de aguas residuales - Agritek","description":"El tratamiento de aguas residuales AquaCare es un producto 100% natural, ecol\u00f3gico y biol\u00f3gico que utiliza bacterias naturales.","robots":{"index":"index","follow":"follow","max-snippet":"max-snippet:-1","max-image-preview":"max-image-preview:large","max-video-preview":"max-video-preview:-1"},"canonical":"https:\/\/agritek.co.nz\/spanish\/tratamiento-de-aguas-residuales\/","og_locale":"en_US","og_type":"article","og_title":"Tratamiento de aguas residuales - Agritek","og_description":"El tratamiento de aguas residuales AquaCare es un producto 100% natural, ecol\u00f3gico y biol\u00f3gico que utiliza bacterias naturales.","og_url":"https:\/\/agritek.co.nz\/spanish\/tratamiento-de-aguas-residuales\/","og_site_name":"Agritek","article_publisher":"https:\/\/www.facebook.com\/agriteknz\/","article_modified_time":"2022-11-18T12:46:40+00:00","og_image":[{"width":370,"height":246,"url":"https:\/\/agritek.co.nz\/spanish\/wp-content\/uploads\/2017\/12\/Farmer-Field-bio-Sustain-Rice-e1526269204287.jpg","type":"image\/jpeg"}],"twitter_card":"summary_large_image","twitter_misc":{"Est. reading time":"4 minutes"},"schema":{"@context":"https:\/\/schema.org","@graph":[{"@type":"WebPage","@id":"https:\/\/agritek.co.nz\/spanish\/tratamiento-de-aguas-residuales\/","url":"https:\/\/agritek.co.nz\/spanish\/tratamiento-de-aguas-residuales\/","name":"Tratamiento de aguas residuales - Agritek","isPartOf":{"@id":"https:\/\/agritek.co.nz\/spanish\/#website"},"primaryImageOfPage":{"@id":"https:\/\/agritek.co.nz\/spanish\/tratamiento-de-aguas-residuales\/#primaryimage"},"image":{"@id":"https:\/\/agritek.co.nz\/spanish\/tratamiento-de-aguas-residuales\/#primaryimage"},"thumbnailUrl":"http:\/\/agritek.co.nz\/spanish\/wp-content\/uploads\/2017\/12\/Farmer-Field-bio-Sustain-Rice-e1526269204287.jpg","datePublished":"2018-05-05T05:24:26+00:00","dateModified":"2022-11-18T12:46:40+00:00","description":"El tratamiento de aguas residuales AquaCare es un producto 100% natural, ecol\u00f3gico y biol\u00f3gico que utiliza bacterias naturales.","breadcrumb":{"@id":"https:\/\/agritek.co.nz\/spanish\/tratamiento-de-aguas-residuales\/#breadcrumb"},"inLanguage":"en-US","potentialAction":[{"@type":"ReadAction","target":["https:\/\/agritek.co.nz\/spanish\/tratamiento-de-aguas-residuales\/"]}]},{"@type":"ImageObject","inLanguage":"en-US","@id":"https:\/\/agritek.co.nz\/spanish\/tratamiento-de-aguas-residuales\/#primaryimage","url":"http:\/\/agritek.co.nz\/spanish\/wp-content\/uploads\/2017\/12\/Farmer-Field-bio-Sustain-Rice-e1526269204287.jpg","contentUrl":"http:\/\/agritek.co.nz\/spanish\/wp-content\/uploads\/2017\/12\/Farmer-Field-bio-Sustain-Rice-e1526269204287.jpg","width":370,"height":246,"caption":"Reguladores del crecimiento vegetal, ARROZ-GUARD, Tratamiento de aguas residuales, Beneficios Bio-Sustain, Bio-pesticidas, Bio-Sustain - Nitr\u00f3geno, Cultivo de pimientos con Bio-Sustain, Bio-Sustain - Introducci\u00f3n"},{"@type":"BreadcrumbList","@id":"https:\/\/agritek.co.nz\/spanish\/tratamiento-de-aguas-residuales\/#breadcrumb","itemListElement":[{"@type":"ListItem","position":1,"name":"Home","item":"https:\/\/agritek.co.nz\/spanish\/"},{"@type":"ListItem","position":2,"name":"Tratamiento de aguas residuales"}]},{"@type":"WebSite","@id":"https:\/\/agritek.co.nz\/spanish\/#website","url":"https:\/\/agritek.co.nz\/spanish\/","name":"Agritek","description":"Soluciones Sostenibles","publisher":{"@id":"https:\/\/agritek.co.nz\/spanish\/#organization"},"potentialAction":[{"@type":"SearchAction","target":{"@type":"EntryPoint","urlTemplate":"https:\/\/agritek.co.nz\/spanish\/?s={search_term_string}"},"query-input":{"@type":"PropertyValueSpecification","valueRequired":true,"valueName":"search_term_string"}}],"inLanguage":"en-US"},{"@type":"Organization","@id":"https:\/\/agritek.co.nz\/spanish\/#organization","name":"Agritek","url":"https:\/\/agritek.co.nz\/spanish\/","logo":{"@type":"ImageObject","inLanguage":"en-US","@id":"https:\/\/agritek.co.nz\/spanish\/#\/schema\/logo\/image\/","url":"https:\/\/agritek.co.nz\/spanish\/wp-content\/uploads\/2017\/12\/logo-1.png","contentUrl":"https:\/\/agritek.co.nz\/spanish\/wp-content\/uploads\/2017\/12\/logo-1.png","width":317,"height":115,"caption":"Agritek"},"image":{"@id":"https:\/\/agritek.co.nz\/spanish\/#\/schema\/logo\/image\/"},"sameAs":["https:\/\/www.facebook.com\/agriteknz\/"]}]}},"_links":{"self":[{"href":"http:\/\/agritek.co.nz\/spanish\/wp-json\/wp\/v2\/pages\/1446","targetHints":{"allow":["GET"]}}],"collection":[{"href":"http:\/\/agritek.co.nz\/spanish\/wp-json\/wp\/v2\/pages"}],"about":[{"href":"http:\/\/agritek.co.nz\/spanish\/wp-json\/wp\/v2\/types\/page"}],"author":[{"embeddable":true,"href":"http:\/\/agritek.co.nz\/spanish\/wp-json\/wp\/v2\/users\/1"}],"replies":[{"embeddable":true,"href":"http:\/\/agritek.co.nz\/spanish\/wp-json\/wp\/v2\/comments?post=1446"}],"version-history":[{"count":5,"href":"http:\/\/agritek.co.nz\/spanish\/wp-json\/wp\/v2\/pages\/1446\/revisions"}],"predecessor-version":[{"id":2342,"href":"http:\/\/agritek.co.nz\/spanish\/wp-json\/wp\/v2\/pages\/1446\/revisions\/2342"}],"wp:featuredmedia":[{"embeddable":true,"href":"http:\/\/agritek.co.nz\/spanish\/wp-json\/wp\/v2\/media\/1995"}],"wp:attachment":[{"href":"http:\/\/agritek.co.nz\/spanish\/wp-json\/wp\/v2\/media?parent=1446"}],"curies":[{"name":"wp","href":"https:\/\/api.w.org\/{rel}","templated":true}]}}