{"id":1313,"date":"2017-12-26T22:13:38","date_gmt":"2017-12-26T22:13:38","guid":{"rendered":"http:\/\/agritek.co.nz\/spanish\/?page_id=1313"},"modified":"2022-11-18T11:46:12","modified_gmt":"2022-11-18T11:46:12","slug":"remojo-de-semillas","status":"publish","type":"page","link":"http:\/\/agritek.co.nz\/spanish\/remojo-de-semillas\/","title":{"rendered":"Remojo de semillas"},"content":{"rendered":"<div id=\"destText\" class=\"textArea\">\n<div><strong><span id=\"noHighlight_0.5174234811114365\">Remojo de semillas;<\/span><\/strong><\/div>\n<div><span id=\"noHighlight_0.19093513317530464\">La germinaci\u00f3n es una de las partes m\u00e1s lentas del proceso de siembra.<\/span><\/div>\n<div><span id=\"noHighlight_0.3969194944214247\">La remojo de las semillas en una soluci\u00f3n bio-sustain acelera el proceso de germinaci\u00f3n y logra mayores tasas de germinaci\u00f3n y rendimiento de los cultivos.<\/span><\/div>\n<div><span id=\"noHighlight_0.875024195433126\">Bas\u00e1ndose en los resultados del ensayo, las semillas en una soluci\u00f3n de biofertilizante mostraron una germinaci\u00f3n significativamente mayor \u2013 en m\u00e1s de un 20% \u2013 y mayores rendimientos \u2013 hasta en un 30%<\/span><\/div>\n<div><span id=\"noHighlight_0.9427143586202341\">Los tratamientos de biofertilizante aplicados estimularon la germinaci\u00f3n y el crecimiento excretando fitohormonas y mejorando la movilizaci\u00f3n de nutrientes de la semilla.<\/span><\/div>\n<div><\/div>\n<div><span id=\"noHighlight_0.019583738022313946\">La aplicaci\u00f3n de bacterias (<a href=\"https:\/\/www.frontiersin.org\/articles\/10.3389\/fmicb.2019.01455\/full\">PGPB<\/a> \u2013 crecimiento vegetal promoviendo bacterias) como <a href=\"https:\/\/agritek.co.nz\/spanish\/nuestra-tienda\/\">biofertilizantes<\/a> est\u00e1 aumentando debido al bajo nivel de cr\u00eda de animales y a la utilizaci\u00f3n de fertilizantes org\u00e1nicos. Como consecuencia, los suelos se vuelven pobres en bacterias \u00fatiles. PGPB indican un grupo de bacterias que colonizan activamente las ra\u00edces de las plantas, aumentando as\u00ed el crecimiento y el rendimiento de la planta.<\/span><\/div>\n<div><span id=\"noHighlight_0.17252344983533696\">Las semillas que se remojan antes de plantar, ayudan al EM (microorganismos eficaces) y a la soluci\u00f3n del agua para ablandar y para penetrar la capa de la semilla. La penetraci\u00f3n del agua es esencial, a despertar el germen de la semilla adentro, y a causar que brote.<\/span><\/div>\n<div><\/div>\n<div><span id=\"noHighlight_0.6992503222944204\">En general, las semillas con capas duras de semillas, semillas m\u00e1s grandes, y las semillas lentas para germinar, se beneficiar\u00e1n m\u00e1s con el remojo de semillas.<\/span><\/div>\n<div><span id=\"noHighlight_0.04371340758657227\">Nota: la penetraci\u00f3n del agua es un ingrediente esencial para comenzar el proceso de la brotaci\u00f3n de la semilla. La otra es calidez. Una vez que la semilla ha brotado, otros factores son importantes, entre ellos el aire, la luz y los nutrientes.<\/span><\/div>\n<div><\/div>\n<div><span id=\"noHighlight_0.6918859580467123\">Coloque la semilla de pasto en un material poroso. Use una gasa o un saco de arpillera. Atar en la parte superior para formar una bolsa. Coloque este saco con la semilla en un recipiente cubierto. Un tanque de pescado funciona bien para esto.<\/span><\/div>\n<\/div>\n<div><\/div>\n<div>\n<div id=\"destText\" class=\"textArea\">\n<div><span id=\"noHighlight_0.1304116441003903\">Sumerja la semilla en agua durante 24 horas.<\/span><\/div>\n<div><span id=\"noHighlight_0.09398557304973265\">Retire la semilla del recipiente.<\/span><\/div>\n<div><span id=\"noHighlight_0.032669546725896614\">Drene el exceso de agua de la semilla y del bolso.<\/span><\/div>\n<div><span id=\"noHighlight_0.10626010891005011\">Prepare el \u00e1rea de siembra.<\/span><\/div>\n<div><span id=\"noHighlight_0.15090268885537006\">Siga las instrucciones espec\u00edficas de inicio de la semilla para la variedad de semillas que est\u00e1 usando<\/span><\/div>\n<\/div>\n<\/div>\n<div><\/div>\n<div><img decoding=\"async\" class=\"alignnone wp-image-1314 size-medium\" src=\"http:\/\/agritek.co.nz\/spanish\/wp-content\/uploads\/2017\/12\/seeds_soaking-300x137.png\" alt=\"Remojo de semillas\" width=\"300\" height=\"137\" \/><\/div>\n","protected":false},"excerpt":{"rendered":"<p>Remojo de semillas; La germinaci\u00f3n es una de las partes m\u00e1s lentas del proceso de siembra. La remojo de las semillas en una soluci\u00f3n bio-sustain acelera el proceso de germinaci\u00f3n y logra mayores tasas de germinaci\u00f3n y rendimiento de los cultivos. Bas\u00e1ndose en los resultados del ensayo, las semillas en una soluci\u00f3n de biofertilizante mostraron [&hellip;]<\/p>\n","protected":false},"author":1,"featured_media":2049,"parent":0,"menu_order":0,"comment_status":"closed","ping_status":"closed","template":"","meta":{"_acf_changed":false,"footnotes":""},"class_list":["post-1313","page","type-page","status-publish","has-post-thumbnail","hentry"],"acf":[],"yoast_head":"<!-- This site is optimized with the Yoast SEO plugin v27.2 - https:\/\/yoast.com\/product\/yoast-seo-wordpress\/ -->\n<title>Remojo de semillas - Agritek Sustainable Solutions<\/title>\n<meta name=\"description\" content=\"Remojar las semillas en una soluci\u00f3n biosostenida acelera el proceso de germinaci\u00f3n. Siga estas instrucciones de remojo de semillas.\" \/>\n<meta name=\"robots\" content=\"index, follow, max-snippet:-1, max-image-preview:large, max-video-preview:-1\" \/>\n<link rel=\"canonical\" href=\"https:\/\/agritek.co.nz\/spanish\/remojo-de-semillas\/\" \/>\n<meta property=\"og:locale\" content=\"en_US\" \/>\n<meta property=\"og:type\" content=\"article\" \/>\n<meta property=\"og:title\" content=\"Remojo de semillas - Agritek Sustainable Solutions\" \/>\n<meta property=\"og:description\" content=\"Remojar las semillas en una soluci\u00f3n biosostenida acelera el proceso de germinaci\u00f3n. Siga estas instrucciones de remojo de semillas.\" \/>\n<meta property=\"og:url\" content=\"https:\/\/agritek.co.nz\/spanish\/remojo-de-semillas\/\" \/>\n<meta property=\"og:site_name\" content=\"Agritek\" \/>\n<meta property=\"article:publisher\" content=\"https:\/\/www.facebook.com\/agriteknz\/\" \/>\n<meta property=\"article:modified_time\" content=\"2022-11-18T11:46:12+00:00\" \/>\n<meta property=\"og:image\" content=\"https:\/\/agritek.co.nz\/spanish\/wp-content\/uploads\/2017\/12\/ee1b84c0-6d8b-4da2-9d0b-79d90b8301d8.jpg\" \/>\n\t<meta property=\"og:image:width\" content=\"370\" \/>\n\t<meta property=\"og:image:height\" content=\"241\" \/>\n\t<meta property=\"og:image:type\" content=\"image\/jpeg\" \/>\n<meta name=\"twitter:card\" content=\"summary_large_image\" \/>\n<meta name=\"twitter:label1\" content=\"Est. reading time\" \/>\n\t<meta name=\"twitter:data1\" content=\"2 minutes\" \/>\n<script type=\"application\/ld+json\" class=\"yoast-schema-graph\">{\"@context\":\"https:\/\/schema.org\",\"@graph\":[{\"@type\":\"WebPage\",\"@id\":\"https:\/\/agritek.co.nz\/spanish\/remojo-de-semillas\/\",\"url\":\"https:\/\/agritek.co.nz\/spanish\/remojo-de-semillas\/\",\"name\":\"Remojo de semillas - Agritek Sustainable Solutions\",\"isPartOf\":{\"@id\":\"https:\/\/agritek.co.nz\/spanish\/#website\"},\"primaryImageOfPage\":{\"@id\":\"https:\/\/agritek.co.nz\/spanish\/remojo-de-semillas\/#primaryimage\"},\"image\":{\"@id\":\"https:\/\/agritek.co.nz\/spanish\/remojo-de-semillas\/#primaryimage\"},\"thumbnailUrl\":\"http:\/\/agritek.co.nz\/spanish\/wp-content\/uploads\/2017\/12\/ee1b84c0-6d8b-4da2-9d0b-79d90b8301d8.jpg\",\"datePublished\":\"2017-12-26T22:13:38+00:00\",\"dateModified\":\"2022-11-18T11:46:12+00:00\",\"description\":\"Remojar las semillas en una soluci\u00f3n biosostenida acelera el proceso de germinaci\u00f3n. Siga estas instrucciones de remojo de semillas.\",\"breadcrumb\":{\"@id\":\"https:\/\/agritek.co.nz\/spanish\/remojo-de-semillas\/#breadcrumb\"},\"inLanguage\":\"en-US\",\"potentialAction\":[{\"@type\":\"ReadAction\",\"target\":[\"https:\/\/agritek.co.nz\/spanish\/remojo-de-semillas\/\"]}]},{\"@type\":\"ImageObject\",\"inLanguage\":\"en-US\",\"@id\":\"https:\/\/agritek.co.nz\/spanish\/remojo-de-semillas\/#primaryimage\",\"url\":\"http:\/\/agritek.co.nz\/spanish\/wp-content\/uploads\/2017\/12\/ee1b84c0-6d8b-4da2-9d0b-79d90b8301d8.jpg\",\"contentUrl\":\"http:\/\/agritek.co.nz\/spanish\/wp-content\/uploads\/2017\/12\/ee1b84c0-6d8b-4da2-9d0b-79d90b8301d8.jpg\",\"width\":370,\"height\":241,\"caption\":\"Sustainable Solutions\"},{\"@type\":\"BreadcrumbList\",\"@id\":\"https:\/\/agritek.co.nz\/spanish\/remojo-de-semillas\/#breadcrumb\",\"itemListElement\":[{\"@type\":\"ListItem\",\"position\":1,\"name\":\"Home\",\"item\":\"https:\/\/agritek.co.nz\/spanish\/\"},{\"@type\":\"ListItem\",\"position\":2,\"name\":\"Remojo de semillas\"}]},{\"@type\":\"WebSite\",\"@id\":\"https:\/\/agritek.co.nz\/spanish\/#website\",\"url\":\"https:\/\/agritek.co.nz\/spanish\/\",\"name\":\"Agritek\",\"description\":\"Soluciones Sostenibles\",\"publisher\":{\"@id\":\"https:\/\/agritek.co.nz\/spanish\/#organization\"},\"potentialAction\":[{\"@type\":\"SearchAction\",\"target\":{\"@type\":\"EntryPoint\",\"urlTemplate\":\"https:\/\/agritek.co.nz\/spanish\/?s={search_term_string}\"},\"query-input\":{\"@type\":\"PropertyValueSpecification\",\"valueRequired\":true,\"valueName\":\"search_term_string\"}}],\"inLanguage\":\"en-US\"},{\"@type\":\"Organization\",\"@id\":\"https:\/\/agritek.co.nz\/spanish\/#organization\",\"name\":\"Agritek\",\"url\":\"https:\/\/agritek.co.nz\/spanish\/\",\"logo\":{\"@type\":\"ImageObject\",\"inLanguage\":\"en-US\",\"@id\":\"https:\/\/agritek.co.nz\/spanish\/#\/schema\/logo\/image\/\",\"url\":\"https:\/\/agritek.co.nz\/spanish\/wp-content\/uploads\/2017\/12\/logo-1.png\",\"contentUrl\":\"https:\/\/agritek.co.nz\/spanish\/wp-content\/uploads\/2017\/12\/logo-1.png\",\"width\":317,\"height\":115,\"caption\":\"Agritek\"},\"image\":{\"@id\":\"https:\/\/agritek.co.nz\/spanish\/#\/schema\/logo\/image\/\"},\"sameAs\":[\"https:\/\/www.facebook.com\/agriteknz\/\"]}]}<\/script>\n<!-- \/ Yoast SEO plugin. -->","yoast_head_json":{"title":"Remojo de semillas - Agritek Sustainable Solutions","description":"Remojar las semillas en una soluci\u00f3n biosostenida acelera el proceso de germinaci\u00f3n. Siga estas instrucciones de remojo de semillas.","robots":{"index":"index","follow":"follow","max-snippet":"max-snippet:-1","max-image-preview":"max-image-preview:large","max-video-preview":"max-video-preview:-1"},"canonical":"https:\/\/agritek.co.nz\/spanish\/remojo-de-semillas\/","og_locale":"en_US","og_type":"article","og_title":"Remojo de semillas - Agritek Sustainable Solutions","og_description":"Remojar las semillas en una soluci\u00f3n biosostenida acelera el proceso de germinaci\u00f3n. Siga estas instrucciones de remojo de semillas.","og_url":"https:\/\/agritek.co.nz\/spanish\/remojo-de-semillas\/","og_site_name":"Agritek","article_publisher":"https:\/\/www.facebook.com\/agriteknz\/","article_modified_time":"2022-11-18T11:46:12+00:00","og_image":[{"width":370,"height":241,"url":"https:\/\/agritek.co.nz\/spanish\/wp-content\/uploads\/2017\/12\/ee1b84c0-6d8b-4da2-9d0b-79d90b8301d8.jpg","type":"image\/jpeg"}],"twitter_card":"summary_large_image","twitter_misc":{"Est. reading time":"2 minutes"},"schema":{"@context":"https:\/\/schema.org","@graph":[{"@type":"WebPage","@id":"https:\/\/agritek.co.nz\/spanish\/remojo-de-semillas\/","url":"https:\/\/agritek.co.nz\/spanish\/remojo-de-semillas\/","name":"Remojo de semillas - Agritek Sustainable Solutions","isPartOf":{"@id":"https:\/\/agritek.co.nz\/spanish\/#website"},"primaryImageOfPage":{"@id":"https:\/\/agritek.co.nz\/spanish\/remojo-de-semillas\/#primaryimage"},"image":{"@id":"https:\/\/agritek.co.nz\/spanish\/remojo-de-semillas\/#primaryimage"},"thumbnailUrl":"http:\/\/agritek.co.nz\/spanish\/wp-content\/uploads\/2017\/12\/ee1b84c0-6d8b-4da2-9d0b-79d90b8301d8.jpg","datePublished":"2017-12-26T22:13:38+00:00","dateModified":"2022-11-18T11:46:12+00:00","description":"Remojar las semillas en una soluci\u00f3n biosostenida acelera el proceso de germinaci\u00f3n. Siga estas instrucciones de remojo de semillas.","breadcrumb":{"@id":"https:\/\/agritek.co.nz\/spanish\/remojo-de-semillas\/#breadcrumb"},"inLanguage":"en-US","potentialAction":[{"@type":"ReadAction","target":["https:\/\/agritek.co.nz\/spanish\/remojo-de-semillas\/"]}]},{"@type":"ImageObject","inLanguage":"en-US","@id":"https:\/\/agritek.co.nz\/spanish\/remojo-de-semillas\/#primaryimage","url":"http:\/\/agritek.co.nz\/spanish\/wp-content\/uploads\/2017\/12\/ee1b84c0-6d8b-4da2-9d0b-79d90b8301d8.jpg","contentUrl":"http:\/\/agritek.co.nz\/spanish\/wp-content\/uploads\/2017\/12\/ee1b84c0-6d8b-4da2-9d0b-79d90b8301d8.jpg","width":370,"height":241,"caption":"Sustainable Solutions"},{"@type":"BreadcrumbList","@id":"https:\/\/agritek.co.nz\/spanish\/remojo-de-semillas\/#breadcrumb","itemListElement":[{"@type":"ListItem","position":1,"name":"Home","item":"https:\/\/agritek.co.nz\/spanish\/"},{"@type":"ListItem","position":2,"name":"Remojo de semillas"}]},{"@type":"WebSite","@id":"https:\/\/agritek.co.nz\/spanish\/#website","url":"https:\/\/agritek.co.nz\/spanish\/","name":"Agritek","description":"Soluciones Sostenibles","publisher":{"@id":"https:\/\/agritek.co.nz\/spanish\/#organization"},"potentialAction":[{"@type":"SearchAction","target":{"@type":"EntryPoint","urlTemplate":"https:\/\/agritek.co.nz\/spanish\/?s={search_term_string}"},"query-input":{"@type":"PropertyValueSpecification","valueRequired":true,"valueName":"search_term_string"}}],"inLanguage":"en-US"},{"@type":"Organization","@id":"https:\/\/agritek.co.nz\/spanish\/#organization","name":"Agritek","url":"https:\/\/agritek.co.nz\/spanish\/","logo":{"@type":"ImageObject","inLanguage":"en-US","@id":"https:\/\/agritek.co.nz\/spanish\/#\/schema\/logo\/image\/","url":"https:\/\/agritek.co.nz\/spanish\/wp-content\/uploads\/2017\/12\/logo-1.png","contentUrl":"https:\/\/agritek.co.nz\/spanish\/wp-content\/uploads\/2017\/12\/logo-1.png","width":317,"height":115,"caption":"Agritek"},"image":{"@id":"https:\/\/agritek.co.nz\/spanish\/#\/schema\/logo\/image\/"},"sameAs":["https:\/\/www.facebook.com\/agriteknz\/"]}]}},"_links":{"self":[{"href":"http:\/\/agritek.co.nz\/spanish\/wp-json\/wp\/v2\/pages\/1313","targetHints":{"allow":["GET"]}}],"collection":[{"href":"http:\/\/agritek.co.nz\/spanish\/wp-json\/wp\/v2\/pages"}],"about":[{"href":"http:\/\/agritek.co.nz\/spanish\/wp-json\/wp\/v2\/types\/page"}],"author":[{"embeddable":true,"href":"http:\/\/agritek.co.nz\/spanish\/wp-json\/wp\/v2\/users\/1"}],"replies":[{"embeddable":true,"href":"http:\/\/agritek.co.nz\/spanish\/wp-json\/wp\/v2\/comments?post=1313"}],"version-history":[{"count":2,"href":"http:\/\/agritek.co.nz\/spanish\/wp-json\/wp\/v2\/pages\/1313\/revisions"}],"predecessor-version":[{"id":2334,"href":"http:\/\/agritek.co.nz\/spanish\/wp-json\/wp\/v2\/pages\/1313\/revisions\/2334"}],"wp:featuredmedia":[{"embeddable":true,"href":"http:\/\/agritek.co.nz\/spanish\/wp-json\/wp\/v2\/media\/2049"}],"wp:attachment":[{"href":"http:\/\/agritek.co.nz\/spanish\/wp-json\/wp\/v2\/media?parent=1313"}],"curies":[{"name":"wp","href":"https:\/\/api.w.org\/{rel}","templated":true}]}}