{"id":1283,"date":"2017-12-22T22:53:31","date_gmt":"2017-12-22T22:53:31","guid":{"rendered":"http:\/\/agritek.co.nz\/spanish\/?page_id=1283"},"modified":"2022-11-18T10:36:52","modified_gmt":"2022-11-18T10:36:52","slug":"bio-sustain-pgpr","status":"publish","type":"page","link":"http:\/\/agritek.co.nz\/spanish\/bio-sustain-pgpr\/","title":{"rendered":"Bio-Sustain &#8211; PGPR"},"content":{"rendered":"<div id=\"destText\" class=\"textArea\">\n<h4><strong><span id=\"noHighlight_0.9682788992869924\">Bio-Sustain \u2122 contiene PGPR, pero \u00bfqu\u00e9 son?<\/span><\/strong><\/h4>\n<div><span id=\"noHighlight_0.3562184927941\">El crecimiento vegetal que promueve rizobacterias (Bio-Sustain &#8211; PGPR) es un grupo de bacterias que colonizan ra\u00edces o rizosfera suelo y se refieren como crecimiento vegetal que promueve rizobacterias (PGPR). Los microorganismos encontrados en el rizosfera son capaces de producir sustancias que regulan el crecimiento y desarrollo de las plantas. Estos microbios tienen mecanismos directos que facilitan la toma de nutrientes o aumentan la disponibilidad de nutrientes mediante la <a href=\"https:\/\/eos.com\/es\/blog\/fijacion-biologica-de-nitrogeno\/#:~:text=La%20fijaci%C3%B3n%20del%20nitr%C3%B3geno%20es,nitratos%2C%20nitritos%20o%20amon%C3%ADaco).\">fijaci\u00f3n de nitr\u00f3geno<\/a>, la solubilizaci\u00f3n de nutrientes minerales, los compuestos org\u00e1nicos mineralizar y la producci\u00f3n de fitohormonas. Los mecanismos de PGPR incluyen la regulaci\u00f3n del equilibrio hormonal y nutricional, la inducci\u00f3n de la resistencia contra los pat\u00f3genos de las plantas, y la solubilizaci\u00f3n de los nutrientes para facilitar la toma de las plantas.<\/span><\/div>\n<div><\/div>\n<h4><span id=\"noHighlight_0.25731005001163665\">Fijaci\u00f3n del nitr\u00f3geno:<\/span><\/h4>\n<div><span id=\"noHighlight_0.22450588009173844\">El nitr\u00f3geno es un elemento esencial para todas las formas de vida y es el nutriente m\u00e1s vital para el crecimiento y la productividad de las plantas. El nitr\u00f3geno, que es necesario para la s\u00edntesis de amino\u00e1cidos y prote\u00ednas, es el nutriente m\u00e1s limitador para las plantas.<\/span><\/div>\n<div><span id=\"noHighlight_0.20928649244008968\">Solubilizaci\u00f3n del fosfato: el f\u00f3sforo es el elemento clave m\u00e1s importante en la nutrici\u00f3n de las plantas, junto al nitr\u00f3geno (N). Desempe\u00f1a un papel importante en virtualmente todos los procesos metab\u00f3licos importantes en planta incluyendo la fotos\u00edntesis, la transferencia de energ\u00eda, la transducci\u00f3n de la se\u00f1al, la bios\u00edntesis macromolecular y la respiraci\u00f3n.<\/span><\/div>\n<div><span id=\"noHighlight_0.5325742859932805\">El crecimiento de la planta que promueve rizobacterias presentes en el suelo emplea diferentes estrategias para hacer uso de formas no disponibles de f\u00f3sforo y a su vez tambi\u00e9n ayuda en la fabricaci\u00f3n de f\u00f3sforo disponible para que las plantas absorban.<\/span><\/div>\n<div><span id=\"noHighlight_0.8041999969204761\">La solubilizaci\u00f3n del potasio (K) es el tercer macronutriente esencial importante para el crecimiento vegetal. Las concentraciones de potasio soluble en el suelo son generalmente muy bajas y m\u00e1s de 90% de potasio en el suelo existe en forma de rocas insolubles y minerales de silicato.<\/span><\/div>\n<div><span id=\"noHighlight_0.7882991007816316\">El <a href=\"https:\/\/agritek.co.nz\/spanish\/\">crecimiento vegetal<\/a> que promueve rizobacterias es capaz de solubilizar la roca del potasio con la producci\u00f3n y la secreci\u00f3n de \u00e1cidos org\u00e1nicos. Potasio que solubiliza para lanzar el potasio en forma accesible de los minerales del cojinete del potasio en suelos.<\/span><\/div>\n<div><\/div>\n<h4><span id=\"noHighlight_0.5220369012761743\">Fosfato que solubiliza las bacterias (PSB)<\/span><\/h4>\n<div><span id=\"noHighlight_0.5401750684735365\">Debido a la inmovilizaci\u00f3n del fosfato por los iones minerales tales como fe, al y CA y los \u00e1cidos org\u00e1nicos, la tarifa del fosfato disponible en suelo est\u00e1 bien debajo de necesidades de la planta. Los fertilizantes qu\u00edmicos tambi\u00e9n se inmovilizan en el suelo, inmediatamente de modo que solamente el 20% de fertilizante agregado sea absorbido por las plantas. PSB convierte los compuestos insolubles del fosfato tales como fosfato de la roca, harina del hueso y escoria b\u00e1sica particularmente el f\u00f3sforo qu\u00edmicamente fijo del suelo en forma disponible. La PSB puede provocar la liberaci\u00f3n de una gran cantidad de fosfato soluble y superior a 50 kg\/ha de P2O5. La actividad de solubilizaci\u00f3n del f\u00f3sforo es determinada por la capacidad de microbios para lanzar los metabilitos tales como \u00e1cido org\u00e1nico (\u00e1cido l\u00e1ctico, \u00e1cido m\u00e1lico, \u00e1cido glut\u00e1mico, \u00e1cido ac\u00e9tico etc). El f\u00f3sforo inorg\u00e1nico es solublized por la acci\u00f3n de los \u00e1cidos org\u00e1nicos e inorg\u00e1nicos segregados por PSB y que mantienen el pH del suelo. El pH de rizosfera se baja a trav\u00e9s de la liberaci\u00f3n de bio-carbonatos (aniones\/balance cati\u00f3nico) y ox\u00edgeno\/intercambio gaseoso de \u00f3xido de carbono. La capacidad de solubilizaci\u00f3n del f\u00f3sforo de PSB tiene correlaci\u00f3n directa con el pH del medio.<\/span><\/div>\n<div><\/div>\n<h4><span id=\"noHighlight_0.2073501162270901\">Microorganismos de solubilizaci\u00f3n de potasio (KSM)<\/span><\/h4>\n<div><span id=\"noHighlight_0.7773965188205155\">El potasio (K) es el tercer macronutriente esencial importante para el crecimiento de las plantas. Las concentraciones de potasio soluble en el suelo son generalmente muy bajas y m\u00e1s de 90% de potasio en el suelo existe en forma de rocas insolubles y minerales de silicato. El crecimiento vegetal que promueve rizobacterias es capaz de solubilizar la roca del potasio con la producci\u00f3n y la secreci\u00f3n de \u00e1cidos org\u00e1nicos. Potasio que solubiliza para lanzar el potasio en forma accesible de los minerales del cojinete del potasio en suelos.<\/span><\/div>\n<div><\/div>\n<h4><span id=\"noHighlight_0.7787847060041857\">Microbios del suelo y ciclismo de elementos:<\/span><\/h4>\n<div><span id=\"noHighlight_0.615524798711195\">El proceso de biogeoqu\u00edmicos a trav\u00e9s del cual los compuestos org\u00e1nicos se dividen a los compuestos inorg\u00e1nicos o sus elementos constituyentes es conocido &#8220;mineralizaci\u00f3n&#8221;, o la conversi\u00f3n microbiana de compuestos org\u00e1nicos complejos en compuestos inorg\u00e1nicos simples y sus los elementos constituyentes se conocen como mineralizaci\u00f3n.<\/span><\/div>\n<div><span id=\"noHighlight_0.013437836505750034\">Los microbios del suelo juegan un papel importante en el ciclismo bioqu\u00edmico de los elementos de la Biosfera, donde los elementos esenciales (C, P, S, N &amp; Iron, etc.) experimentan transformaciones qu\u00edmicas. A trav\u00e9s del proceso de mineralizaci\u00f3n de carbono org\u00e1nico, nitr\u00f3geno, f\u00f3sforo, azufre, hierro, etc. se hacen disponibles para su reutilizaci\u00f3n por las plantas.<\/span><\/div>\n<\/div>\n","protected":false},"excerpt":{"rendered":"<p>Bio-Sustain \u2122 contiene PGPR, pero \u00bfqu\u00e9 son? El crecimiento vegetal que promueve rizobacterias (Bio-Sustain &#8211; PGPR) es un grupo de bacterias que colonizan ra\u00edces o rizosfera suelo y se refieren como crecimiento vegetal que promueve rizobacterias (PGPR). Los microorganismos encontrados en el rizosfera son capaces de producir sustancias que regulan el crecimiento y desarrollo de [&hellip;]<\/p>\n","protected":false},"author":1,"featured_media":1417,"parent":0,"menu_order":0,"comment_status":"closed","ping_status":"closed","template":"","meta":{"_acf_changed":false,"footnotes":""},"class_list":["post-1283","page","type-page","status-publish","has-post-thumbnail","hentry"],"acf":[],"yoast_head":"<!-- This site is optimized with the Yoast SEO plugin v27.2 - https:\/\/yoast.com\/product\/yoast-seo-wordpress\/ -->\n<title>Bio-Sustain - PGPR - Agritek Sustainable Solutions<\/title>\n<meta name=\"description\" content=\"Bio-Sustain - PGPR son un grupo de bacterias que colonizan las ra\u00edces y se conocen como crecimiento vegetal. \u00a1Consulta los detalles!\" \/>\n<meta name=\"robots\" content=\"index, follow, max-snippet:-1, max-image-preview:large, max-video-preview:-1\" \/>\n<link rel=\"canonical\" href=\"http:\/\/agritek.co.nz\/spanish\/bio-sustain-pgpr\/\" \/>\n<meta property=\"og:locale\" content=\"en_US\" \/>\n<meta property=\"og:type\" content=\"article\" \/>\n<meta property=\"og:title\" content=\"Bio-Sustain - PGPR - Agritek Sustainable Solutions\" \/>\n<meta property=\"og:description\" content=\"Bio-Sustain - PGPR son un grupo de bacterias que colonizan las ra\u00edces y se conocen como crecimiento vegetal. \u00a1Consulta los detalles!\" \/>\n<meta property=\"og:url\" content=\"http:\/\/agritek.co.nz\/spanish\/bio-sustain-pgpr\/\" \/>\n<meta property=\"og:site_name\" content=\"Agritek\" \/>\n<meta property=\"article:publisher\" content=\"https:\/\/www.facebook.com\/agriteknz\/\" \/>\n<meta property=\"article:modified_time\" content=\"2022-11-18T10:36:52+00:00\" \/>\n<meta property=\"og:image\" content=\"http:\/\/agritek.co.nz\/spanish\/wp-content\/uploads\/2017\/12\/4-1-1.jpg\" \/>\n\t<meta property=\"og:image:width\" content=\"1920\" \/>\n\t<meta property=\"og:image:height\" content=\"820\" \/>\n\t<meta property=\"og:image:type\" content=\"image\/jpeg\" \/>\n<meta name=\"twitter:card\" content=\"summary_large_image\" \/>\n<meta name=\"twitter:label1\" content=\"Est. reading time\" \/>\n\t<meta name=\"twitter:data1\" content=\"4 minutes\" \/>\n<script type=\"application\/ld+json\" class=\"yoast-schema-graph\">{\"@context\":\"https:\/\/schema.org\",\"@graph\":[{\"@type\":\"WebPage\",\"@id\":\"http:\/\/agritek.co.nz\/spanish\/bio-sustain-pgpr\/\",\"url\":\"http:\/\/agritek.co.nz\/spanish\/bio-sustain-pgpr\/\",\"name\":\"Bio-Sustain - PGPR - Agritek Sustainable Solutions\",\"isPartOf\":{\"@id\":\"https:\/\/agritek.co.nz\/spanish\/#website\"},\"primaryImageOfPage\":{\"@id\":\"http:\/\/agritek.co.nz\/spanish\/bio-sustain-pgpr\/#primaryimage\"},\"image\":{\"@id\":\"http:\/\/agritek.co.nz\/spanish\/bio-sustain-pgpr\/#primaryimage\"},\"thumbnailUrl\":\"http:\/\/agritek.co.nz\/spanish\/wp-content\/uploads\/2017\/12\/4-1-1.jpg\",\"datePublished\":\"2017-12-22T22:53:31+00:00\",\"dateModified\":\"2022-11-18T10:36:52+00:00\",\"description\":\"Bio-Sustain - PGPR son un grupo de bacterias que colonizan las ra\u00edces y se conocen como crecimiento vegetal. \u00a1Consulta los detalles!\",\"breadcrumb\":{\"@id\":\"http:\/\/agritek.co.nz\/spanish\/bio-sustain-pgpr\/#breadcrumb\"},\"inLanguage\":\"en-US\",\"potentialAction\":[{\"@type\":\"ReadAction\",\"target\":[\"http:\/\/agritek.co.nz\/spanish\/bio-sustain-pgpr\/\"]}]},{\"@type\":\"ImageObject\",\"inLanguage\":\"en-US\",\"@id\":\"http:\/\/agritek.co.nz\/spanish\/bio-sustain-pgpr\/#primaryimage\",\"url\":\"http:\/\/agritek.co.nz\/spanish\/wp-content\/uploads\/2017\/12\/4-1-1.jpg\",\"contentUrl\":\"http:\/\/agritek.co.nz\/spanish\/wp-content\/uploads\/2017\/12\/4-1-1.jpg\",\"width\":1920,\"height\":820,\"caption\":\"Bio-Sustain - cultivo de arroz, Bio-Sustain - PGPR\"},{\"@type\":\"BreadcrumbList\",\"@id\":\"http:\/\/agritek.co.nz\/spanish\/bio-sustain-pgpr\/#breadcrumb\",\"itemListElement\":[{\"@type\":\"ListItem\",\"position\":1,\"name\":\"Home\",\"item\":\"https:\/\/agritek.co.nz\/spanish\/\"},{\"@type\":\"ListItem\",\"position\":2,\"name\":\"Bio-Sustain &#8211; PGPR\"}]},{\"@type\":\"WebSite\",\"@id\":\"https:\/\/agritek.co.nz\/spanish\/#website\",\"url\":\"https:\/\/agritek.co.nz\/spanish\/\",\"name\":\"Agritek\",\"description\":\"Soluciones Sostenibles\",\"publisher\":{\"@id\":\"https:\/\/agritek.co.nz\/spanish\/#organization\"},\"potentialAction\":[{\"@type\":\"SearchAction\",\"target\":{\"@type\":\"EntryPoint\",\"urlTemplate\":\"https:\/\/agritek.co.nz\/spanish\/?s={search_term_string}\"},\"query-input\":{\"@type\":\"PropertyValueSpecification\",\"valueRequired\":true,\"valueName\":\"search_term_string\"}}],\"inLanguage\":\"en-US\"},{\"@type\":\"Organization\",\"@id\":\"https:\/\/agritek.co.nz\/spanish\/#organization\",\"name\":\"Agritek\",\"url\":\"https:\/\/agritek.co.nz\/spanish\/\",\"logo\":{\"@type\":\"ImageObject\",\"inLanguage\":\"en-US\",\"@id\":\"https:\/\/agritek.co.nz\/spanish\/#\/schema\/logo\/image\/\",\"url\":\"https:\/\/agritek.co.nz\/spanish\/wp-content\/uploads\/2017\/12\/logo-1.png\",\"contentUrl\":\"https:\/\/agritek.co.nz\/spanish\/wp-content\/uploads\/2017\/12\/logo-1.png\",\"width\":317,\"height\":115,\"caption\":\"Agritek\"},\"image\":{\"@id\":\"https:\/\/agritek.co.nz\/spanish\/#\/schema\/logo\/image\/\"},\"sameAs\":[\"https:\/\/www.facebook.com\/agriteknz\/\"]}]}<\/script>\n<!-- \/ Yoast SEO plugin. -->","yoast_head_json":{"title":"Bio-Sustain - PGPR - Agritek Sustainable Solutions","description":"Bio-Sustain - PGPR son un grupo de bacterias que colonizan las ra\u00edces y se conocen como crecimiento vegetal. \u00a1Consulta los detalles!","robots":{"index":"index","follow":"follow","max-snippet":"max-snippet:-1","max-image-preview":"max-image-preview:large","max-video-preview":"max-video-preview:-1"},"canonical":"http:\/\/agritek.co.nz\/spanish\/bio-sustain-pgpr\/","og_locale":"en_US","og_type":"article","og_title":"Bio-Sustain - PGPR - Agritek Sustainable Solutions","og_description":"Bio-Sustain - PGPR son un grupo de bacterias que colonizan las ra\u00edces y se conocen como crecimiento vegetal. \u00a1Consulta los detalles!","og_url":"http:\/\/agritek.co.nz\/spanish\/bio-sustain-pgpr\/","og_site_name":"Agritek","article_publisher":"https:\/\/www.facebook.com\/agriteknz\/","article_modified_time":"2022-11-18T10:36:52+00:00","og_image":[{"width":1920,"height":820,"url":"http:\/\/agritek.co.nz\/spanish\/wp-content\/uploads\/2017\/12\/4-1-1.jpg","type":"image\/jpeg"}],"twitter_card":"summary_large_image","twitter_misc":{"Est. reading time":"4 minutes"},"schema":{"@context":"https:\/\/schema.org","@graph":[{"@type":"WebPage","@id":"http:\/\/agritek.co.nz\/spanish\/bio-sustain-pgpr\/","url":"http:\/\/agritek.co.nz\/spanish\/bio-sustain-pgpr\/","name":"Bio-Sustain - PGPR - Agritek Sustainable Solutions","isPartOf":{"@id":"https:\/\/agritek.co.nz\/spanish\/#website"},"primaryImageOfPage":{"@id":"http:\/\/agritek.co.nz\/spanish\/bio-sustain-pgpr\/#primaryimage"},"image":{"@id":"http:\/\/agritek.co.nz\/spanish\/bio-sustain-pgpr\/#primaryimage"},"thumbnailUrl":"http:\/\/agritek.co.nz\/spanish\/wp-content\/uploads\/2017\/12\/4-1-1.jpg","datePublished":"2017-12-22T22:53:31+00:00","dateModified":"2022-11-18T10:36:52+00:00","description":"Bio-Sustain - PGPR son un grupo de bacterias que colonizan las ra\u00edces y se conocen como crecimiento vegetal. \u00a1Consulta los detalles!","breadcrumb":{"@id":"http:\/\/agritek.co.nz\/spanish\/bio-sustain-pgpr\/#breadcrumb"},"inLanguage":"en-US","potentialAction":[{"@type":"ReadAction","target":["http:\/\/agritek.co.nz\/spanish\/bio-sustain-pgpr\/"]}]},{"@type":"ImageObject","inLanguage":"en-US","@id":"http:\/\/agritek.co.nz\/spanish\/bio-sustain-pgpr\/#primaryimage","url":"http:\/\/agritek.co.nz\/spanish\/wp-content\/uploads\/2017\/12\/4-1-1.jpg","contentUrl":"http:\/\/agritek.co.nz\/spanish\/wp-content\/uploads\/2017\/12\/4-1-1.jpg","width":1920,"height":820,"caption":"Bio-Sustain - cultivo de arroz, Bio-Sustain - PGPR"},{"@type":"BreadcrumbList","@id":"http:\/\/agritek.co.nz\/spanish\/bio-sustain-pgpr\/#breadcrumb","itemListElement":[{"@type":"ListItem","position":1,"name":"Home","item":"https:\/\/agritek.co.nz\/spanish\/"},{"@type":"ListItem","position":2,"name":"Bio-Sustain &#8211; PGPR"}]},{"@type":"WebSite","@id":"https:\/\/agritek.co.nz\/spanish\/#website","url":"https:\/\/agritek.co.nz\/spanish\/","name":"Agritek","description":"Soluciones Sostenibles","publisher":{"@id":"https:\/\/agritek.co.nz\/spanish\/#organization"},"potentialAction":[{"@type":"SearchAction","target":{"@type":"EntryPoint","urlTemplate":"https:\/\/agritek.co.nz\/spanish\/?s={search_term_string}"},"query-input":{"@type":"PropertyValueSpecification","valueRequired":true,"valueName":"search_term_string"}}],"inLanguage":"en-US"},{"@type":"Organization","@id":"https:\/\/agritek.co.nz\/spanish\/#organization","name":"Agritek","url":"https:\/\/agritek.co.nz\/spanish\/","logo":{"@type":"ImageObject","inLanguage":"en-US","@id":"https:\/\/agritek.co.nz\/spanish\/#\/schema\/logo\/image\/","url":"https:\/\/agritek.co.nz\/spanish\/wp-content\/uploads\/2017\/12\/logo-1.png","contentUrl":"https:\/\/agritek.co.nz\/spanish\/wp-content\/uploads\/2017\/12\/logo-1.png","width":317,"height":115,"caption":"Agritek"},"image":{"@id":"https:\/\/agritek.co.nz\/spanish\/#\/schema\/logo\/image\/"},"sameAs":["https:\/\/www.facebook.com\/agriteknz\/"]}]}},"_links":{"self":[{"href":"http:\/\/agritek.co.nz\/spanish\/wp-json\/wp\/v2\/pages\/1283","targetHints":{"allow":["GET"]}}],"collection":[{"href":"http:\/\/agritek.co.nz\/spanish\/wp-json\/wp\/v2\/pages"}],"about":[{"href":"http:\/\/agritek.co.nz\/spanish\/wp-json\/wp\/v2\/types\/page"}],"author":[{"embeddable":true,"href":"http:\/\/agritek.co.nz\/spanish\/wp-json\/wp\/v2\/users\/1"}],"replies":[{"embeddable":true,"href":"http:\/\/agritek.co.nz\/spanish\/wp-json\/wp\/v2\/comments?post=1283"}],"version-history":[{"count":2,"href":"http:\/\/agritek.co.nz\/spanish\/wp-json\/wp\/v2\/pages\/1283\/revisions"}],"predecessor-version":[{"id":2328,"href":"http:\/\/agritek.co.nz\/spanish\/wp-json\/wp\/v2\/pages\/1283\/revisions\/2328"}],"wp:featuredmedia":[{"embeddable":true,"href":"http:\/\/agritek.co.nz\/spanish\/wp-json\/wp\/v2\/media\/1417"}],"wp:attachment":[{"href":"http:\/\/agritek.co.nz\/spanish\/wp-json\/wp\/v2\/media?parent=1283"}],"curies":[{"name":"wp","href":"https:\/\/api.w.org\/{rel}","templated":true}]}}