{"id":1281,"date":"2017-12-22T22:51:33","date_gmt":"2017-12-22T22:51:33","guid":{"rendered":"http:\/\/agritek.co.nz\/spanish\/?page_id=1281"},"modified":"2022-11-18T09:35:19","modified_gmt":"2022-11-18T09:35:19","slug":"bio-sustain-nitrogeno","status":"publish","type":"page","link":"http:\/\/agritek.co.nz\/spanish\/bio-sustain-nitrogeno\/","title":{"rendered":"Bio-Sustain &#8211; Nitr\u00f3geno"},"content":{"rendered":"<div id=\"destText\" class=\"textArea\">\n<div><strong>Bio-Sustain &#8211; Nitr\u00f3geno:<\/strong><\/div>\n<h5><span id=\"noHighlight_0.1506514294663831\">Papel del nitr\u00f3geno en la Biosfera<\/span><\/h5>\n<div><span id=\"noHighlight_0.8127356163810682\">El crecimiento de todos los organismos depende de la disponibilidad de nutrientes minerales, y ninguno es m\u00e1s importante que el nitr\u00f3geno, que se requiere en grandes cantidades como un componente esencial de las prote\u00ednas, los \u00e1cidos nucleicos y otros componentes celulares. Hay un suministro abundante de nitr\u00f3geno en la atm\u00f3sfera de la tierra-casi 79% en forma de gas N2. Sin embargo, N2 no est\u00e1 disponible para el uso de la mayor\u00eda de los organismos porque hay un enlace triple entre los dos \u00e1tomos de nitr\u00f3geno, haciendo la mol\u00e9cula casi inerte. Para que el nitr\u00f3geno sea utilizado para el crecimiento debe ser &#8220;fijo&#8221; (combinado) en forma de iones de amonio (NH4) o nitrato (NO3).<\/span><\/div>\n<div><\/div>\n<div><span id=\"noHighlight_0.8127356163810682\">La erosi\u00f3n de las rocas libera estos iones tan lentamente que tiene un efecto neglible sobre la disponibilidad de nitr\u00f3geno fijo. Por lo tanto, el nitr\u00f3geno es a menudo el factor limitante para el crecimiento y la producci\u00f3n de biomasa en todos los ambientes donde hay un clima adecuado y la disponibilidad de agua para mantener la vida.<\/span><\/div>\n<div><span id=\"noHighlight_0.4509654518222752\">Los microorganismos tienen un papel central en casi todos los aspectos de la disponibilidad de nitr\u00f3geno y por lo tanto para el soporte vital en la tierra:<\/span><\/div>\n<div><\/div>\n<div><span id=\"noHighlight_0.7151325077978118\">algunas bacterias pueden convertir N2 en amon\u00edaco por el proceso llamado <a href=\"https:\/\/www.nature.com\/scitable\/knowledge\/library\/biological-nitrogen-fixation-23570419\/\">fijaci\u00f3n del nitr\u00f3geno<\/a>; Estas bacterias son de libre-vida o forman asociaciones simbi\u00f3ticas con las plantas u otros organismos (e.g. termitas, protozoos)<\/span><\/div>\n<div><span id=\"noHighlight_0.13210442563632174\">otras bacterias producen transformaciones de amon\u00edaco a nitrato, y de nitrato a N2 u otros gases de nitr\u00f3geno<\/span><\/div>\n<div><span id=\"noHighlight_0.8508202574413384\">muchas bacterias y hongos degradan la materia org\u00e1nica, liberando nitr\u00f3geno fijo para su reutilizaci\u00f3n por otros organismos.<\/span><\/div>\n<div><span id=\"noHighlight_0.7740710711996607\">Todos estos procesos contribuyen al ciclo del nitr\u00f3geno. Visite <a href=\"https:\/\/agritek.co.nz\/spanish\/nuestra-tienda\/\">nuestra tienda<\/a> en l\u00ednea para productos de calidad.<\/span><\/div>\n<\/div>\n","protected":false},"excerpt":{"rendered":"<p>Bio-Sustain &#8211; Nitr\u00f3geno: Papel del nitr\u00f3geno en la Biosfera El crecimiento de todos los organismos depende de la disponibilidad de nutrientes minerales, y ninguno es m\u00e1s importante que el nitr\u00f3geno, que se requiere en grandes cantidades como un componente esencial de las prote\u00ednas, los \u00e1cidos nucleicos y otros componentes celulares. Hay un suministro abundante de [&hellip;]<\/p>\n","protected":false},"author":1,"featured_media":1995,"parent":0,"menu_order":0,"comment_status":"closed","ping_status":"closed","template":"","meta":{"_acf_changed":false,"footnotes":""},"class_list":["post-1281","page","type-page","status-publish","has-post-thumbnail","hentry"],"acf":[],"yoast_head":"<!-- This site is optimized with the Yoast SEO plugin v27.2 - https:\/\/yoast.com\/product\/yoast-seo-wordpress\/ -->\n<title>Bio-Sustain - Nitr\u00f3geno - Agritek Sustainable Solutions<\/title>\n<meta name=\"description\" content=\"Bio-Sustain - Nitr\u00f3geno es un elemento para todas las formas de vida y el nutriente m\u00e1s vital para el crecimiento y la productividad de las plantas.\" \/>\n<meta name=\"robots\" content=\"index, follow, max-snippet:-1, max-image-preview:large, max-video-preview:-1\" \/>\n<link rel=\"canonical\" href=\"https:\/\/agritek.co.nz\/spanish\/bio-sustain-nitrogeno\/\" \/>\n<meta property=\"og:locale\" content=\"en_US\" \/>\n<meta property=\"og:type\" content=\"article\" \/>\n<meta property=\"og:title\" content=\"Bio-Sustain - Nitr\u00f3geno - Agritek Sustainable Solutions\" \/>\n<meta property=\"og:description\" content=\"Bio-Sustain - Nitr\u00f3geno es un elemento para todas las formas de vida y el nutriente m\u00e1s vital para el crecimiento y la productividad de las plantas.\" \/>\n<meta property=\"og:url\" content=\"https:\/\/agritek.co.nz\/spanish\/bio-sustain-nitrogeno\/\" \/>\n<meta property=\"og:site_name\" content=\"Agritek\" \/>\n<meta property=\"article:publisher\" content=\"https:\/\/www.facebook.com\/agriteknz\/\" \/>\n<meta property=\"article:modified_time\" content=\"2022-11-18T09:35:19+00:00\" \/>\n<meta property=\"og:image\" content=\"https:\/\/agritek.co.nz\/spanish\/wp-content\/uploads\/2017\/12\/Farmer-Field-bio-Sustain-Rice-e1526269204287.jpg\" \/>\n\t<meta property=\"og:image:width\" content=\"370\" \/>\n\t<meta property=\"og:image:height\" content=\"246\" \/>\n\t<meta property=\"og:image:type\" content=\"image\/jpeg\" \/>\n<meta name=\"twitter:card\" content=\"summary_large_image\" \/>\n<meta name=\"twitter:label1\" content=\"Est. reading time\" \/>\n\t<meta name=\"twitter:data1\" content=\"2 minutes\" \/>\n<script type=\"application\/ld+json\" class=\"yoast-schema-graph\">{\"@context\":\"https:\/\/schema.org\",\"@graph\":[{\"@type\":\"WebPage\",\"@id\":\"https:\/\/agritek.co.nz\/spanish\/bio-sustain-nitrogeno\/\",\"url\":\"https:\/\/agritek.co.nz\/spanish\/bio-sustain-nitrogeno\/\",\"name\":\"Bio-Sustain - Nitr\u00f3geno - Agritek Sustainable Solutions\",\"isPartOf\":{\"@id\":\"https:\/\/agritek.co.nz\/spanish\/#website\"},\"primaryImageOfPage\":{\"@id\":\"https:\/\/agritek.co.nz\/spanish\/bio-sustain-nitrogeno\/#primaryimage\"},\"image\":{\"@id\":\"https:\/\/agritek.co.nz\/spanish\/bio-sustain-nitrogeno\/#primaryimage\"},\"thumbnailUrl\":\"http:\/\/agritek.co.nz\/spanish\/wp-content\/uploads\/2017\/12\/Farmer-Field-bio-Sustain-Rice-e1526269204287.jpg\",\"datePublished\":\"2017-12-22T22:51:33+00:00\",\"dateModified\":\"2022-11-18T09:35:19+00:00\",\"description\":\"Bio-Sustain - Nitr\u00f3geno es un elemento para todas las formas de vida y el nutriente m\u00e1s vital para el crecimiento y la productividad de las plantas.\",\"breadcrumb\":{\"@id\":\"https:\/\/agritek.co.nz\/spanish\/bio-sustain-nitrogeno\/#breadcrumb\"},\"inLanguage\":\"en-US\",\"potentialAction\":[{\"@type\":\"ReadAction\",\"target\":[\"https:\/\/agritek.co.nz\/spanish\/bio-sustain-nitrogeno\/\"]}]},{\"@type\":\"ImageObject\",\"inLanguage\":\"en-US\",\"@id\":\"https:\/\/agritek.co.nz\/spanish\/bio-sustain-nitrogeno\/#primaryimage\",\"url\":\"http:\/\/agritek.co.nz\/spanish\/wp-content\/uploads\/2017\/12\/Farmer-Field-bio-Sustain-Rice-e1526269204287.jpg\",\"contentUrl\":\"http:\/\/agritek.co.nz\/spanish\/wp-content\/uploads\/2017\/12\/Farmer-Field-bio-Sustain-Rice-e1526269204287.jpg\",\"width\":370,\"height\":246,\"caption\":\"Reguladores del crecimiento vegetal, ARROZ-GUARD, Tratamiento de aguas residuales, Beneficios Bio-Sustain, Bio-pesticidas, Bio-Sustain - Nitr\u00f3geno, Cultivo de pimientos con Bio-Sustain, Bio-Sustain - Introducci\u00f3n\"},{\"@type\":\"BreadcrumbList\",\"@id\":\"https:\/\/agritek.co.nz\/spanish\/bio-sustain-nitrogeno\/#breadcrumb\",\"itemListElement\":[{\"@type\":\"ListItem\",\"position\":1,\"name\":\"Home\",\"item\":\"https:\/\/agritek.co.nz\/spanish\/\"},{\"@type\":\"ListItem\",\"position\":2,\"name\":\"Bio-Sustain &#8211; Nitr\u00f3geno\"}]},{\"@type\":\"WebSite\",\"@id\":\"https:\/\/agritek.co.nz\/spanish\/#website\",\"url\":\"https:\/\/agritek.co.nz\/spanish\/\",\"name\":\"Agritek\",\"description\":\"Soluciones Sostenibles\",\"publisher\":{\"@id\":\"https:\/\/agritek.co.nz\/spanish\/#organization\"},\"potentialAction\":[{\"@type\":\"SearchAction\",\"target\":{\"@type\":\"EntryPoint\",\"urlTemplate\":\"https:\/\/agritek.co.nz\/spanish\/?s={search_term_string}\"},\"query-input\":{\"@type\":\"PropertyValueSpecification\",\"valueRequired\":true,\"valueName\":\"search_term_string\"}}],\"inLanguage\":\"en-US\"},{\"@type\":\"Organization\",\"@id\":\"https:\/\/agritek.co.nz\/spanish\/#organization\",\"name\":\"Agritek\",\"url\":\"https:\/\/agritek.co.nz\/spanish\/\",\"logo\":{\"@type\":\"ImageObject\",\"inLanguage\":\"en-US\",\"@id\":\"https:\/\/agritek.co.nz\/spanish\/#\/schema\/logo\/image\/\",\"url\":\"https:\/\/agritek.co.nz\/spanish\/wp-content\/uploads\/2017\/12\/logo-1.png\",\"contentUrl\":\"https:\/\/agritek.co.nz\/spanish\/wp-content\/uploads\/2017\/12\/logo-1.png\",\"width\":317,\"height\":115,\"caption\":\"Agritek\"},\"image\":{\"@id\":\"https:\/\/agritek.co.nz\/spanish\/#\/schema\/logo\/image\/\"},\"sameAs\":[\"https:\/\/www.facebook.com\/agriteknz\/\"]}]}<\/script>\n<!-- \/ Yoast SEO plugin. -->","yoast_head_json":{"title":"Bio-Sustain - Nitr\u00f3geno - Agritek Sustainable Solutions","description":"Bio-Sustain - Nitr\u00f3geno es un elemento para todas las formas de vida y el nutriente m\u00e1s vital para el crecimiento y la productividad de las plantas.","robots":{"index":"index","follow":"follow","max-snippet":"max-snippet:-1","max-image-preview":"max-image-preview:large","max-video-preview":"max-video-preview:-1"},"canonical":"https:\/\/agritek.co.nz\/spanish\/bio-sustain-nitrogeno\/","og_locale":"en_US","og_type":"article","og_title":"Bio-Sustain - Nitr\u00f3geno - Agritek Sustainable Solutions","og_description":"Bio-Sustain - Nitr\u00f3geno es un elemento para todas las formas de vida y el nutriente m\u00e1s vital para el crecimiento y la productividad de las plantas.","og_url":"https:\/\/agritek.co.nz\/spanish\/bio-sustain-nitrogeno\/","og_site_name":"Agritek","article_publisher":"https:\/\/www.facebook.com\/agriteknz\/","article_modified_time":"2022-11-18T09:35:19+00:00","og_image":[{"width":370,"height":246,"url":"https:\/\/agritek.co.nz\/spanish\/wp-content\/uploads\/2017\/12\/Farmer-Field-bio-Sustain-Rice-e1526269204287.jpg","type":"image\/jpeg"}],"twitter_card":"summary_large_image","twitter_misc":{"Est. reading time":"2 minutes"},"schema":{"@context":"https:\/\/schema.org","@graph":[{"@type":"WebPage","@id":"https:\/\/agritek.co.nz\/spanish\/bio-sustain-nitrogeno\/","url":"https:\/\/agritek.co.nz\/spanish\/bio-sustain-nitrogeno\/","name":"Bio-Sustain - Nitr\u00f3geno - Agritek Sustainable Solutions","isPartOf":{"@id":"https:\/\/agritek.co.nz\/spanish\/#website"},"primaryImageOfPage":{"@id":"https:\/\/agritek.co.nz\/spanish\/bio-sustain-nitrogeno\/#primaryimage"},"image":{"@id":"https:\/\/agritek.co.nz\/spanish\/bio-sustain-nitrogeno\/#primaryimage"},"thumbnailUrl":"http:\/\/agritek.co.nz\/spanish\/wp-content\/uploads\/2017\/12\/Farmer-Field-bio-Sustain-Rice-e1526269204287.jpg","datePublished":"2017-12-22T22:51:33+00:00","dateModified":"2022-11-18T09:35:19+00:00","description":"Bio-Sustain - Nitr\u00f3geno es un elemento para todas las formas de vida y el nutriente m\u00e1s vital para el crecimiento y la productividad de las plantas.","breadcrumb":{"@id":"https:\/\/agritek.co.nz\/spanish\/bio-sustain-nitrogeno\/#breadcrumb"},"inLanguage":"en-US","potentialAction":[{"@type":"ReadAction","target":["https:\/\/agritek.co.nz\/spanish\/bio-sustain-nitrogeno\/"]}]},{"@type":"ImageObject","inLanguage":"en-US","@id":"https:\/\/agritek.co.nz\/spanish\/bio-sustain-nitrogeno\/#primaryimage","url":"http:\/\/agritek.co.nz\/spanish\/wp-content\/uploads\/2017\/12\/Farmer-Field-bio-Sustain-Rice-e1526269204287.jpg","contentUrl":"http:\/\/agritek.co.nz\/spanish\/wp-content\/uploads\/2017\/12\/Farmer-Field-bio-Sustain-Rice-e1526269204287.jpg","width":370,"height":246,"caption":"Reguladores del crecimiento vegetal, ARROZ-GUARD, Tratamiento de aguas residuales, Beneficios Bio-Sustain, Bio-pesticidas, Bio-Sustain - Nitr\u00f3geno, Cultivo de pimientos con Bio-Sustain, Bio-Sustain - Introducci\u00f3n"},{"@type":"BreadcrumbList","@id":"https:\/\/agritek.co.nz\/spanish\/bio-sustain-nitrogeno\/#breadcrumb","itemListElement":[{"@type":"ListItem","position":1,"name":"Home","item":"https:\/\/agritek.co.nz\/spanish\/"},{"@type":"ListItem","position":2,"name":"Bio-Sustain &#8211; Nitr\u00f3geno"}]},{"@type":"WebSite","@id":"https:\/\/agritek.co.nz\/spanish\/#website","url":"https:\/\/agritek.co.nz\/spanish\/","name":"Agritek","description":"Soluciones Sostenibles","publisher":{"@id":"https:\/\/agritek.co.nz\/spanish\/#organization"},"potentialAction":[{"@type":"SearchAction","target":{"@type":"EntryPoint","urlTemplate":"https:\/\/agritek.co.nz\/spanish\/?s={search_term_string}"},"query-input":{"@type":"PropertyValueSpecification","valueRequired":true,"valueName":"search_term_string"}}],"inLanguage":"en-US"},{"@type":"Organization","@id":"https:\/\/agritek.co.nz\/spanish\/#organization","name":"Agritek","url":"https:\/\/agritek.co.nz\/spanish\/","logo":{"@type":"ImageObject","inLanguage":"en-US","@id":"https:\/\/agritek.co.nz\/spanish\/#\/schema\/logo\/image\/","url":"https:\/\/agritek.co.nz\/spanish\/wp-content\/uploads\/2017\/12\/logo-1.png","contentUrl":"https:\/\/agritek.co.nz\/spanish\/wp-content\/uploads\/2017\/12\/logo-1.png","width":317,"height":115,"caption":"Agritek"},"image":{"@id":"https:\/\/agritek.co.nz\/spanish\/#\/schema\/logo\/image\/"},"sameAs":["https:\/\/www.facebook.com\/agriteknz\/"]}]}},"_links":{"self":[{"href":"http:\/\/agritek.co.nz\/spanish\/wp-json\/wp\/v2\/pages\/1281","targetHints":{"allow":["GET"]}}],"collection":[{"href":"http:\/\/agritek.co.nz\/spanish\/wp-json\/wp\/v2\/pages"}],"about":[{"href":"http:\/\/agritek.co.nz\/spanish\/wp-json\/wp\/v2\/types\/page"}],"author":[{"embeddable":true,"href":"http:\/\/agritek.co.nz\/spanish\/wp-json\/wp\/v2\/users\/1"}],"replies":[{"embeddable":true,"href":"http:\/\/agritek.co.nz\/spanish\/wp-json\/wp\/v2\/comments?post=1281"}],"version-history":[{"count":2,"href":"http:\/\/agritek.co.nz\/spanish\/wp-json\/wp\/v2\/pages\/1281\/revisions"}],"predecessor-version":[{"id":2326,"href":"http:\/\/agritek.co.nz\/spanish\/wp-json\/wp\/v2\/pages\/1281\/revisions\/2326"}],"wp:featuredmedia":[{"embeddable":true,"href":"http:\/\/agritek.co.nz\/spanish\/wp-json\/wp\/v2\/media\/1995"}],"wp:attachment":[{"href":"http:\/\/agritek.co.nz\/spanish\/wp-json\/wp\/v2\/media?parent=1281"}],"curies":[{"name":"wp","href":"https:\/\/api.w.org\/{rel}","templated":true}]}}