{"id":1276,"date":"2017-12-22T22:44:24","date_gmt":"2017-12-22T22:44:24","guid":{"rendered":"http:\/\/agritek.co.nz\/spanish\/?page_id=1276"},"modified":"2022-11-18T12:05:07","modified_gmt":"2022-11-18T12:05:07","slug":"bio-sustain-explicado","status":"publish","type":"page","link":"http:\/\/agritek.co.nz\/spanish\/bio-sustain-explicado\/","title":{"rendered":"Bio-Sustain Explicado"},"content":{"rendered":"<div>\n<h4>Bio-Sustain Explicado<\/h4>\n<\/div>\n<div id=\"destText\" class=\"textArea\">\n<div><span id=\"noHighlight_0.7460236490554963\">Tecnolog\u00eda insuperable;<\/span><\/div>\n<div><\/div>\n<div><span id=\"noHighlight_0.5246284174315841\">Bio-Sustain \u2122 es una enmienda org\u00e1nica biol\u00f3gica certificada del suelo que transforma el suelo empobrecido en suelo sano. Este complejo biofertilizante contiene una alta concentraci\u00f3n de microorganismos ben\u00e9ficos que se multiplican r\u00e1pidamente en el suelo. <span id=\"noHighlight_0.14139514955554866\">Estos microorganismos producen NPK y minerales para las plantas. Tambi\u00e9n produce sustancias bioactivas como vitaminas, hormonas, enzimas, antioxidantes y antibi\u00f3ticos que pueden directa o indirectamente mejorar el crecimiento y la protecci\u00f3n de las plantas. Bio-Sustain construye sistemas vitales que aumentan el valor biol\u00f3gico, org\u00e1nico y nutricional de su suelo, haciendo un ambiente de crecimiento m\u00e1s saludable para la planta.\u00a0<span id=\"noHighlight_0.23418071764806547\">Mientras que la salud biol\u00f3gica del suelo mejora, los minerales llegan a estar m\u00e1s f\u00e1cilmente disponibles a las plantas y la toma nutriente se aumenta en hasta 300%, con la utilizaci\u00f3n del nitr\u00f3geno aumentando hasta el 75%. <\/span><\/span><\/span><\/div>\n<div><\/div>\n<div><span id=\"noHighlight_0.5246284174315841\"><span id=\"noHighlight_0.14139514955554866\"><span id=\"noHighlight_0.23418071764806547\">La disipaci\u00f3n del nitr\u00f3geno (escape gaseoso) se reduce grandemente, y la lixiviaci\u00f3n (escurr y la filtraci\u00f3n en la tabla del agua) se elimina casi. Hacer que el ecosistema de suelos sea saludable alivia el estr\u00e9s en plantas de todo tipo, y les permite utilizar sus propios sistemas inmunes para evitar plagas y enfermedades depredadoras.<\/span><\/span><\/span><\/div>\n<\/div>\n<div><\/div>\n<div><span id=\"noHighlight_0.4105427421823782\">Bio-Sustain est\u00e1 hecho de esti\u00e9rcol de aves de corral org\u00e1nico compostado, compost, carbono, ingredientes naturales y una Microbiolog\u00eda especializada. <a href=\"https:\/\/agritek.co.nz\/spanish\/bio-sustain\/\">Bio-Sustain<\/a> contiene 10 cultivos complejos de bacterias y hongos ben\u00e9ficos, incluyendo; Bacilo subtilis, bacilo thuringensis &amp; Pseudomonas Fluorenscens, m\u00e1s otras culturas no especificadas de nitrificantes, solubilizando, y mineralizante bacterias y culturas espec\u00edficas de hongos beneficiosos<\/span><\/div>\n<div><\/div>\n<h4><span id=\"noHighlight_0.5533601297482575\">Bio-Sustain contiene crecimiento vegetal promoviendo rizobacterias (PGPR)<\/span><\/h4>\n<div><a href=\"https:\/\/www.frontiersin.org\/articles\/10.3389\/fpls.2018.01473\/full\">PGPR<\/a> son un grupo de bacterias que colonizan en el suelo alrededor de las ra\u00edces de una planta. Esta \u00e1rea alrededor de la zona de la ra\u00edz se refiere como el rizosfera. Los microorganismos encontrados en el rizosfera se conocen como PGPR y son capaces de producir sustancias que regulan el crecimiento y desarrollo de las plantas. Estos microbios tienen mecanismos directos que facilitan la toma de nutrientes o aumentan la disponibilidad de nutrientes mediante la fijaci\u00f3n de nitr\u00f3geno, la solubilizaci\u00f3n de nutrientes minerales, los compuestos org\u00e1nicos mineralizar y la producci\u00f3n de fitohormonas. Los mecanismos de PGPR incluyen la regulaci\u00f3n del equilibrio hormonal y nutricional, la inducci\u00f3n de la resistencia contra los pat\u00f3genos de las plantas, y la solubilizaci\u00f3n de los nutrientes para facilitar la toma de las plantas.<\/div>\n<div><\/div>\n<div>\n<div id=\"destText\" class=\"textArea\">\n<div><span id=\"noHighlight_0.7772929108279409\">Bio-Sustain contiene los 16 nutrientes y minerales traza.<\/span><\/div>\n<div><span id=\"noHighlight_0.2692781331772195\">Bio-Sustain contiene nano-nutrientes del proceso de extracci\u00f3n de esti\u00e9rcol org\u00e1nico, incluyendo;<\/span><\/div>\n<div><span id=\"noHighlight_0.3612817726447126\">Nitr\u00f3geno, f\u00f3sforo, potasio, azufre, carbono, boro, zinc, manganeso, hierro, cobre, calcio, magnesio, molibdeno, sodio, aluminio, cobalto. Esta nano-tecnolog\u00eda produce peque\u00f1as cantidades de nutrientes disponibles en plantas y oligoelementos que ya se han convertido en formas que las plantas pueden absorber. Estos nutrientes son utilizados inmediatamente por la planta sin lixiviaci\u00f3n o escurrimiento de nutrientes que se produce.<\/span><\/div>\n<\/div>\n<\/div>\n<div><\/div>\n","protected":false},"excerpt":{"rendered":"<p>Bio-Sustain Explicado Tecnolog\u00eda insuperable; Bio-Sustain \u2122 es una enmienda org\u00e1nica biol\u00f3gica certificada del suelo que transforma el suelo empobrecido en suelo sano. Este complejo biofertilizante contiene una alta concentraci\u00f3n de microorganismos ben\u00e9ficos que se multiplican r\u00e1pidamente en el suelo. Estos microorganismos producen NPK y minerales para las plantas. Tambi\u00e9n produce sustancias bioactivas como vitaminas, hormonas, [&hellip;]<\/p>\n","protected":false},"author":1,"featured_media":1457,"parent":0,"menu_order":0,"comment_status":"closed","ping_status":"closed","template":"","meta":{"_acf_changed":false,"footnotes":""},"class_list":["post-1276","page","type-page","status-publish","has-post-thumbnail","hentry"],"acf":[],"yoast_head":"<!-- This site is optimized with the Yoast SEO plugin v27.2 - https:\/\/yoast.com\/product\/yoast-seo-wordpress\/ -->\n<title>Bio-Sustain Explicado - Agritek Sustainable Solutions<\/title>\n<meta name=\"description\" content=\"Bio-Sustain Explicado: Bio-Sustain \u2122 es una enmienda org\u00e1nica biol\u00f3gica certificada del suelo que transforma el suelo empobrecido en suelo sano.\" \/>\n<meta name=\"robots\" content=\"index, follow, max-snippet:-1, max-image-preview:large, max-video-preview:-1\" \/>\n<link rel=\"canonical\" href=\"https:\/\/agritek.co.nz\/spanish\/bio-sustain-explicado\/\" \/>\n<meta property=\"og:locale\" content=\"en_US\" \/>\n<meta property=\"og:type\" content=\"article\" \/>\n<meta property=\"og:title\" content=\"Bio-Sustain Explicado - Agritek Sustainable Solutions\" \/>\n<meta property=\"og:description\" content=\"Bio-Sustain Explicado: Bio-Sustain \u2122 es una enmienda org\u00e1nica biol\u00f3gica certificada del suelo que transforma el suelo empobrecido en suelo sano.\" \/>\n<meta property=\"og:url\" content=\"https:\/\/agritek.co.nz\/spanish\/bio-sustain-explicado\/\" \/>\n<meta property=\"og:site_name\" content=\"Agritek\" \/>\n<meta property=\"article:publisher\" content=\"https:\/\/www.facebook.com\/agriteknz\/\" \/>\n<meta property=\"article:modified_time\" content=\"2022-11-18T12:05:07+00:00\" \/>\n<meta property=\"og:image\" content=\"https:\/\/agritek.co.nz\/spanish\/wp-content\/uploads\/2017\/12\/Rice_image-1024x437.png\" \/>\n\t<meta property=\"og:image:width\" content=\"1024\" \/>\n\t<meta property=\"og:image:height\" content=\"437\" \/>\n\t<meta property=\"og:image:type\" content=\"image\/png\" \/>\n<meta name=\"twitter:card\" content=\"summary_large_image\" \/>\n<meta name=\"twitter:label1\" content=\"Est. reading time\" \/>\n\t<meta name=\"twitter:data1\" content=\"2 minutes\" \/>\n<script type=\"application\/ld+json\" class=\"yoast-schema-graph\">{\"@context\":\"https:\/\/schema.org\",\"@graph\":[{\"@type\":\"WebPage\",\"@id\":\"https:\/\/agritek.co.nz\/spanish\/bio-sustain-explicado\/\",\"url\":\"https:\/\/agritek.co.nz\/spanish\/bio-sustain-explicado\/\",\"name\":\"Bio-Sustain Explicado - Agritek Sustainable Solutions\",\"isPartOf\":{\"@id\":\"https:\/\/agritek.co.nz\/spanish\/#website\"},\"primaryImageOfPage\":{\"@id\":\"https:\/\/agritek.co.nz\/spanish\/bio-sustain-explicado\/#primaryimage\"},\"image\":{\"@id\":\"https:\/\/agritek.co.nz\/spanish\/bio-sustain-explicado\/#primaryimage\"},\"thumbnailUrl\":\"http:\/\/agritek.co.nz\/spanish\/wp-content\/uploads\/2017\/12\/Rice_image.png\",\"datePublished\":\"2017-12-22T22:44:24+00:00\",\"dateModified\":\"2022-11-18T12:05:07+00:00\",\"description\":\"Bio-Sustain Explicado: Bio-Sustain \u2122 es una enmienda org\u00e1nica biol\u00f3gica certificada del suelo que transforma el suelo empobrecido en suelo sano.\",\"breadcrumb\":{\"@id\":\"https:\/\/agritek.co.nz\/spanish\/bio-sustain-explicado\/#breadcrumb\"},\"inLanguage\":\"en-US\",\"potentialAction\":[{\"@type\":\"ReadAction\",\"target\":[\"https:\/\/agritek.co.nz\/spanish\/bio-sustain-explicado\/\"]}]},{\"@type\":\"ImageObject\",\"inLanguage\":\"en-US\",\"@id\":\"https:\/\/agritek.co.nz\/spanish\/bio-sustain-explicado\/#primaryimage\",\"url\":\"http:\/\/agritek.co.nz\/spanish\/wp-content\/uploads\/2017\/12\/Rice_image.png\",\"contentUrl\":\"http:\/\/agritek.co.nz\/spanish\/wp-content\/uploads\/2017\/12\/Rice_image.png\",\"width\":1920,\"height\":820,\"caption\":\"Sobre, Cursos de Golf, Bio-Sustain Explicado\"},{\"@type\":\"BreadcrumbList\",\"@id\":\"https:\/\/agritek.co.nz\/spanish\/bio-sustain-explicado\/#breadcrumb\",\"itemListElement\":[{\"@type\":\"ListItem\",\"position\":1,\"name\":\"Home\",\"item\":\"https:\/\/agritek.co.nz\/spanish\/\"},{\"@type\":\"ListItem\",\"position\":2,\"name\":\"Bio-Sustain Explicado\"}]},{\"@type\":\"WebSite\",\"@id\":\"https:\/\/agritek.co.nz\/spanish\/#website\",\"url\":\"https:\/\/agritek.co.nz\/spanish\/\",\"name\":\"Agritek\",\"description\":\"Soluciones Sostenibles\",\"publisher\":{\"@id\":\"https:\/\/agritek.co.nz\/spanish\/#organization\"},\"potentialAction\":[{\"@type\":\"SearchAction\",\"target\":{\"@type\":\"EntryPoint\",\"urlTemplate\":\"https:\/\/agritek.co.nz\/spanish\/?s={search_term_string}\"},\"query-input\":{\"@type\":\"PropertyValueSpecification\",\"valueRequired\":true,\"valueName\":\"search_term_string\"}}],\"inLanguage\":\"en-US\"},{\"@type\":\"Organization\",\"@id\":\"https:\/\/agritek.co.nz\/spanish\/#organization\",\"name\":\"Agritek\",\"url\":\"https:\/\/agritek.co.nz\/spanish\/\",\"logo\":{\"@type\":\"ImageObject\",\"inLanguage\":\"en-US\",\"@id\":\"https:\/\/agritek.co.nz\/spanish\/#\/schema\/logo\/image\/\",\"url\":\"https:\/\/agritek.co.nz\/spanish\/wp-content\/uploads\/2017\/12\/logo-1.png\",\"contentUrl\":\"https:\/\/agritek.co.nz\/spanish\/wp-content\/uploads\/2017\/12\/logo-1.png\",\"width\":317,\"height\":115,\"caption\":\"Agritek\"},\"image\":{\"@id\":\"https:\/\/agritek.co.nz\/spanish\/#\/schema\/logo\/image\/\"},\"sameAs\":[\"https:\/\/www.facebook.com\/agriteknz\/\"]}]}<\/script>\n<!-- \/ Yoast SEO plugin. -->","yoast_head_json":{"title":"Bio-Sustain Explicado - Agritek Sustainable Solutions","description":"Bio-Sustain Explicado: Bio-Sustain \u2122 es una enmienda org\u00e1nica biol\u00f3gica certificada del suelo que transforma el suelo empobrecido en suelo sano.","robots":{"index":"index","follow":"follow","max-snippet":"max-snippet:-1","max-image-preview":"max-image-preview:large","max-video-preview":"max-video-preview:-1"},"canonical":"https:\/\/agritek.co.nz\/spanish\/bio-sustain-explicado\/","og_locale":"en_US","og_type":"article","og_title":"Bio-Sustain Explicado - Agritek Sustainable Solutions","og_description":"Bio-Sustain Explicado: Bio-Sustain \u2122 es una enmienda org\u00e1nica biol\u00f3gica certificada del suelo que transforma el suelo empobrecido en suelo sano.","og_url":"https:\/\/agritek.co.nz\/spanish\/bio-sustain-explicado\/","og_site_name":"Agritek","article_publisher":"https:\/\/www.facebook.com\/agriteknz\/","article_modified_time":"2022-11-18T12:05:07+00:00","og_image":[{"width":1024,"height":437,"url":"https:\/\/agritek.co.nz\/spanish\/wp-content\/uploads\/2017\/12\/Rice_image-1024x437.png","type":"image\/png"}],"twitter_card":"summary_large_image","twitter_misc":{"Est. reading time":"2 minutes"},"schema":{"@context":"https:\/\/schema.org","@graph":[{"@type":"WebPage","@id":"https:\/\/agritek.co.nz\/spanish\/bio-sustain-explicado\/","url":"https:\/\/agritek.co.nz\/spanish\/bio-sustain-explicado\/","name":"Bio-Sustain Explicado - Agritek Sustainable Solutions","isPartOf":{"@id":"https:\/\/agritek.co.nz\/spanish\/#website"},"primaryImageOfPage":{"@id":"https:\/\/agritek.co.nz\/spanish\/bio-sustain-explicado\/#primaryimage"},"image":{"@id":"https:\/\/agritek.co.nz\/spanish\/bio-sustain-explicado\/#primaryimage"},"thumbnailUrl":"http:\/\/agritek.co.nz\/spanish\/wp-content\/uploads\/2017\/12\/Rice_image.png","datePublished":"2017-12-22T22:44:24+00:00","dateModified":"2022-11-18T12:05:07+00:00","description":"Bio-Sustain Explicado: Bio-Sustain \u2122 es una enmienda org\u00e1nica biol\u00f3gica certificada del suelo que transforma el suelo empobrecido en suelo sano.","breadcrumb":{"@id":"https:\/\/agritek.co.nz\/spanish\/bio-sustain-explicado\/#breadcrumb"},"inLanguage":"en-US","potentialAction":[{"@type":"ReadAction","target":["https:\/\/agritek.co.nz\/spanish\/bio-sustain-explicado\/"]}]},{"@type":"ImageObject","inLanguage":"en-US","@id":"https:\/\/agritek.co.nz\/spanish\/bio-sustain-explicado\/#primaryimage","url":"http:\/\/agritek.co.nz\/spanish\/wp-content\/uploads\/2017\/12\/Rice_image.png","contentUrl":"http:\/\/agritek.co.nz\/spanish\/wp-content\/uploads\/2017\/12\/Rice_image.png","width":1920,"height":820,"caption":"Sobre, Cursos de Golf, Bio-Sustain Explicado"},{"@type":"BreadcrumbList","@id":"https:\/\/agritek.co.nz\/spanish\/bio-sustain-explicado\/#breadcrumb","itemListElement":[{"@type":"ListItem","position":1,"name":"Home","item":"https:\/\/agritek.co.nz\/spanish\/"},{"@type":"ListItem","position":2,"name":"Bio-Sustain Explicado"}]},{"@type":"WebSite","@id":"https:\/\/agritek.co.nz\/spanish\/#website","url":"https:\/\/agritek.co.nz\/spanish\/","name":"Agritek","description":"Soluciones Sostenibles","publisher":{"@id":"https:\/\/agritek.co.nz\/spanish\/#organization"},"potentialAction":[{"@type":"SearchAction","target":{"@type":"EntryPoint","urlTemplate":"https:\/\/agritek.co.nz\/spanish\/?s={search_term_string}"},"query-input":{"@type":"PropertyValueSpecification","valueRequired":true,"valueName":"search_term_string"}}],"inLanguage":"en-US"},{"@type":"Organization","@id":"https:\/\/agritek.co.nz\/spanish\/#organization","name":"Agritek","url":"https:\/\/agritek.co.nz\/spanish\/","logo":{"@type":"ImageObject","inLanguage":"en-US","@id":"https:\/\/agritek.co.nz\/spanish\/#\/schema\/logo\/image\/","url":"https:\/\/agritek.co.nz\/spanish\/wp-content\/uploads\/2017\/12\/logo-1.png","contentUrl":"https:\/\/agritek.co.nz\/spanish\/wp-content\/uploads\/2017\/12\/logo-1.png","width":317,"height":115,"caption":"Agritek"},"image":{"@id":"https:\/\/agritek.co.nz\/spanish\/#\/schema\/logo\/image\/"},"sameAs":["https:\/\/www.facebook.com\/agriteknz\/"]}]}},"_links":{"self":[{"href":"http:\/\/agritek.co.nz\/spanish\/wp-json\/wp\/v2\/pages\/1276","targetHints":{"allow":["GET"]}}],"collection":[{"href":"http:\/\/agritek.co.nz\/spanish\/wp-json\/wp\/v2\/pages"}],"about":[{"href":"http:\/\/agritek.co.nz\/spanish\/wp-json\/wp\/v2\/types\/page"}],"author":[{"embeddable":true,"href":"http:\/\/agritek.co.nz\/spanish\/wp-json\/wp\/v2\/users\/1"}],"replies":[{"embeddable":true,"href":"http:\/\/agritek.co.nz\/spanish\/wp-json\/wp\/v2\/comments?post=1276"}],"version-history":[{"count":2,"href":"http:\/\/agritek.co.nz\/spanish\/wp-json\/wp\/v2\/pages\/1276\/revisions"}],"predecessor-version":[{"id":2338,"href":"http:\/\/agritek.co.nz\/spanish\/wp-json\/wp\/v2\/pages\/1276\/revisions\/2338"}],"wp:featuredmedia":[{"embeddable":true,"href":"http:\/\/agritek.co.nz\/spanish\/wp-json\/wp\/v2\/media\/1457"}],"wp:attachment":[{"href":"http:\/\/agritek.co.nz\/spanish\/wp-json\/wp\/v2\/media?parent=1276"}],"curies":[{"name":"wp","href":"https:\/\/api.w.org\/{rel}","templated":true}]}}