{"id":1206,"date":"2015-04-24T12:06:15","date_gmt":"2015-04-24T12:06:15","guid":{"rendered":"http:\/\/agritek.co.nz\/\/?page_id=7"},"modified":"2022-11-18T06:23:38","modified_gmt":"2022-11-18T06:23:38","slug":"tecnologia","status":"publish","type":"page","link":"http:\/\/agritek.co.nz\/spanish\/tecnologia\/","title":{"rendered":"New Technology"},"content":{"rendered":"<p>Las tensiones ambientales se est\u00e1n convirtiendo en un problema importante y la productividad est\u00e1 disminuyendo a un ritmo sin precedentes. Nuestra dependencia de los fertilizantes y plaguicidas qu\u00edmicos ha alentado el florecimiento de industrias que producen sustancias qu\u00edmicas que amenazan la vida y que no solo son peligrosas para el consumo humano sino que tambi\u00e9n pueden perturbar el equilibrio ecol\u00f3gico. Los biofertilizantes pueden ayudar a resolver el problema de alimentar a una poblaci\u00f3n mundial en aumento en un momento en que la agricultura enfrenta diversas presiones ambientales.<\/p>\n<p>Es importante darse cuenta de los aspectos \u00fatiles de los<a href=\"https:\/\/agritek.co.nz\/spanish\/nuestra-tienda\/\"> biofertilizantes<\/a> e implementar su aplicaci\u00f3n a las pr\u00e1cticas agr\u00edcolas modernas. La nueva tecnolog\u00eda desarrollada utilizando la poderosa herramienta de la biotecnolog\u00eda molecular puede mejorar las v\u00edas biol\u00f3gicas de producci\u00f3n de fitohormonas. Si se identifican y transfieren a los PGPR \u00fatiles, estas tecnolog\u00edas pueden ayudar a aliviar las tensiones ambientales. Sin embargo, la falta de conocimiento sobre protocolos mejorados de aplicaciones de biofertilizantes en el campo es una de las pocas razones por las que muchos <a href=\"http:\/\/www.secheresse.info\/spip.php?article69471\">PGPR \u00fatiles<\/a> a\u00fan est\u00e1n m\u00e1s all\u00e1 del conocimiento de los ec\u00f3logos y agricultores. Sin embargo, los avances recientes en tecnolog\u00edas relacionadas con la ciencia microbiana, las interacciones planta-pat\u00f3geno y la gen\u00f3mica ayudar\u00e1n a optimizar los protocolos requeridos.<\/p>\n<p>El \u00e9xito de la ciencia relacionada con los biofertilizantes depende de la invenci\u00f3n de estrategias innovadoras relacionadas con las funciones de los PGPR y su adecuada aplicaci\u00f3n al campo de la agricultura. El mayor desaf\u00edo en esta \u00e1rea de investigaci\u00f3n radica en el hecho de que, junto con la identificaci\u00f3n de varias cepas de PGPR y sus propiedades, es esencial diseccionar el mecanismo real de funcionamiento de los PGPR para determinar su eficacia hacia la explotaci\u00f3n en agricultura sostenible.<\/p>\n","protected":false},"excerpt":{"rendered":"<p>Las tensiones ambientales se est\u00e1n convirtiendo en un problema importante y la productividad est\u00e1 disminuyendo a un ritmo sin precedentes. Nuestra dependencia de los fertilizantes y plaguicidas qu\u00edmicos ha alentado el florecimiento de industrias que producen sustancias qu\u00edmicas que amenazan la vida y que no solo son peligrosas para el consumo humano sino que tambi\u00e9n [&hellip;]<\/p>\n","protected":false},"author":1,"featured_media":2044,"parent":0,"menu_order":0,"comment_status":"open","ping_status":"open","template":"","meta":{"_acf_changed":false,"footnotes":""},"class_list":["post-1206","page","type-page","status-publish","has-post-thumbnail","hentry"],"acf":[],"yoast_head":"<!-- This site is optimized with the Yoast SEO plugin v27.2 - https:\/\/yoast.com\/product\/yoast-seo-wordpress\/ -->\n<title>Tecnolog\u00eda - Agritek Sustainable Solutions<\/title>\n<meta name=\"description\" content=\"La nueva tecnolog\u00eda desarrollada utilizando biotecnolog\u00eda molecular puede mejorar las v\u00edas biol\u00f3gicas de producci\u00f3n de fitohormonas.\" \/>\n<meta name=\"robots\" content=\"index, follow, max-snippet:-1, max-image-preview:large, max-video-preview:-1\" \/>\n<link rel=\"canonical\" href=\"https:\/\/agritek.co.nz\/spanish\/tecnologia\/\" \/>\n<meta property=\"og:locale\" content=\"en_US\" \/>\n<meta property=\"og:type\" content=\"article\" \/>\n<meta property=\"og:title\" content=\"Tecnolog\u00eda - Agritek Sustainable Solutions\" \/>\n<meta property=\"og:description\" content=\"La nueva tecnolog\u00eda desarrollada utilizando biotecnolog\u00eda molecular puede mejorar las v\u00edas biol\u00f3gicas de producci\u00f3n de fitohormonas.\" \/>\n<meta property=\"og:url\" content=\"https:\/\/agritek.co.nz\/spanish\/tecnologia\/\" \/>\n<meta property=\"og:site_name\" content=\"Agritek\" \/>\n<meta property=\"article:publisher\" content=\"https:\/\/www.facebook.com\/agriteknz\/\" \/>\n<meta property=\"article:modified_time\" content=\"2022-11-18T06:23:38+00:00\" \/>\n<meta property=\"og:image\" content=\"https:\/\/agritek.co.nz\/spanish\/wp-content\/uploads\/2015\/04\/IMG_9514.jpg\" \/>\n\t<meta property=\"og:image:width\" content=\"1800\" \/>\n\t<meta property=\"og:image:height\" content=\"1800\" \/>\n\t<meta property=\"og:image:type\" content=\"image\/jpeg\" \/>\n<meta name=\"twitter:card\" content=\"summary_large_image\" \/>\n<meta name=\"twitter:label1\" content=\"Est. reading time\" \/>\n\t<meta name=\"twitter:data1\" content=\"2 minutes\" \/>\n<script type=\"application\/ld+json\" class=\"yoast-schema-graph\">{\"@context\":\"https:\/\/schema.org\",\"@graph\":[{\"@type\":\"WebPage\",\"@id\":\"https:\/\/agritek.co.nz\/spanish\/tecnologia\/\",\"url\":\"https:\/\/agritek.co.nz\/spanish\/tecnologia\/\",\"name\":\"Tecnolog\u00eda - Agritek Sustainable Solutions\",\"isPartOf\":{\"@id\":\"https:\/\/agritek.co.nz\/spanish\/#website\"},\"primaryImageOfPage\":{\"@id\":\"https:\/\/agritek.co.nz\/spanish\/tecnologia\/#primaryimage\"},\"image\":{\"@id\":\"https:\/\/agritek.co.nz\/spanish\/tecnologia\/#primaryimage\"},\"thumbnailUrl\":\"http:\/\/agritek.co.nz\/spanish\/wp-content\/uploads\/2015\/04\/IMG_9514.jpg\",\"datePublished\":\"2015-04-24T12:06:15+00:00\",\"dateModified\":\"2022-11-18T06:23:38+00:00\",\"description\":\"La nueva tecnolog\u00eda desarrollada utilizando biotecnolog\u00eda molecular puede mejorar las v\u00edas biol\u00f3gicas de producci\u00f3n de fitohormonas.\",\"breadcrumb\":{\"@id\":\"https:\/\/agritek.co.nz\/spanish\/tecnologia\/#breadcrumb\"},\"inLanguage\":\"en-US\",\"potentialAction\":[{\"@type\":\"ReadAction\",\"target\":[\"https:\/\/agritek.co.nz\/spanish\/tecnologia\/\"]}]},{\"@type\":\"ImageObject\",\"inLanguage\":\"en-US\",\"@id\":\"https:\/\/agritek.co.nz\/spanish\/tecnologia\/#primaryimage\",\"url\":\"http:\/\/agritek.co.nz\/spanish\/wp-content\/uploads\/2015\/04\/IMG_9514.jpg\",\"contentUrl\":\"http:\/\/agritek.co.nz\/spanish\/wp-content\/uploads\/2015\/04\/IMG_9514.jpg\",\"width\":1800,\"height\":1800,\"caption\":\"tecnolog\u00eda\"},{\"@type\":\"BreadcrumbList\",\"@id\":\"https:\/\/agritek.co.nz\/spanish\/tecnologia\/#breadcrumb\",\"itemListElement\":[{\"@type\":\"ListItem\",\"position\":1,\"name\":\"Home\",\"item\":\"https:\/\/agritek.co.nz\/spanish\/\"},{\"@type\":\"ListItem\",\"position\":2,\"name\":\"New Technology\"}]},{\"@type\":\"WebSite\",\"@id\":\"https:\/\/agritek.co.nz\/spanish\/#website\",\"url\":\"https:\/\/agritek.co.nz\/spanish\/\",\"name\":\"Agritek\",\"description\":\"Soluciones Sostenibles\",\"publisher\":{\"@id\":\"https:\/\/agritek.co.nz\/spanish\/#organization\"},\"potentialAction\":[{\"@type\":\"SearchAction\",\"target\":{\"@type\":\"EntryPoint\",\"urlTemplate\":\"https:\/\/agritek.co.nz\/spanish\/?s={search_term_string}\"},\"query-input\":{\"@type\":\"PropertyValueSpecification\",\"valueRequired\":true,\"valueName\":\"search_term_string\"}}],\"inLanguage\":\"en-US\"},{\"@type\":\"Organization\",\"@id\":\"https:\/\/agritek.co.nz\/spanish\/#organization\",\"name\":\"Agritek\",\"url\":\"https:\/\/agritek.co.nz\/spanish\/\",\"logo\":{\"@type\":\"ImageObject\",\"inLanguage\":\"en-US\",\"@id\":\"https:\/\/agritek.co.nz\/spanish\/#\/schema\/logo\/image\/\",\"url\":\"https:\/\/agritek.co.nz\/spanish\/wp-content\/uploads\/2017\/12\/logo-1.png\",\"contentUrl\":\"https:\/\/agritek.co.nz\/spanish\/wp-content\/uploads\/2017\/12\/logo-1.png\",\"width\":317,\"height\":115,\"caption\":\"Agritek\"},\"image\":{\"@id\":\"https:\/\/agritek.co.nz\/spanish\/#\/schema\/logo\/image\/\"},\"sameAs\":[\"https:\/\/www.facebook.com\/agriteknz\/\"]}]}<\/script>\n<!-- \/ Yoast SEO plugin. -->","yoast_head_json":{"title":"Tecnolog\u00eda - Agritek Sustainable Solutions","description":"La nueva tecnolog\u00eda desarrollada utilizando biotecnolog\u00eda molecular puede mejorar las v\u00edas biol\u00f3gicas de producci\u00f3n de fitohormonas.","robots":{"index":"index","follow":"follow","max-snippet":"max-snippet:-1","max-image-preview":"max-image-preview:large","max-video-preview":"max-video-preview:-1"},"canonical":"https:\/\/agritek.co.nz\/spanish\/tecnologia\/","og_locale":"en_US","og_type":"article","og_title":"Tecnolog\u00eda - Agritek Sustainable Solutions","og_description":"La nueva tecnolog\u00eda desarrollada utilizando biotecnolog\u00eda molecular puede mejorar las v\u00edas biol\u00f3gicas de producci\u00f3n de fitohormonas.","og_url":"https:\/\/agritek.co.nz\/spanish\/tecnologia\/","og_site_name":"Agritek","article_publisher":"https:\/\/www.facebook.com\/agriteknz\/","article_modified_time":"2022-11-18T06:23:38+00:00","og_image":[{"width":1800,"height":1800,"url":"https:\/\/agritek.co.nz\/spanish\/wp-content\/uploads\/2015\/04\/IMG_9514.jpg","type":"image\/jpeg"}],"twitter_card":"summary_large_image","twitter_misc":{"Est. reading time":"2 minutes"},"schema":{"@context":"https:\/\/schema.org","@graph":[{"@type":"WebPage","@id":"https:\/\/agritek.co.nz\/spanish\/tecnologia\/","url":"https:\/\/agritek.co.nz\/spanish\/tecnologia\/","name":"Tecnolog\u00eda - Agritek Sustainable Solutions","isPartOf":{"@id":"https:\/\/agritek.co.nz\/spanish\/#website"},"primaryImageOfPage":{"@id":"https:\/\/agritek.co.nz\/spanish\/tecnologia\/#primaryimage"},"image":{"@id":"https:\/\/agritek.co.nz\/spanish\/tecnologia\/#primaryimage"},"thumbnailUrl":"http:\/\/agritek.co.nz\/spanish\/wp-content\/uploads\/2015\/04\/IMG_9514.jpg","datePublished":"2015-04-24T12:06:15+00:00","dateModified":"2022-11-18T06:23:38+00:00","description":"La nueva tecnolog\u00eda desarrollada utilizando biotecnolog\u00eda molecular puede mejorar las v\u00edas biol\u00f3gicas de producci\u00f3n de fitohormonas.","breadcrumb":{"@id":"https:\/\/agritek.co.nz\/spanish\/tecnologia\/#breadcrumb"},"inLanguage":"en-US","potentialAction":[{"@type":"ReadAction","target":["https:\/\/agritek.co.nz\/spanish\/tecnologia\/"]}]},{"@type":"ImageObject","inLanguage":"en-US","@id":"https:\/\/agritek.co.nz\/spanish\/tecnologia\/#primaryimage","url":"http:\/\/agritek.co.nz\/spanish\/wp-content\/uploads\/2015\/04\/IMG_9514.jpg","contentUrl":"http:\/\/agritek.co.nz\/spanish\/wp-content\/uploads\/2015\/04\/IMG_9514.jpg","width":1800,"height":1800,"caption":"tecnolog\u00eda"},{"@type":"BreadcrumbList","@id":"https:\/\/agritek.co.nz\/spanish\/tecnologia\/#breadcrumb","itemListElement":[{"@type":"ListItem","position":1,"name":"Home","item":"https:\/\/agritek.co.nz\/spanish\/"},{"@type":"ListItem","position":2,"name":"New Technology"}]},{"@type":"WebSite","@id":"https:\/\/agritek.co.nz\/spanish\/#website","url":"https:\/\/agritek.co.nz\/spanish\/","name":"Agritek","description":"Soluciones Sostenibles","publisher":{"@id":"https:\/\/agritek.co.nz\/spanish\/#organization"},"potentialAction":[{"@type":"SearchAction","target":{"@type":"EntryPoint","urlTemplate":"https:\/\/agritek.co.nz\/spanish\/?s={search_term_string}"},"query-input":{"@type":"PropertyValueSpecification","valueRequired":true,"valueName":"search_term_string"}}],"inLanguage":"en-US"},{"@type":"Organization","@id":"https:\/\/agritek.co.nz\/spanish\/#organization","name":"Agritek","url":"https:\/\/agritek.co.nz\/spanish\/","logo":{"@type":"ImageObject","inLanguage":"en-US","@id":"https:\/\/agritek.co.nz\/spanish\/#\/schema\/logo\/image\/","url":"https:\/\/agritek.co.nz\/spanish\/wp-content\/uploads\/2017\/12\/logo-1.png","contentUrl":"https:\/\/agritek.co.nz\/spanish\/wp-content\/uploads\/2017\/12\/logo-1.png","width":317,"height":115,"caption":"Agritek"},"image":{"@id":"https:\/\/agritek.co.nz\/spanish\/#\/schema\/logo\/image\/"},"sameAs":["https:\/\/www.facebook.com\/agriteknz\/"]}]}},"_links":{"self":[{"href":"http:\/\/agritek.co.nz\/spanish\/wp-json\/wp\/v2\/pages\/1206","targetHints":{"allow":["GET"]}}],"collection":[{"href":"http:\/\/agritek.co.nz\/spanish\/wp-json\/wp\/v2\/pages"}],"about":[{"href":"http:\/\/agritek.co.nz\/spanish\/wp-json\/wp\/v2\/types\/page"}],"author":[{"embeddable":true,"href":"http:\/\/agritek.co.nz\/spanish\/wp-json\/wp\/v2\/users\/1"}],"replies":[{"embeddable":true,"href":"http:\/\/agritek.co.nz\/spanish\/wp-json\/wp\/v2\/comments?post=1206"}],"version-history":[{"count":2,"href":"http:\/\/agritek.co.nz\/spanish\/wp-json\/wp\/v2\/pages\/1206\/revisions"}],"predecessor-version":[{"id":2322,"href":"http:\/\/agritek.co.nz\/spanish\/wp-json\/wp\/v2\/pages\/1206\/revisions\/2322"}],"wp:featuredmedia":[{"embeddable":true,"href":"http:\/\/agritek.co.nz\/spanish\/wp-json\/wp\/v2\/media\/2044"}],"wp:attachment":[{"href":"http:\/\/agritek.co.nz\/spanish\/wp-json\/wp\/v2\/media?parent=1206"}],"curies":[{"name":"wp","href":"https:\/\/api.w.org\/{rel}","templated":true}]}}