{"id":1191,"date":"2017-12-17T20:33:22","date_gmt":"2017-12-17T20:33:22","guid":{"rendered":"http:\/\/www.agritek.co.nz\/?page_id=1191"},"modified":"2022-11-18T06:06:04","modified_gmt":"2022-11-18T06:06:04","slug":"sobre","status":"publish","type":"page","link":"http:\/\/agritek.co.nz\/spanish\/sobre\/","title":{"rendered":"About us"},"content":{"rendered":"<p>Agritek es una empresa de Nueva Zelanda comprometida con el desarrollo de <a href=\"https:\/\/www.argentina.gob.ar\/inase\/biotecnologia\">biotecnolog\u00eda<\/a> y productos agr\u00edcolas de calidad. Nuestra prioridad es ayudar a los agricultores y cultivadores a crear una salud \u00f3ptima del suelo que d\u00e9 como resultado suelos ricos en nutrientes, frutas, verduras, cultivos, ganado y personas m\u00e1s saludables.<\/p>\n<p>La agricultura es una de las actividades humanas que m\u00e1s contribuye al aumento de la cantidad de contaminantes qu\u00edmicos a trav\u00e9s del uso excesivo de fertilizantes y pesticidas qu\u00edmicos sint\u00e9ticos, que causan m\u00e1s da\u00f1o ambiental con riesgos potenciales para la salud humana. Un ciclo de productos qu\u00edmicos e insumos sint\u00e9ticos tiene suelos que est\u00e1n desequilibrados y carecen de vida microbiana, lo que resulta en una disminuci\u00f3n del rendimiento y la calidad de los cultivos. La salud del mundo depende de la salud del medio ambiente.<\/p>\n<p>La producci\u00f3n de alimentos es la m\u00e1s importante de todas las profesiones y los agricultores y productores necesitan apoyo y protecci\u00f3n. La agricultura debe ser m\u00e1s rentable y sostenible con la educaci\u00f3n, las estrategias y los productos de calidad necesarios para ayudar a lograr estos objetivos. La investigaci\u00f3n cient\u00edfica demuestra que las frutas y verduras cultivadas naturalmente no solo saben mejor, sino que tambi\u00e9n tienen niveles m\u00e1s altos de nutrientes. Las flores y plantas ornamentales que crecen naturalmente huelen mejor y se ven m\u00e1s saludables.<\/p>\n<p>Las decisiones que tomamos hoy impactan a las generaciones futuras y su capacidad para alimentarse y mantenerse. Una planta que est\u00e1 desequilibrada, deficiente en minerales de un suelo desequilibrado, proporciona un hu\u00e9sped en el que prosperar\u00e1n las infecciones y las enfermedades. Las plantas que viven de fertilizantes sint\u00e9ticos, en un suelo muerto, privado de microbios, no tienen defensa contra estas infecciones oportunistas.<br \/>\nLa agricultura sostenible requiere que los cultivos sean resistentes a las enfermedades, tolerantes a la sal, tolerantes a la sequ\u00eda, tolerantes al estr\u00e9s por metales pesados \u200b\u200by que tengan un mejor valor nutricional. Los microorganismos del suelo (bacterias, hongos, algas, etc.) aumentan la capacidad de absorci\u00f3n de nutrientes y la eficiencia en el uso del agua.<br \/>\nLa sostenibilidad ambiental del suelo y el agua se ve reforzada por el uso de biofertilizantes. Para obtener m\u00e1s informaci\u00f3n sobre nuestros productos y servicios, visite nuestra <a href=\"https:\/\/agritek.co.nz\/spanish\/shop\/\">Tienda<\/a>.<\/p>\n","protected":false},"excerpt":{"rendered":"<p>Agritek es una empresa de Nueva Zelanda comprometida con el desarrollo de biotecnolog\u00eda y productos agr\u00edcolas de calidad. Nuestra prioridad es ayudar a los agricultores y cultivadores a crear una salud \u00f3ptima del suelo que d\u00e9 como resultado suelos ricos en nutrientes, frutas, verduras, cultivos, ganado y personas m\u00e1s saludables. La agricultura es una de [&hellip;]<\/p>\n","protected":false},"author":1,"featured_media":1457,"parent":0,"menu_order":0,"comment_status":"closed","ping_status":"closed","template":"","meta":{"_acf_changed":false,"footnotes":""},"class_list":["post-1191","page","type-page","status-publish","has-post-thumbnail","hentry"],"acf":[],"yoast_head":"<!-- This site is optimized with the Yoast SEO plugin v27.2 - https:\/\/yoast.com\/product\/yoast-seo-wordpress\/ -->\n<title>Sobre Nosotras - Agritek Sustainable Solutions<\/title>\n<meta name=\"description\" content=\"Agritek se especializa en biotecnolog\u00eda agr\u00edcola, fertilizantes org\u00e1nicos y enmiendas del suelo. Leer m\u00e1s detalles sobre nosotras.\" \/>\n<meta name=\"robots\" content=\"index, follow, max-snippet:-1, max-image-preview:large, max-video-preview:-1\" \/>\n<link rel=\"canonical\" href=\"https:\/\/agritek.co.nz\/spanish\/sobre\/\" \/>\n<meta property=\"og:locale\" content=\"en_US\" \/>\n<meta property=\"og:type\" content=\"article\" \/>\n<meta property=\"og:title\" content=\"Sobre Nosotras - Agritek Sustainable Solutions\" \/>\n<meta property=\"og:description\" content=\"Agritek se especializa en biotecnolog\u00eda agr\u00edcola, fertilizantes org\u00e1nicos y enmiendas del suelo. Leer m\u00e1s detalles sobre nosotras.\" \/>\n<meta property=\"og:url\" content=\"https:\/\/agritek.co.nz\/spanish\/sobre\/\" \/>\n<meta property=\"og:site_name\" content=\"Agritek\" \/>\n<meta property=\"article:publisher\" content=\"https:\/\/www.facebook.com\/agriteknz\/\" \/>\n<meta property=\"article:modified_time\" content=\"2022-11-18T06:06:04+00:00\" \/>\n<meta property=\"og:image\" content=\"https:\/\/agritek.co.nz\/spanish\/wp-content\/uploads\/2017\/12\/Rice_image-1024x437.png\" \/>\n\t<meta property=\"og:image:width\" content=\"1024\" \/>\n\t<meta property=\"og:image:height\" content=\"437\" \/>\n\t<meta property=\"og:image:type\" content=\"image\/png\" \/>\n<meta name=\"twitter:card\" content=\"summary_large_image\" \/>\n<meta name=\"twitter:label1\" content=\"Est. reading time\" \/>\n\t<meta name=\"twitter:data1\" content=\"2 minutes\" \/>\n<script type=\"application\/ld+json\" class=\"yoast-schema-graph\">{\"@context\":\"https:\/\/schema.org\",\"@graph\":[{\"@type\":\"WebPage\",\"@id\":\"https:\/\/agritek.co.nz\/spanish\/sobre\/\",\"url\":\"https:\/\/agritek.co.nz\/spanish\/sobre\/\",\"name\":\"Sobre Nosotras - Agritek Sustainable Solutions\",\"isPartOf\":{\"@id\":\"https:\/\/agritek.co.nz\/spanish\/#website\"},\"primaryImageOfPage\":{\"@id\":\"https:\/\/agritek.co.nz\/spanish\/sobre\/#primaryimage\"},\"image\":{\"@id\":\"https:\/\/agritek.co.nz\/spanish\/sobre\/#primaryimage\"},\"thumbnailUrl\":\"http:\/\/agritek.co.nz\/spanish\/wp-content\/uploads\/2017\/12\/Rice_image.png\",\"datePublished\":\"2017-12-17T20:33:22+00:00\",\"dateModified\":\"2022-11-18T06:06:04+00:00\",\"description\":\"Agritek se especializa en biotecnolog\u00eda agr\u00edcola, fertilizantes org\u00e1nicos y enmiendas del suelo. Leer m\u00e1s detalles sobre nosotras.\",\"breadcrumb\":{\"@id\":\"https:\/\/agritek.co.nz\/spanish\/sobre\/#breadcrumb\"},\"inLanguage\":\"en-US\",\"potentialAction\":[{\"@type\":\"ReadAction\",\"target\":[\"https:\/\/agritek.co.nz\/spanish\/sobre\/\"]}]},{\"@type\":\"ImageObject\",\"inLanguage\":\"en-US\",\"@id\":\"https:\/\/agritek.co.nz\/spanish\/sobre\/#primaryimage\",\"url\":\"http:\/\/agritek.co.nz\/spanish\/wp-content\/uploads\/2017\/12\/Rice_image.png\",\"contentUrl\":\"http:\/\/agritek.co.nz\/spanish\/wp-content\/uploads\/2017\/12\/Rice_image.png\",\"width\":1920,\"height\":820,\"caption\":\"Sobre, Cursos de Golf, Bio-Sustain Explicado\"},{\"@type\":\"BreadcrumbList\",\"@id\":\"https:\/\/agritek.co.nz\/spanish\/sobre\/#breadcrumb\",\"itemListElement\":[{\"@type\":\"ListItem\",\"position\":1,\"name\":\"Home\",\"item\":\"https:\/\/agritek.co.nz\/spanish\/\"},{\"@type\":\"ListItem\",\"position\":2,\"name\":\"About us\"}]},{\"@type\":\"WebSite\",\"@id\":\"https:\/\/agritek.co.nz\/spanish\/#website\",\"url\":\"https:\/\/agritek.co.nz\/spanish\/\",\"name\":\"Agritek\",\"description\":\"Soluciones Sostenibles\",\"publisher\":{\"@id\":\"https:\/\/agritek.co.nz\/spanish\/#organization\"},\"potentialAction\":[{\"@type\":\"SearchAction\",\"target\":{\"@type\":\"EntryPoint\",\"urlTemplate\":\"https:\/\/agritek.co.nz\/spanish\/?s={search_term_string}\"},\"query-input\":{\"@type\":\"PropertyValueSpecification\",\"valueRequired\":true,\"valueName\":\"search_term_string\"}}],\"inLanguage\":\"en-US\"},{\"@type\":\"Organization\",\"@id\":\"https:\/\/agritek.co.nz\/spanish\/#organization\",\"name\":\"Agritek\",\"url\":\"https:\/\/agritek.co.nz\/spanish\/\",\"logo\":{\"@type\":\"ImageObject\",\"inLanguage\":\"en-US\",\"@id\":\"https:\/\/agritek.co.nz\/spanish\/#\/schema\/logo\/image\/\",\"url\":\"https:\/\/agritek.co.nz\/spanish\/wp-content\/uploads\/2017\/12\/logo-1.png\",\"contentUrl\":\"https:\/\/agritek.co.nz\/spanish\/wp-content\/uploads\/2017\/12\/logo-1.png\",\"width\":317,\"height\":115,\"caption\":\"Agritek\"},\"image\":{\"@id\":\"https:\/\/agritek.co.nz\/spanish\/#\/schema\/logo\/image\/\"},\"sameAs\":[\"https:\/\/www.facebook.com\/agriteknz\/\"]}]}<\/script>\n<!-- \/ Yoast SEO plugin. -->","yoast_head_json":{"title":"Sobre Nosotras - Agritek Sustainable Solutions","description":"Agritek se especializa en biotecnolog\u00eda agr\u00edcola, fertilizantes org\u00e1nicos y enmiendas del suelo. Leer m\u00e1s detalles sobre nosotras.","robots":{"index":"index","follow":"follow","max-snippet":"max-snippet:-1","max-image-preview":"max-image-preview:large","max-video-preview":"max-video-preview:-1"},"canonical":"https:\/\/agritek.co.nz\/spanish\/sobre\/","og_locale":"en_US","og_type":"article","og_title":"Sobre Nosotras - Agritek Sustainable Solutions","og_description":"Agritek se especializa en biotecnolog\u00eda agr\u00edcola, fertilizantes org\u00e1nicos y enmiendas del suelo. Leer m\u00e1s detalles sobre nosotras.","og_url":"https:\/\/agritek.co.nz\/spanish\/sobre\/","og_site_name":"Agritek","article_publisher":"https:\/\/www.facebook.com\/agriteknz\/","article_modified_time":"2022-11-18T06:06:04+00:00","og_image":[{"width":1024,"height":437,"url":"https:\/\/agritek.co.nz\/spanish\/wp-content\/uploads\/2017\/12\/Rice_image-1024x437.png","type":"image\/png"}],"twitter_card":"summary_large_image","twitter_misc":{"Est. reading time":"2 minutes"},"schema":{"@context":"https:\/\/schema.org","@graph":[{"@type":"WebPage","@id":"https:\/\/agritek.co.nz\/spanish\/sobre\/","url":"https:\/\/agritek.co.nz\/spanish\/sobre\/","name":"Sobre Nosotras - Agritek Sustainable Solutions","isPartOf":{"@id":"https:\/\/agritek.co.nz\/spanish\/#website"},"primaryImageOfPage":{"@id":"https:\/\/agritek.co.nz\/spanish\/sobre\/#primaryimage"},"image":{"@id":"https:\/\/agritek.co.nz\/spanish\/sobre\/#primaryimage"},"thumbnailUrl":"http:\/\/agritek.co.nz\/spanish\/wp-content\/uploads\/2017\/12\/Rice_image.png","datePublished":"2017-12-17T20:33:22+00:00","dateModified":"2022-11-18T06:06:04+00:00","description":"Agritek se especializa en biotecnolog\u00eda agr\u00edcola, fertilizantes org\u00e1nicos y enmiendas del suelo. Leer m\u00e1s detalles sobre nosotras.","breadcrumb":{"@id":"https:\/\/agritek.co.nz\/spanish\/sobre\/#breadcrumb"},"inLanguage":"en-US","potentialAction":[{"@type":"ReadAction","target":["https:\/\/agritek.co.nz\/spanish\/sobre\/"]}]},{"@type":"ImageObject","inLanguage":"en-US","@id":"https:\/\/agritek.co.nz\/spanish\/sobre\/#primaryimage","url":"http:\/\/agritek.co.nz\/spanish\/wp-content\/uploads\/2017\/12\/Rice_image.png","contentUrl":"http:\/\/agritek.co.nz\/spanish\/wp-content\/uploads\/2017\/12\/Rice_image.png","width":1920,"height":820,"caption":"Sobre, Cursos de Golf, Bio-Sustain Explicado"},{"@type":"BreadcrumbList","@id":"https:\/\/agritek.co.nz\/spanish\/sobre\/#breadcrumb","itemListElement":[{"@type":"ListItem","position":1,"name":"Home","item":"https:\/\/agritek.co.nz\/spanish\/"},{"@type":"ListItem","position":2,"name":"About us"}]},{"@type":"WebSite","@id":"https:\/\/agritek.co.nz\/spanish\/#website","url":"https:\/\/agritek.co.nz\/spanish\/","name":"Agritek","description":"Soluciones Sostenibles","publisher":{"@id":"https:\/\/agritek.co.nz\/spanish\/#organization"},"potentialAction":[{"@type":"SearchAction","target":{"@type":"EntryPoint","urlTemplate":"https:\/\/agritek.co.nz\/spanish\/?s={search_term_string}"},"query-input":{"@type":"PropertyValueSpecification","valueRequired":true,"valueName":"search_term_string"}}],"inLanguage":"en-US"},{"@type":"Organization","@id":"https:\/\/agritek.co.nz\/spanish\/#organization","name":"Agritek","url":"https:\/\/agritek.co.nz\/spanish\/","logo":{"@type":"ImageObject","inLanguage":"en-US","@id":"https:\/\/agritek.co.nz\/spanish\/#\/schema\/logo\/image\/","url":"https:\/\/agritek.co.nz\/spanish\/wp-content\/uploads\/2017\/12\/logo-1.png","contentUrl":"https:\/\/agritek.co.nz\/spanish\/wp-content\/uploads\/2017\/12\/logo-1.png","width":317,"height":115,"caption":"Agritek"},"image":{"@id":"https:\/\/agritek.co.nz\/spanish\/#\/schema\/logo\/image\/"},"sameAs":["https:\/\/www.facebook.com\/agriteknz\/"]}]}},"_links":{"self":[{"href":"http:\/\/agritek.co.nz\/spanish\/wp-json\/wp\/v2\/pages\/1191","targetHints":{"allow":["GET"]}}],"collection":[{"href":"http:\/\/agritek.co.nz\/spanish\/wp-json\/wp\/v2\/pages"}],"about":[{"href":"http:\/\/agritek.co.nz\/spanish\/wp-json\/wp\/v2\/types\/page"}],"author":[{"embeddable":true,"href":"http:\/\/agritek.co.nz\/spanish\/wp-json\/wp\/v2\/users\/1"}],"replies":[{"embeddable":true,"href":"http:\/\/agritek.co.nz\/spanish\/wp-json\/wp\/v2\/comments?post=1191"}],"version-history":[{"count":5,"href":"http:\/\/agritek.co.nz\/spanish\/wp-json\/wp\/v2\/pages\/1191\/revisions"}],"predecessor-version":[{"id":1984,"href":"http:\/\/agritek.co.nz\/spanish\/wp-json\/wp\/v2\/pages\/1191\/revisions\/1984"}],"wp:featuredmedia":[{"embeddable":true,"href":"http:\/\/agritek.co.nz\/spanish\/wp-json\/wp\/v2\/media\/1457"}],"wp:attachment":[{"href":"http:\/\/agritek.co.nz\/spanish\/wp-json\/wp\/v2\/media?parent=1191"}],"curies":[{"name":"wp","href":"https:\/\/api.w.org\/{rel}","templated":true}]}}